{"id":4305,"date":"2024-01-23T15:04:30","date_gmt":"2024-01-23T15:04:30","guid":{"rendered":"https:\/\/thetenerifechannel.com\/excursions\/ole-flamenco-show\/"},"modified":"2026-04-24T10:43:31","modified_gmt":"2026-04-24T10:43:31","slug":"ole-flamenco-show","status":"publish","type":"product","link":"https:\/\/thetenerifechannel.com\/de\/excursions\/ole-flamenco-show\/","title":{"rendered":"Ol\u00e9 &#8211; Flamenco-Show"},"content":{"rendered":"<section class=\"l-section wpb_row height_huge\"><div class=\"l-section-h i-cf\"><div class=\"g-cols vc_row via_grid cols_1 laptops-cols_inherit tablets-cols_inherit mobiles-cols_1 valign_top type_default stacking_default\"><div class=\"wpb_column vc_column_container\"><div class=\"vc_column-inner\"><div class=\"wpb_text_column\"><div class=\"wpb_wrapper\"><p><strong data-start=\"84\" data-end=\"132\">LEYENDA: A FUSION OF THE ARTS AT GF VICTORIA<\/strong><br data-start=\"132\" data-end=\"135\">Die Ol\u00e9 Flamenco Show hebt die Unterhaltung auf eine neue Ebene mit LEYENDA, einer von der Flamenco-T\u00e4nzerin Fran Chafino inszenierten und kreierten Show, die Tradition und Moderne in einem mitrei\u00dfenden Format verbindet. Es ist eine sinnliche Reise, bei der 9 T\u00e4nzer und 3 Musiker eine Explosion von Rhythmus und Emotionen entfesseln. Eine lebendige Atmosph\u00e4re mit Live-Musik umgibt das Publikum und macht es zum Teil der Geschichte.  <\/p>\n<p><strong>Gold-Ticket inbegriffen:<\/strong><\/p>\n<ul>\n<li>Eintrittskarte<\/li>\n<\/ul>\n<p><strong>Eingeschlossenes Platin-Ticket<\/strong><\/p>\n<ul>\n<li>1 Glas Wein<\/li>\n<li>1 Tapa pro Person<\/li>\n<\/ul>\n<\/div><\/div><\/div><\/div><\/div><\/div><\/section>\n","protected":false},"excerpt":{"rendered":"<p>Genie\u00dfen Sie die Authentizit\u00e4t des Flamenco mit der Ol\u00e9 Flamenco Show.<br \/>\nEin Erlebnis, das sich durch seine Licht-, Farb-, Kraft- und Charakterszene f\u00fcr die Abende im S\u00fcden Teneriffas auszeichnet<\/p>\n","protected":false},"featured_media":123245,"template":"","meta":{"_acf_changed":false,"_joinchat":[]},"product_brand":[],"product_cat":[171],"product_tag":[],"class_list":{"0":"post-4305","1":"product","2":"type-product","3":"status-publish","4":"has-post-thumbnail","6":"product_cat-abendshows-teneriffa","7":"pa_depart-from-sueden-der-insel","9":"first","10":"instock","11":"virtual","12":"sold-individually","13":"purchasable","14":"product-type-booking"},"acf":[],"_links":{"self":[{"href":"https:\/\/thetenerifechannel.com\/de\/wp-json\/wp\/v2\/product\/4305","targetHints":{"allow":["GET"]}}],"collection":[{"href":"https:\/\/thetenerifechannel.com\/de\/wp-json\/wp\/v2\/product"}],"about":[{"href":"https:\/\/thetenerifechannel.com\/de\/wp-json\/wp\/v2\/types\/product"}],"wp:featuredmedia":[{"embeddable":true,"href":"https:\/\/thetenerifechannel.com\/de\/wp-json\/wp\/v2\/media\/123245"}],"wp:attachment":[{"href":"https:\/\/thetenerifechannel.com\/de\/wp-json\/wp\/v2\/media?parent=4305"}],"wp:term":[{"taxonomy":"product_brand","embeddable":true,"href":"https:\/\/thetenerifechannel.com\/de\/wp-json\/wp\/v2\/product_brand?post=4305"},{"taxonomy":"product_cat","embeddable":true,"href":"https:\/\/thetenerifechannel.com\/de\/wp-json\/wp\/v2\/product_cat?post=4305"},{"taxonomy":"product_tag","embeddable":true,"href":"https:\/\/thetenerifechannel.com\/de\/wp-json\/wp\/v2\/product_tag?post=4305"}],"curies":[{"name":"wp","href":"https:\/\/api.w.org\/{rel}","templated":true}]}}