{"id":4328,"date":"2024-01-22T14:33:26","date_gmt":"2024-01-22T14:33:26","guid":{"rendered":"https:\/\/thetenerifechannel.com\/excursions\/jet-ski-safari-1-stunde\/"},"modified":"2026-03-09T13:55:23","modified_gmt":"2026-03-09T13:55:23","slug":"jet-ski-safari-1-stunde","status":"publish","type":"product","link":"https:\/\/thetenerifechannel.com\/de\/excursions\/jet-ski-safari-1-stunde\/","title":{"rendered":"Jet Ski Safari (1 Stunde)"},"content":{"rendered":"<p>Jetskifahren ist eine lustige und rasante Aktivit\u00e4t, die von Menschen jeden Alters und jeder K\u00f6nnensstufe ausge\u00fcbt werden kann. Egal, ob Sie Anf\u00e4nger oder erfahrener Fahrer sind, Jetski fahren auf Teneriffa ist ein berauschendes Erlebnis.<br \/>\nSie nehmen an einer gef\u00fchrten Tour teil, bei der Sie die atemberaubende Landschaft vom Wasser aus sehen und einen einzigartigen Blick auf die K\u00fcstenlinie und die umliegenden Berge werfen k\u00f6nnen. W\u00e4hlen Sie, ob Sie alleine oder im Tandem fahren und das Erlebnis teilen m\u00f6chten.<br \/>\nEine einst\u00fcndige Jetski-Safari ist die ideale M\u00f6glichkeit, eine der besten Wassersportarten voll und ganz zu erleben.  Entspannen Sie sich und \u00fcberlassen Sie es uns, alle Details zu regeln, damit Sie sich auf diesem Adrenalin-Trip keine Sorgen machen m\u00fcssen!<\/p>\n<p><strong>Eingeschlossen:<\/strong><\/p>\n<ul>\n<li>Fahrt entlang der S\u00fcdwestk\u00fcste von Teneriffa<\/li>\n<li>Treffpunkt am Strand, der Ihrer Unterkunft am n\u00e4chsten liegt.<\/li>\n<li>Elektronisches Ticket.<\/li>\n<li>Schwimmweste (obligatorisch)<\/li>\n<li>Fachkundiger F\u00fchrer<\/li>\n<\/ul>\n<p><strong>Nicht enthalten:<\/strong><\/p>\n<ul>\n<li>Transport<\/li>\n<li>Foto-Souvenir<\/li>\n<\/ul>\n<p><strong>Bitte kontaktieren Sie uns bei der Buchung, um die Verf\u00fcgbarkeit zu pr\u00fcfen.<\/strong><\/p>\n<p>*Mindestalter Passagier: 10 Jahre<br \/>\n*Einzel-Jetski: Mindestalter: 16 Jahre (Genehmigung der Eltern erforderlich)<br \/>\n*Doppel-Jetski: Mindestalter 18 Jahre<br \/>\n*Gewichtsbeschr\u00e4nkung Doppel-Jetski: 150-170 kg.<\/p>\n<p>&nbsp;<\/p>\n","protected":false},"excerpt":{"rendered":"<p>Reiten Sie auf den Wellen bei dieser 1-st\u00fcndigen, gef\u00fchrten Jet-Ski-Tour, bei der Sie die atemberaubende Landschaft vom Wasser aus sehen und einen einzigartigen Blick auf die K\u00fcste und die umliegenden Berge werfen k\u00f6nnen.<\/p>\n","protected":false},"featured_media":3932,"template":"","meta":{"_acf_changed":false,"_joinchat":[]},"product_brand":[],"product_cat":[167],"product_tag":[],"class_list":{"0":"post-4328","1":"product","2":"type-product","3":"status-publish","4":"has-post-thumbnail","6":"product_cat-wassersport-teneriffa","7":"pa_depart-from-sueden-der-insel","9":"first","10":"instock","11":"virtual","12":"sold-individually","13":"purchasable","14":"product-type-booking"},"acf":[],"_links":{"self":[{"href":"https:\/\/thetenerifechannel.com\/de\/wp-json\/wp\/v2\/product\/4328","targetHints":{"allow":["GET"]}}],"collection":[{"href":"https:\/\/thetenerifechannel.com\/de\/wp-json\/wp\/v2\/product"}],"about":[{"href":"https:\/\/thetenerifechannel.com\/de\/wp-json\/wp\/v2\/types\/product"}],"wp:featuredmedia":[{"embeddable":true,"href":"https:\/\/thetenerifechannel.com\/de\/wp-json\/wp\/v2\/media\/3932"}],"wp:attachment":[{"href":"https:\/\/thetenerifechannel.com\/de\/wp-json\/wp\/v2\/media?parent=4328"}],"wp:term":[{"taxonomy":"product_brand","embeddable":true,"href":"https:\/\/thetenerifechannel.com\/de\/wp-json\/wp\/v2\/product_brand?post=4328"},{"taxonomy":"product_cat","embeddable":true,"href":"https:\/\/thetenerifechannel.com\/de\/wp-json\/wp\/v2\/product_cat?post=4328"},{"taxonomy":"product_tag","embeddable":true,"href":"https:\/\/thetenerifechannel.com\/de\/wp-json\/wp\/v2\/product_tag?post=4328"}],"curies":[{"name":"wp","href":"https:\/\/api.w.org\/{rel}","templated":true}]}}