{"id":4407,"date":"2024-01-25T18:54:47","date_gmt":"2024-01-25T18:54:47","guid":{"rendered":"https:\/\/thetenerifechannel.com\/excursions\/insel-tour-teide-masca-garachico-icod-2\/"},"modified":"2026-03-09T13:54:38","modified_gmt":"2026-03-09T13:54:38","slug":"insel-tour-teide-masca-garachico-icod-2","status":"publish","type":"product","link":"https:\/\/thetenerifechannel.com\/de\/excursions\/insel-tour-teide-masca-garachico-icod-2\/","title":{"rendered":"Inselrundfahrt: Teide &#8211; Masca &#8211; Garachico (von S\u00fcden)"},"content":{"rendered":"<div class=\"flex-shrink-0 flex flex-col relative items-end\">\n<div>\n<div class=\"pt-0.5\">\n<div class=\"gizmo-shadow-stroke flex h-6 w-6 items-center justify-center overflow-hidden rounded-full\">Begeben Sie sich auf eine malerische Reise durch die sch\u00f6nsten Orte Teneriffas.<\/div>\n<\/div>\n<\/div>\n<\/div>\n<div class=\"relative flex w-full flex-col lg:w-[calc(100%-115px)] agent-turn\">\n<div class=\"flex-col gap-1 md:gap-3\">\n<div class=\"flex flex-grow flex-col max-w-full\">\n<div class=\"min-h-[20px] text-message flex flex-col items-start gap-3 whitespace-pre-wrap break-words [.text-message+&amp;]:mt-5 overflow-x-auto\" data-message-author-role=\"assistant\" data-message-id=\"1b594d4d-875f-4ede-8698-e67da448c8b8\">\n<div class=\"markdown prose w-full break-words dark:prose-invert light\">\n<p>Von S\u00fcden kommend fahren wir zun\u00e4chst zum Teide-Nationalpark, wo wir in der charmanten Stadt Vilaflor einen kurzen Halt einlegen. Wenn wir den Park erreichen, der seit 2007 zum UNESCO-Weltnaturerbe geh\u00f6rt, werden Sie von Spaniens h\u00f6chstem Berg El Teide und einer der beeindruckendsten Vulkanlandschaften der Welt begr\u00fc\u00dft. Dies ist ein wahres Naturschauspiel im Herzen der Kanarischen Inseln.<\/p>\n<\/div>\n<p>Unsere Tour f\u00fchrt uns weiter nach Icod de los Vinos, der Heimat des legend\u00e4ren alten Drachenbaums. Danach erkunden wir die malerischen Stra\u00dfen von Garachico, wo Sie die gut erhaltene Altstadt erkunden k\u00f6nnen.<br \/>\nDie Fahrt f\u00fchrt uns dann in das malerische Dorf Masca, das im Teno Rural Park liegt, wo Sie etwas Freizeit haben, um die sch\u00f6ne Aussicht zu genie\u00dfen.<\/p>\n<p>Zum Abschluss dieses unvergesslichen Ausflugs machen wir uns auf den R\u00fcckweg zu den Hotels.<\/p>\n<p><strong>Eingeschlossen:<\/strong><\/p>\n<\/div>\n<\/div>\n<\/div>\n<\/div>\n<ul>\n<li>Klimatisierter Bus mit Ermessensspielraum<\/li>\n<li>Offizieller Leitfaden<\/li>\n<\/ul>\n<p><strong>Nicht enthalten:<\/strong><\/p>\n<ul>\n<li>Mittagessen<\/li>\n<\/ul>\n","protected":false},"excerpt":{"rendered":"<p>Erkunden Sie die sch\u00f6nsten Orte Teneriffas auf dieser Inselrundfahrt, die Sie nach Masca, Garachico, zum Teide und seinem wundersch\u00f6nen Nationalpark sowie nach Icod de los Vinos f\u00fchrt und im S\u00fcden Teneriffas beginnt.<\/p>\n","protected":false},"featured_media":4137,"template":"","meta":{"_acf_changed":false,"_joinchat":[]},"product_brand":[],"product_cat":[149,147],"product_tag":[],"class_list":{"0":"post-4407","1":"product","2":"type-product","3":"status-publish","4":"has-post-thumbnail","6":"product_cat-insel-bustouren-teneriffa","7":"product_cat-teide-teneriffa","8":"pa_depart-from-sueden-der-insel","10":"first","11":"instock","12":"virtual","13":"sold-individually","14":"purchasable","15":"product-type-booking"},"acf":[],"_links":{"self":[{"href":"https:\/\/thetenerifechannel.com\/de\/wp-json\/wp\/v2\/product\/4407","targetHints":{"allow":["GET"]}}],"collection":[{"href":"https:\/\/thetenerifechannel.com\/de\/wp-json\/wp\/v2\/product"}],"about":[{"href":"https:\/\/thetenerifechannel.com\/de\/wp-json\/wp\/v2\/types\/product"}],"wp:featuredmedia":[{"embeddable":true,"href":"https:\/\/thetenerifechannel.com\/de\/wp-json\/wp\/v2\/media\/4137"}],"wp:attachment":[{"href":"https:\/\/thetenerifechannel.com\/de\/wp-json\/wp\/v2\/media?parent=4407"}],"wp:term":[{"taxonomy":"product_brand","embeddable":true,"href":"https:\/\/thetenerifechannel.com\/de\/wp-json\/wp\/v2\/product_brand?post=4407"},{"taxonomy":"product_cat","embeddable":true,"href":"https:\/\/thetenerifechannel.com\/de\/wp-json\/wp\/v2\/product_cat?post=4407"},{"taxonomy":"product_tag","embeddable":true,"href":"https:\/\/thetenerifechannel.com\/de\/wp-json\/wp\/v2\/product_tag?post=4407"}],"curies":[{"name":"wp","href":"https:\/\/api.w.org\/{rel}","templated":true}]}}