{"id":4456,"date":"2024-01-26T17:25:27","date_gmt":"2024-01-26T17:25:27","guid":{"rendered":"https:\/\/thetenerifechannel.com\/excursions\/teide-tour-seilbahnticket\/"},"modified":"2026-03-09T13:53:44","modified_gmt":"2026-03-09T13:53:44","slug":"teide-tour-seilbahnticket","status":"publish","type":"product","link":"https:\/\/thetenerifechannel.com\/de\/excursions\/teide-tour-seilbahnticket\/","title":{"rendered":"Teide Tour + Seilbahnticket"},"content":{"rendered":"<p class=\"p1\">Auf dieser organisierten Teide-Tour mit Hin- und R\u00fcckfahrt mit der Seilbahn und einem digitalen Audioguide f\u00fcr die Wanderwege entdecken Sie den Teide-Nationalpark, den meistbesuchten Nationalpark Europas.<\/p>\n<p class=\"p1\">Bequem vom Bus aus und in Begleitung eines offiziellen F\u00fchrers entdecken Sie auf dem Weg zum Gipfel eine Landschaft, die Sie mit gro\u00dfen Augen staunen lassen wird. Da Teneriffa ein riesiger Berg inmitten des Ozeans ist, steigen die Stra\u00dfen an, um das Herz der Insel zu erreichen: Der Berg Teide. Auf dem Weg dorthin werden Sie verschiedene bioklimatische Ebenen durchqueren.  <\/p>\n<p class=\"p1\">Und da die Tickets f\u00fcr die Seilbahn auf den Teide bereits im Preis inbegriffen sind, brauchen Sie sich keine Sorgen zu machen, dass Sie Ihren Platz verpassen k\u00f6nnten.<\/p>\n<p class=\"p1\">Die Teide-Tour beinhaltet Tickets f\u00fcr den Auf- und Abstieg mit einem digitalen Audioguide, der Sie bis auf eine H\u00f6he von 3.555 Metern f\u00fchrt. So k\u00f6nnen Sie eine atemberaubende Aussicht auf Teneriffa und einige der Nachbarinseln genie\u00dfen und gleichzeitig eine der au\u00dfergew\u00f6hnlichsten Vulkanlandschaften der Welt sehen.<\/p>\n<p class=\"p2\"><b><i>Dauer ca. 07:00 Uhr Ungef\u00e4hr <\/i><\/b><\/p>\n<p class=\"p1\"><b>Was ist inbegriffen?<\/b><\/p>\n<ul class=\"ul1\">\n<li class=\"li1\">Elektronischer Fahrschein<\/li>\n<li class=\"li1\">Seilbahntickets + Audioguide (keine Verpflichtung zur Nutzung)<\/li>\n<li class=\"li1\">Transport<\/li>\n<li class=\"li1\">Offizieller F\u00fchrer (mehrsprachig)<\/li>\n<li class=\"li1\">Abholung im S\u00fcden der Insel (Playa de Las Americas, Los Cristianos, Costa Adeje, Callao Salvaje, Golf del Sur)<\/li>\n<\/ul>\n<p class=\"p1\"><b>Nicht enthalten:<\/b><\/p>\n<ul class=\"ul1\">\n<li class=\"li3\">Essen und\/oder Getr\u00e4nke (Sie k\u00f6nnen Ihren eigenen Imbiss mitbringen oder ihn in unserem Restaurant-Imbiss kaufen)<\/li>\n<li class=\"li4\">Zugang zum Pfad, der zum Teide-Krater f\u00fchrt (eine Genehmigung des Nationalparks ist erforderlich)<\/li>\n<li class=\"li5\">Zugang f\u00fcr Besucher mit k\u00f6rperlichen Behinderungen oder motorischen Beeintr\u00e4chtigungen<\/li>\n<\/ul>\n","protected":false},"excerpt":{"rendered":"<p>Nehmen Sie an unserer organisierten Tour zum Berg Teide teil, bei der die Hin- und R\u00fcckfahrt mit der Seilbahn und ein digitaler Audioguide f\u00fcr die Wanderwege inbegriffen sind.<br \/>\nErkunden Sie den Teide-Nationalpark, den meistbesuchten Nationalpark Europas!<\/p>\n","protected":false},"featured_media":4470,"template":"","meta":{"_acf_changed":false,"_joinchat":[]},"product_brand":[],"product_cat":[149,147],"product_tag":[],"class_list":{"0":"post-4456","1":"product","2":"type-product","3":"status-publish","4":"has-post-thumbnail","6":"product_cat-insel-bustouren-teneriffa","7":"product_cat-teide-teneriffa","8":"pa_depart-from-norden-der-insel","9":"pa_depart-from-sueden-der-insel","11":"first","12":"instock","13":"virtual","14":"sold-individually","15":"purchasable","16":"product-type-booking"},"acf":[],"_links":{"self":[{"href":"https:\/\/thetenerifechannel.com\/de\/wp-json\/wp\/v2\/product\/4456","targetHints":{"allow":["GET"]}}],"collection":[{"href":"https:\/\/thetenerifechannel.com\/de\/wp-json\/wp\/v2\/product"}],"about":[{"href":"https:\/\/thetenerifechannel.com\/de\/wp-json\/wp\/v2\/types\/product"}],"wp:featuredmedia":[{"embeddable":true,"href":"https:\/\/thetenerifechannel.com\/de\/wp-json\/wp\/v2\/media\/4470"}],"wp:attachment":[{"href":"https:\/\/thetenerifechannel.com\/de\/wp-json\/wp\/v2\/media?parent=4456"}],"wp:term":[{"taxonomy":"product_brand","embeddable":true,"href":"https:\/\/thetenerifechannel.com\/de\/wp-json\/wp\/v2\/product_brand?post=4456"},{"taxonomy":"product_cat","embeddable":true,"href":"https:\/\/thetenerifechannel.com\/de\/wp-json\/wp\/v2\/product_cat?post=4456"},{"taxonomy":"product_tag","embeddable":true,"href":"https:\/\/thetenerifechannel.com\/de\/wp-json\/wp\/v2\/product_tag?post=4456"}],"curies":[{"name":"wp","href":"https:\/\/api.w.org\/{rel}","templated":true}]}}