{"id":4581,"date":"2024-01-26T16:26:15","date_gmt":"2024-01-26T16:26:15","guid":{"rendered":"https:\/\/thetenerifechannel.com\/excursions\/la-gomera\/"},"modified":"2026-03-09T13:53:56","modified_gmt":"2026-03-09T13:53:56","slug":"la-gomera","status":"publish","type":"product","link":"https:\/\/thetenerifechannel.com\/de\/excursions\/la-gomera\/","title":{"rendered":"La Gomera"},"content":{"rendered":"<p>Dieser Ausflug beginnt im Hafen von Los Cristianos &#8211; Teneriffa, von wo aus Sie mit der F\u00e4hre nach San Sebasti\u00e1n de la Gomera, dem Hafen und der Hauptstadt der Insel, \u00fcbersetzen.<br \/>\nVon hier aus beginnen wir unseren Aufstieg zum Nationalpark Garajonay, einem wahren Paradies aus Lorbeerw\u00e4ldern, einem Naturschutzgebiet und UNESCO-Weltkulturerbe.<br \/>\nWir machen einen Halt am Aussichtspunkt Degollada de Peraza, wo Sie die Gelegenheit haben, den wundersch\u00f6nen Panoramablick zu genie\u00dfen, den die Insel bietet.<\/p>\n<p>Wir fahren weiter durch La Palmita und direkt in den Garajonay-Nationalpark, bis wir die kleinen D\u00f6rfer Las Rosas und Agulo erreichen.<br \/>\nIn diesen D\u00f6rfern haben Sie Zeit f\u00fcr ein Mittagessen in einem typischen gomerischen Restaurant, in dem es eine Live-Vorf\u00fchrung des bekannten Silbo Gomero gibt, einer einzigartigen Kommunikationsmethode. Wenn es die Zeit erlaubt, werden wir das Besucherzentrum besuchen, wo Sie die M\u00f6glichkeit haben, das Spiel der B\u00e4lle zu erleben. <\/p>\n<p>Durch das Hermigua-Tal geht es zur\u00fcck nach San Sebasti\u00e1n, wo Sie die historischen Zeugnisse der \u00dcberfahrt von Christoph Kolumbus vor seiner Abreise auf den amerikanischen Kontinent besichtigen k\u00f6nnen, darunter der Torre del Conde und die Casa de Col\u00f3n.<\/p>\n<p><strong>Enth\u00e4lt:<\/strong><\/p>\n<ul>\n<li>Transfer zum Hafen von Los Cristianos und R\u00fcckkehr zum Hotel<\/li>\n<li>Offizieller Leitfaden<\/li>\n<li>Klimatisierter Bus<\/li>\n<li>Mittagessen<\/li>\n<li>F\u00e4hrtickets<\/li>\n<\/ul>\n<p><strong>Wichtig! <\/strong>Vergessen Sie nicht, das Original Ihres Personalausweises oder Reisepasses mitzubringen.<\/p>\n","protected":false},"excerpt":{"rendered":"<div class=\"flex-shrink-0 flex flex-col relative items-end\">\n<div>\n<div class=\"pt-0.5\">\n<div class=\"gizmo-shadow-stroke flex h-6 w-6 items-center justify-center overflow-hidden rounded-full\">Besuchen Sie die wundersch\u00f6ne Insel La Gomera.<br \/>\nBegeben Sie sich auf einen faszinierenden Tagesausflug und erkunden Sie auf dieser gef\u00fchrten Tour die atemberaubenden Landschaften und die nat\u00fcrliche Sch\u00f6nheit der Insel.<\/div>\n<\/div>\n<\/div>\n<\/div>\n","protected":false},"featured_media":4592,"template":"","meta":{"_acf_changed":false,"_joinchat":[]},"product_brand":[],"product_cat":[260,149],"product_tag":[267],"class_list":{"0":"post-4581","1":"product","2":"type-product","3":"status-publish","4":"has-post-thumbnail","6":"product_cat-andere-inseln-touren","7":"product_cat-insel-bustouren-teneriffa","8":"product_tag-home-karten","9":"pa_depart-from-sueden-der-insel","11":"first","12":"instock","13":"virtual","14":"sold-individually","15":"purchasable","16":"product-type-booking"},"acf":[],"_links":{"self":[{"href":"https:\/\/thetenerifechannel.com\/de\/wp-json\/wp\/v2\/product\/4581","targetHints":{"allow":["GET"]}}],"collection":[{"href":"https:\/\/thetenerifechannel.com\/de\/wp-json\/wp\/v2\/product"}],"about":[{"href":"https:\/\/thetenerifechannel.com\/de\/wp-json\/wp\/v2\/types\/product"}],"wp:featuredmedia":[{"embeddable":true,"href":"https:\/\/thetenerifechannel.com\/de\/wp-json\/wp\/v2\/media\/4592"}],"wp:attachment":[{"href":"https:\/\/thetenerifechannel.com\/de\/wp-json\/wp\/v2\/media?parent=4581"}],"wp:term":[{"taxonomy":"product_brand","embeddable":true,"href":"https:\/\/thetenerifechannel.com\/de\/wp-json\/wp\/v2\/product_brand?post=4581"},{"taxonomy":"product_cat","embeddable":true,"href":"https:\/\/thetenerifechannel.com\/de\/wp-json\/wp\/v2\/product_cat?post=4581"},{"taxonomy":"product_tag","embeddable":true,"href":"https:\/\/thetenerifechannel.com\/de\/wp-json\/wp\/v2\/product_tag?post=4581"}],"curies":[{"name":"wp","href":"https:\/\/api.w.org\/{rel}","templated":true}]}}