{"id":4600,"date":"2024-01-25T16:56:59","date_gmt":"2024-01-25T16:56:59","guid":{"rendered":"https:\/\/thetenerifechannel.com\/excursions\/inselrundfahrt-la-laguna-taganana-santa-cruz\/"},"modified":"2026-03-09T13:55:11","modified_gmt":"2026-03-09T13:55:11","slug":"inselrundfahrt-la-laguna-taganana-santa-cruz","status":"publish","type":"product","link":"https:\/\/thetenerifechannel.com\/de\/excursions\/inselrundfahrt-la-laguna-taganana-santa-cruz\/","title":{"rendered":"Inselrundfahrt: La Laguna &#8211; Anaga &#8211; Santa Cruz (von Norden)"},"content":{"rendered":"<p>Wir beginnen unseren Ausflug im Norden Teneriffas, in der historischen Stadt La Laguna, die zum UNESCO-Weltkulturerbe geh\u00f6rt. Sie war die erste Kolonialstadt ohne Stadtmauern, so dass ihr urspr\u00fcnglicher Grundriss aus dem 15. Jahrhundert fast vollst\u00e4ndig erhalten blieb. Hier werden wir die bedeutendsten und malerischsten Pl\u00e4tze der Stadt erkunden, darunter die Plaza del Adelantado, die Kirche des Heiligen Christus von La Laguna, den Cristo-Markt, die Altstadt und den Bischofspalast.  <\/p>\n<p>Weiter geht es zum Berg Las Mercedes, vorbei an Lorbeerw\u00e4ldern, die zum Dorf Taganana f\u00fchren. Dieses Dorf bewahrt die Br\u00e4uche und die traditionelle Architektur der Insel, umrahmt von Str\u00e4nden und Felsformationen, die nur wenige Meter von der K\u00fcste entfernt aus dem Meer ragen. <\/p>\n<p>Wir fahren weiter in Richtung des Fischerviertels San Andr\u00e9s und erreichen nach \u00dcberquerung der Autobahn das Stadtzentrum von Santa Cruz de Tenerife, der Hauptstadt der Insel. Es ist eine kosmopolitische, faszinierende, fr\u00f6hliche und leuchtende Stadt. Sie haben freie Zeit, um die ber\u00fchmtesten Orte der Stadt zu erkunden, wie die Plaza de Espa\u00f1a, die Plaza de La Candelaria und die Calle Castillo.  <\/p>\n<p>Nach unserem Besuch fahren wir \u00fcber die Autobahn zur\u00fcck nach Puerto de la Cruz.<\/p>\n<p><strong>Eingeschlossen:<\/strong><\/p>\n<ul>\n<li>Klimatisierter Bus<\/li>\n<li>Offizieller Leitfaden<\/li>\n<\/ul>\n<p><strong>Nicht enthalten:<\/strong><\/p>\n<ul>\n<li>Mahlzeiten<\/li>\n<\/ul>\n","protected":false},"excerpt":{"rendered":"<p>Begleiten Sie uns auf ein wundersch\u00f6nes Inselabenteuer im Norden Teneriffas, besuchen Sie die Stadt La Laguna, die \u00fcppigen W\u00e4lder, entdecken Sie das malerische Dorf Taganana und genie\u00dfen Sie die lebhafte Atmosph\u00e4re von Santa Cruz de Tenerife.<br \/>\nDieser Ausflug verspricht eine perfekte Mischung aus Kultur, Natur und Spa\u00df!<\/p>\n","protected":false},"featured_media":4611,"template":"","meta":{"_acf_changed":false,"_joinchat":[]},"product_brand":[],"product_cat":[149],"product_tag":[],"class_list":{"0":"post-4600","1":"product","2":"type-product","3":"status-publish","4":"has-post-thumbnail","6":"product_cat-insel-bustouren-teneriffa","7":"pa_depart-from-norden-der-insel","9":"first","10":"instock","11":"virtual","12":"sold-individually","13":"purchasable","14":"product-type-booking"},"acf":[],"_links":{"self":[{"href":"https:\/\/thetenerifechannel.com\/de\/wp-json\/wp\/v2\/product\/4600","targetHints":{"allow":["GET"]}}],"collection":[{"href":"https:\/\/thetenerifechannel.com\/de\/wp-json\/wp\/v2\/product"}],"about":[{"href":"https:\/\/thetenerifechannel.com\/de\/wp-json\/wp\/v2\/types\/product"}],"wp:featuredmedia":[{"embeddable":true,"href":"https:\/\/thetenerifechannel.com\/de\/wp-json\/wp\/v2\/media\/4611"}],"wp:attachment":[{"href":"https:\/\/thetenerifechannel.com\/de\/wp-json\/wp\/v2\/media?parent=4600"}],"wp:term":[{"taxonomy":"product_brand","embeddable":true,"href":"https:\/\/thetenerifechannel.com\/de\/wp-json\/wp\/v2\/product_brand?post=4600"},{"taxonomy":"product_cat","embeddable":true,"href":"https:\/\/thetenerifechannel.com\/de\/wp-json\/wp\/v2\/product_cat?post=4600"},{"taxonomy":"product_tag","embeddable":true,"href":"https:\/\/thetenerifechannel.com\/de\/wp-json\/wp\/v2\/product_tag?post=4600"}],"curies":[{"name":"wp","href":"https:\/\/api.w.org\/{rel}","templated":true}]}}