{"id":4714,"date":"2024-01-25T17:53:26","date_gmt":"2024-01-25T17:53:26","guid":{"rendered":"https:\/\/thetenerifechannel.com\/excursions\/aqualand\/"},"modified":"2026-03-09T13:55:00","modified_gmt":"2026-03-09T13:55:00","slug":"aqualand","status":"publish","type":"product","link":"https:\/\/thetenerifechannel.com\/de\/excursions\/aqualand\/","title":{"rendered":"Aqualand"},"content":{"rendered":"<p>Aqualand ist ein bekannter Wasserpark in Costa Adeje<br \/>\nEr bietet eine Reihe von Wasserattraktionen, darunter Wasserrutschen, Wellenb\u00e4der und einen Lazy River, was ihn zu einem gro\u00dfartigen Ausflugsziel f\u00fcr die ganze Familie macht.<br \/>\nVerpassen Sie nicht die Delfinshows, die Ihren Besuch noch unterhaltsamer machen.<br \/>\nKommen Sie und genie\u00dfen Sie einen erfrischenden und unterhaltsamen Tag im Aqualand Teneriffa!<\/p>\n<p><em> <\/em><\/p>\n","protected":false},"excerpt":{"rendered":"<p>Entdecken Sie Wasserunterhaltung und Familienspa\u00df im Aqualand Teneriffa.<br \/>\nDieser Wasserpark bietet eine Reihe von Wasserattraktionen, darunter lustige Rutschen, Wellenbecken und einen Lazy River, sowie eine Delphinshow.<\/p>\n","protected":false},"featured_media":4241,"template":"","meta":{"_acf_changed":false,"_joinchat":[]},"product_brand":[],"product_cat":[155],"product_tag":[],"class_list":{"0":"post-4714","1":"product","2":"type-product","3":"status-publish","4":"has-post-thumbnail","6":"product_cat-freizeitparks-teneriffa","7":"pa_depart-from-sueden-der-insel","9":"first","10":"instock","11":"virtual","12":"sold-individually","13":"purchasable","14":"product-type-booking"},"acf":[],"_links":{"self":[{"href":"https:\/\/thetenerifechannel.com\/de\/wp-json\/wp\/v2\/product\/4714","targetHints":{"allow":["GET"]}}],"collection":[{"href":"https:\/\/thetenerifechannel.com\/de\/wp-json\/wp\/v2\/product"}],"about":[{"href":"https:\/\/thetenerifechannel.com\/de\/wp-json\/wp\/v2\/types\/product"}],"wp:featuredmedia":[{"embeddable":true,"href":"https:\/\/thetenerifechannel.com\/de\/wp-json\/wp\/v2\/media\/4241"}],"wp:attachment":[{"href":"https:\/\/thetenerifechannel.com\/de\/wp-json\/wp\/v2\/media?parent=4714"}],"wp:term":[{"taxonomy":"product_brand","embeddable":true,"href":"https:\/\/thetenerifechannel.com\/de\/wp-json\/wp\/v2\/product_brand?post=4714"},{"taxonomy":"product_cat","embeddable":true,"href":"https:\/\/thetenerifechannel.com\/de\/wp-json\/wp\/v2\/product_cat?post=4714"},{"taxonomy":"product_tag","embeddable":true,"href":"https:\/\/thetenerifechannel.com\/de\/wp-json\/wp\/v2\/product_tag?post=4714"}],"curies":[{"name":"wp","href":"https:\/\/api.w.org\/{rel}","templated":true}]}}