{"id":4748,"date":"2024-01-25T19:11:23","date_gmt":"2024-01-25T19:11:23","guid":{"rendered":"https:\/\/thetenerifechannel.com\/excursions\/inselrundfahrt-la-laguna-taganana-santa-cruz-2\/"},"modified":"2026-03-09T13:54:27","modified_gmt":"2026-03-09T13:54:27","slug":"inselrundfahrt-la-laguna-taganana-santa-cruz-2","status":"publish","type":"product","link":"https:\/\/thetenerifechannel.com\/de\/excursions\/inselrundfahrt-la-laguna-taganana-santa-cruz-2\/","title":{"rendered":"Inselrundfahrt: La Laguna &#8211; Anaga &#8211; Santa Cruz (von S\u00fcden)"},"content":{"rendered":"<p>Nehmen Sie an dieser Tour durch die sch\u00f6nen und ikonischen Orte Teneriffas teil.<br \/>\nWir beginnen den Ausflug mit einem Besuch der historischen Stadt La Laguna, die zum UNESCO-Weltkulturerbe geh\u00f6rt. Wir besuchen die wichtigsten Sehensw\u00fcrdigkeiten wie die Plaza del Adelantado, die Kirche des Heiligen Christus von La Laguna, El Mercado del Cristo, die Altstadt, den Bischofspalast und vieles mehr. <\/p>\n<p>Als N\u00e4chstes fahren wir zum Monte de Las Mercedes und steigen auf der Bailadero-Stra\u00dfe durch \u00fcppige Lorbeerw\u00e4lder hinab, die zum Anaga-Gebirge f\u00fchren. Dieses malerische Dorf bewahrt traditionelle Br\u00e4uche und Architektur, umgeben von Str\u00e4nden und hoch aufragenden Meeresklippen. <\/p>\n<p>Unsere Route f\u00fchrt uns dann in das Fischerviertel San Andr\u00e9s, gefolgt von einer Fahrt in das Herz von Santa Cruz de Tenerife, der kosmopolitischen und pulsierenden Hauptstadt der Insel. Wir werden kurz die ber\u00fchmtesten Orte der Stadt erkunden, darunter die Plaza de Espa\u00f1a, die Plaza de La Candelaria und die Calle Castillo. <\/p>\n<p>Zum Abschluss unserer Tour fahren wir \u00fcber die Autobahn Richtung S\u00fcden und beenden damit eine unvergessliche Reise durch die reiche Geschichte und Kultur Teneriffas.<\/p>\n<p><strong>Eingeschlossen:<\/strong><\/p>\n<ul>\n<li>Klimatisierter Bus<\/li>\n<li>Offizieller Leitfaden<\/li>\n<\/ul>\n<p><strong>Nicht enthalten:<\/strong><\/p>\n<ul>\n<li>Mahlzeiten<\/li>\n<\/ul>\n","protected":false},"excerpt":{"rendered":"<p>Begleiten Sie uns auf ein wundersch\u00f6nes Inselabenteuer im Norden Teneriffas, besuchen Sie die Stadt La Laguna, die \u00fcppigen W\u00e4lder, entdecken Sie das malerische Dorf Taganana und genie\u00dfen Sie die lebhafte Atmosph\u00e4re von Santa Cruz de Tenerife.<br \/>\nDieser Ausflug verspricht eine perfekte Mischung aus Kultur, Natur und Spa\u00df!<\/p>\n","protected":false},"featured_media":4611,"template":"","meta":{"_acf_changed":false,"_joinchat":[]},"product_brand":[],"product_cat":[149],"product_tag":[],"class_list":{"0":"post-4748","1":"product","2":"type-product","3":"status-publish","4":"has-post-thumbnail","6":"product_cat-insel-bustouren-teneriffa","7":"pa_depart-from-sueden-der-insel","9":"first","10":"instock","11":"virtual","12":"sold-individually","13":"purchasable","14":"product-type-booking"},"acf":[],"_links":{"self":[{"href":"https:\/\/thetenerifechannel.com\/de\/wp-json\/wp\/v2\/product\/4748","targetHints":{"allow":["GET"]}}],"collection":[{"href":"https:\/\/thetenerifechannel.com\/de\/wp-json\/wp\/v2\/product"}],"about":[{"href":"https:\/\/thetenerifechannel.com\/de\/wp-json\/wp\/v2\/types\/product"}],"wp:featuredmedia":[{"embeddable":true,"href":"https:\/\/thetenerifechannel.com\/de\/wp-json\/wp\/v2\/media\/4611"}],"wp:attachment":[{"href":"https:\/\/thetenerifechannel.com\/de\/wp-json\/wp\/v2\/media?parent=4748"}],"wp:term":[{"taxonomy":"product_brand","embeddable":true,"href":"https:\/\/thetenerifechannel.com\/de\/wp-json\/wp\/v2\/product_brand?post=4748"},{"taxonomy":"product_cat","embeddable":true,"href":"https:\/\/thetenerifechannel.com\/de\/wp-json\/wp\/v2\/product_cat?post=4748"},{"taxonomy":"product_tag","embeddable":true,"href":"https:\/\/thetenerifechannel.com\/de\/wp-json\/wp\/v2\/product_tag?post=4748"}],"curies":[{"name":"wp","href":"https:\/\/api.w.org\/{rel}","templated":true}]}}