{"id":47508,"date":"2025-04-27T15:11:52","date_gmt":"2025-04-27T15:11:52","guid":{"rendered":"https:\/\/thetenerifechannel.com\/product\/tuk-tuk-tour\/"},"modified":"2025-11-28T18:09:40","modified_gmt":"2025-11-28T18:09:40","slug":"tuk-tuk-tour","status":"publish","type":"product","link":"https:\/\/thetenerifechannel.com\/de\/excursions\/tuk-tuk-tour\/","title":{"rendered":"Tuk Tuk Tour"},"content":{"rendered":"<p class=\"\" data-start=\"158\" data-end=\"284\">Steigen Sie in ein Tuk Tuk und erkunden Sie das Beste von Teneriffas S\u00fcdk\u00fcste mit unseren gef\u00fchrten Touren. W\u00e4hlen Sie das Abenteuer, das zu Ihnen passt: <\/p>\n<ul data-start=\"286\" data-end=\"1000\">\n<li class=\"\" data-start=\"286\" data-end=\"524\">\n<p class=\"\" data-start=\"288\" data-end=\"524\"><strong data-start=\"288\" data-end=\"318\">Costa Adeje Tour (1 Stunde):<\/strong><br data-start=\"318\" data-end=\"321\">Besuchen Sie die charmanten D\u00f6rfer entlang der K\u00fcste wie La Caleta, Torviscas und Fa\u00f1ab\u00e9. Sehen Sie die besten Str\u00e4nde, Hotels und Restaurants und erfahren Sie von Ihrem Reiseleiter mehr \u00fcber die lokale Geschichte und Kultur Teneriffas. <\/p>\n<\/li>\n<li class=\"\" data-start=\"526\" data-end=\"784\">\n<p class=\"\" data-start=\"528\" data-end=\"784\"><strong data-start=\"528\" data-end=\"561\">Geheime Vulkantour (1 Stunde):<\/strong><br data-start=\"561\" data-end=\"564\">Entdecken Sie den Yachthafen Puerto Col\u00f3n und das Naturdenkmal &#8220;Caldera del Rey&#8221;. Genie\u00dfen Sie die Aussicht auf Bananenplantagen und La Gomera und erfahren Sie faszinierende Fakten \u00fcber die vulkanische Vergangenheit Teneriffas und die kanarischen Bananen. <\/p>\n<\/li>\n<li class=\"\" data-start=\"786\" data-end=\"1000\">\n<p class=\"\" data-start=\"788\" data-end=\"1000\"><strong data-start=\"788\" data-end=\"816\">Doppelte Tour (2 Stunden):<\/strong><br data-start=\"816\" data-end=\"819\">Das ultimative Erlebnis! Kombinieren Sie beide Touren in einer f\u00fcr ein komplettes Abenteuer &#8211; K\u00fcste, Berge, D\u00f6rfer und mehr. Inklusive zus\u00e4tzlicher Stopps und tieferen Einblicken in die Geheimnisse der Insel.  <\/p>\n<\/li>\n<\/ul>\n<p class=\"\" data-start=\"1002\" data-end=\"1183\">F\u00fcr ein pers\u00f6nlicheres und komfortableres Erlebnis sind auch private F\u00fchrungen m\u00f6glich, ideal f\u00fcr gr\u00f6\u00dfere G\u00e4ste, eingeschr\u00e4nkte Mobilit\u00e4t oder wenn Sie einen F\u00fchrer bevorzugen, der nur Ihre Sprache spricht.<\/p>\n","protected":false},"excerpt":{"rendered":"<p><span>Genie\u00dfen Sie eine lustige und einfache Tuk Tuk Tour entlang der K\u00fcste, durch traditionelle D\u00f6rfer und hinauf zu den Vulkanlandschaften. W\u00e4hlen Sie zwischen einer K\u00fcstenroute, einer Vulkanroute oder kombinieren Sie beides f\u00fcr das volle Erlebnis! <\/span><\/p>\n","protected":false},"featured_media":47482,"template":"","meta":{"_acf_changed":false,"_joinchat":[]},"product_brand":[],"product_cat":[149],"product_tag":[],"class_list":{"0":"post-47508","1":"product","2":"type-product","3":"status-publish","4":"has-post-thumbnail","6":"product_cat-insel-bustouren-teneriffa","8":"first","9":"instock","10":"virtual","11":"sold-individually","12":"purchasable","13":"product-type-booking"},"acf":[],"_links":{"self":[{"href":"https:\/\/thetenerifechannel.com\/de\/wp-json\/wp\/v2\/product\/47508","targetHints":{"allow":["GET"]}}],"collection":[{"href":"https:\/\/thetenerifechannel.com\/de\/wp-json\/wp\/v2\/product"}],"about":[{"href":"https:\/\/thetenerifechannel.com\/de\/wp-json\/wp\/v2\/types\/product"}],"wp:featuredmedia":[{"embeddable":true,"href":"https:\/\/thetenerifechannel.com\/de\/wp-json\/wp\/v2\/media\/47482"}],"wp:attachment":[{"href":"https:\/\/thetenerifechannel.com\/de\/wp-json\/wp\/v2\/media?parent=47508"}],"wp:term":[{"taxonomy":"product_brand","embeddable":true,"href":"https:\/\/thetenerifechannel.com\/de\/wp-json\/wp\/v2\/product_brand?post=47508"},{"taxonomy":"product_cat","embeddable":true,"href":"https:\/\/thetenerifechannel.com\/de\/wp-json\/wp\/v2\/product_cat?post=47508"},{"taxonomy":"product_tag","embeddable":true,"href":"https:\/\/thetenerifechannel.com\/de\/wp-json\/wp\/v2\/product_tag?post=47508"}],"curies":[{"name":"wp","href":"https:\/\/api.w.org\/{rel}","templated":true}]}}