{"id":4759,"date":"2024-01-26T15:57:45","date_gmt":"2024-01-26T15:57:45","guid":{"rendered":"https:\/\/thetenerifechannel.com\/excursions\/teide-halber-tag-vormittags\/"},"modified":"2026-03-09T13:54:20","modified_gmt":"2026-03-09T13:54:20","slug":"teide-halber-tag-vormittags","status":"publish","type":"product","link":"https:\/\/thetenerifechannel.com\/de\/excursions\/teide-halber-tag-vormittags\/","title":{"rendered":"Teide Tagesausflug &#8211; vom S\u00fcden aus"},"content":{"rendered":"<section class=\"l-section wpb_row height_huge\"><div class=\"l-section-h i-cf\"><div class=\"g-cols vc_row via_grid cols_1 laptops-cols_inherit tablets-cols_inherit mobiles-cols_1 valign_top type_default stacking_default\"><div class=\"wpb_column vc_column_container\"><div class=\"vc_column-inner\"><div class=\"wpb_text_column\"><div class=\"wpb_wrapper\"><p>Bei diesem 6-st\u00fcndigen Ausflug, der morgens im S\u00fcden beginnt, erkunden Sie den Teide-Nationalpark, der zum UNESCO-Weltnaturerbe geh\u00f6rt und eines der spektakul\u00e4rsten Beispiele vulkanischer Aktivit\u00e4t der Welt darstellt.<br \/>\nSein Gipfel ist mit 3.718 Metern der h\u00f6chste Spaniens.<\/p>\n<p>Im Park werden wir verschiedene Stopps einlegen, und bei Los Roques de Garc\u00eda haben wir Zeit, durch das Gebiet zu spazieren und die atemberaubende Aussicht zu genie\u00dfen. Von hier aus k\u00f6nnen wir den Pico Viejo und den majest\u00e4tischen Teide bewundern, einzigartige Bauwerke auf dem Planeten.<br \/>\nDie Hunderte von Kegeln, Lavastr\u00f6men und H\u00f6hlen bereichern seine wissenschaftliche und landschaftliche Bedeutung. Der Park beherbergt auch eine reiche Vielfalt an endemischer Fauna und Flora.  <\/p>\n<p><strong>Eingeschlossen:<\/strong><\/p>\n<ul>\n<li>Transport.<\/li>\n<li>Klimatisierter Bus.<\/li>\n<\/ul>\n<p><strong>Nicht enthalten:<\/strong><\/p>\n<ul>\n<li>Tickets f\u00fcr die Seilbahn<\/li>\n<li>Mahlzeiten\/Getr\u00e4nke.<\/li>\n<\/ul>\n<\/div><\/div><\/div><\/div><\/div><\/div><\/section>\n","protected":false},"excerpt":{"rendered":"<p>Machen Sie einen halbt\u00e4gigen Ausflug zum Teide und seinem Nationalpark, wo Sie atemberaubende Landschaften und die M\u00f6glichkeit haben, das vulkanische Terrain dieses Naturwunders zu erkunden.<\/p>\n","protected":false},"featured_media":4144,"template":"","meta":{"_acf_changed":false,"_joinchat":[]},"product_brand":[],"product_cat":[149,147],"product_tag":[],"class_list":{"0":"post-4759","1":"product","2":"type-product","3":"status-publish","4":"has-post-thumbnail","6":"product_cat-insel-bustouren-teneriffa","7":"product_cat-teide-teneriffa","8":"pa_depart-from-sueden-der-insel","10":"first","11":"instock","12":"virtual","13":"sold-individually","14":"purchasable","15":"product-type-booking"},"acf":[],"_links":{"self":[{"href":"https:\/\/thetenerifechannel.com\/de\/wp-json\/wp\/v2\/product\/4759","targetHints":{"allow":["GET"]}}],"collection":[{"href":"https:\/\/thetenerifechannel.com\/de\/wp-json\/wp\/v2\/product"}],"about":[{"href":"https:\/\/thetenerifechannel.com\/de\/wp-json\/wp\/v2\/types\/product"}],"wp:featuredmedia":[{"embeddable":true,"href":"https:\/\/thetenerifechannel.com\/de\/wp-json\/wp\/v2\/media\/4144"}],"wp:attachment":[{"href":"https:\/\/thetenerifechannel.com\/de\/wp-json\/wp\/v2\/media?parent=4759"}],"wp:term":[{"taxonomy":"product_brand","embeddable":true,"href":"https:\/\/thetenerifechannel.com\/de\/wp-json\/wp\/v2\/product_brand?post=4759"},{"taxonomy":"product_cat","embeddable":true,"href":"https:\/\/thetenerifechannel.com\/de\/wp-json\/wp\/v2\/product_cat?post=4759"},{"taxonomy":"product_tag","embeddable":true,"href":"https:\/\/thetenerifechannel.com\/de\/wp-json\/wp\/v2\/product_tag?post=4759"}],"curies":[{"name":"wp","href":"https:\/\/api.w.org\/{rel}","templated":true}]}}