{"id":48862,"date":"2025-05-01T15:44:28","date_gmt":"2025-05-01T15:44:28","guid":{"rendered":"https:\/\/thetenerifechannel.com\/product\/buggy-tour-abseits-der-strasse-weinverkostung\/"},"modified":"2025-12-01T15:08:25","modified_gmt":"2025-12-01T15:08:25","slug":"buggy-tour-abseits-der-strasse-weinverkostung","status":"publish","type":"product","link":"https:\/\/thetenerifechannel.com\/de\/excursions\/buggy-tour-abseits-der-strasse-weinverkostung\/","title":{"rendered":"Buggy-Tour abseits der Stra\u00dfe &amp; Weinverkostung"},"content":{"rendered":"<p class=\"\" data-start=\"48\" data-end=\"211\">Nehmen Sie an dieser 3-st\u00fcndigen Buggy-Tour teil und erleben Sie eine unvergessliche Fahrt! Wir holen Sie von Ihrem Hotel ab und beginnen mit einer kurzen Einweisung in die Sicherheit und das Fahren (keine Sorge, es ist super einfach).<br \/>\nIhr Abenteuer beginnt mit 15 Minuten echtem Off-Road-Spa\u00df auf einem Rundkurs voller Unebenheiten, H\u00fcgeln und Senken. Dann geht es hinauf zum Teide-Nationalpark, mit ein paar Stopps f\u00fcr Fotos und Toilettenpausen auf dem Weg. <\/p>\n<p class=\"\" data-start=\"440\" data-end=\"629\">Nachdem wir die Aussicht auf Spaniens h\u00f6chsten Gipfel genossen haben, halten wir f\u00fcr eine Verkostung von lokalem Wein, kanarischen Kartoffeln, K\u00e4se und <em data-start=\"588\" data-end=\"599\">Almogrote<\/em> (ein k\u00f6stlicher lokaler Brotaufstrich) an.<br \/>\nNach der Tour bringen wir Sie zur\u00fcck zu Ihrem Hotel &#8211; staubig, gl\u00fccklich und voller Geschichten!<\/p>\n<p><strong>INKLUSIVE:<\/strong><\/p>\n<ul>\n<li>Abholen \/ Abliefern<\/li>\n<li>Wasser<\/li>\n<li>Staubschutzbrille<\/li>\n<li><span style=\"letter-spacing: 0em;\">Warme Jacken und Handschuhe (falls erforderlich)<\/span><\/li>\n<\/ul>\n<p>*Fotos \/ Videos &amp; Bandanas k\u00f6nnen gegen Aufpreis erworben werden.<br \/>\n*Wir empfehlen Ihnen, bequeme Schuhe und Kleidung zu tragen.<br \/>\n*Ziehen Sie sich eine Jacke an, es k\u00f6nnte in den Bergen kalt werden.<br \/>\n*Vergessen Sie nicht, sich mit Sonnencreme einzucremen, denn die Sonne kann unglaublich stark sein, besonders im Sommer.<br \/>\n*Ihren F\u00fchrerschein (Fahrer unter 23 Jahren oder mit weniger als 2 Jahren Fahrpraxis m\u00fcssen eine Kaution von 250\u20ac in bar hinterlegen).<\/p>\n<p>&nbsp;<\/p>\n","protected":false},"excerpt":{"rendered":"<p><span>Erkunden Sie Teneriffa in einem Buggy mit Offroad-Spa\u00df, einer landschaftlich reizvollen Fahrt zum Teide-Nationalpark und einem leckeren lokalen Wein- und Tapas-Stopp.<\/span><\/p>\n","protected":false},"featured_media":48417,"template":"","meta":{"_acf_changed":false,"_joinchat":[]},"product_brand":[],"product_cat":[154,147],"product_tag":[],"class_list":{"0":"post-48862","1":"product","2":"type-product","3":"status-publish","4":"has-post-thumbnail","6":"product_cat-quad-fahren-auf-teneriffa","7":"product_cat-teide-teneriffa","9":"first","10":"instock","11":"virtual","12":"sold-individually","13":"purchasable","14":"product-type-booking"},"acf":[],"_links":{"self":[{"href":"https:\/\/thetenerifechannel.com\/de\/wp-json\/wp\/v2\/product\/48862","targetHints":{"allow":["GET"]}}],"collection":[{"href":"https:\/\/thetenerifechannel.com\/de\/wp-json\/wp\/v2\/product"}],"about":[{"href":"https:\/\/thetenerifechannel.com\/de\/wp-json\/wp\/v2\/types\/product"}],"wp:featuredmedia":[{"embeddable":true,"href":"https:\/\/thetenerifechannel.com\/de\/wp-json\/wp\/v2\/media\/48417"}],"wp:attachment":[{"href":"https:\/\/thetenerifechannel.com\/de\/wp-json\/wp\/v2\/media?parent=48862"}],"wp:term":[{"taxonomy":"product_brand","embeddable":true,"href":"https:\/\/thetenerifechannel.com\/de\/wp-json\/wp\/v2\/product_brand?post=48862"},{"taxonomy":"product_cat","embeddable":true,"href":"https:\/\/thetenerifechannel.com\/de\/wp-json\/wp\/v2\/product_cat?post=48862"},{"taxonomy":"product_tag","embeddable":true,"href":"https:\/\/thetenerifechannel.com\/de\/wp-json\/wp\/v2\/product_tag?post=48862"}],"curies":[{"name":"wp","href":"https:\/\/api.w.org\/{rel}","templated":true}]}}