{"id":48870,"date":"2025-05-01T16:08:03","date_gmt":"2025-05-01T16:08:03","guid":{"rendered":"https:\/\/thetenerifechannel.com\/product\/karting\/"},"modified":"2026-03-09T13:56:12","modified_gmt":"2026-03-09T13:56:12","slug":"karting","status":"publish","type":"product","link":"https:\/\/thetenerifechannel.com\/de\/excursions\/karting\/","title":{"rendered":"Karting"},"content":{"rendered":"<p><span>Genie\u00dfen Sie den Nervenkitzel eines Rennens bei Karting Las Am\u00e9ricas. Diese Outdoor-Strecke bietet Spa\u00df f\u00fcr alle Altersgruppen, mit schnellen Karts, aufregenden Kurven und einer tollen Atmosph\u00e4re. Egal, ob Sie Anf\u00e4nger oder Rennsportfan sind, kommen Sie und erleben Sie die Geschwindigkeit und die Aufregung unter der Sonne Teneriffas!  <\/span><\/p>\n<p><strong>OPTIONEN:<\/strong><\/p>\n<ul>\n<li><strong>Serienrennen<\/strong>: <span>1 Rennserie von 10 Minuten.<\/span><\/li>\n<li><span><strong>2 Serienrennen<\/strong>: 2 Serienrennen von je 10 Minuten.<br \/>\n<\/span><\/li>\n<li><span><span><strong>Zweisitzer-Kart:<\/strong> 1 Rennserie von 10 Minuten. Der Begleiter muss \u00fcber 2 Jahre alt sein. <\/span><\/span><strong><br \/>\nRENNEN (MINDESTENS 8 PERSONEN)<\/strong><\/li>\n<li><span><strong>Mini Prix:<\/strong> 10 Minuten Training auf Zeit + 10 Minuten Rennen.<\/span><\/li>\n<li><strong>Grand Prix:<\/strong> <span>10 Minuten Training + 10 Minuten Zeitfahren + 10 Minuten Rennen. Cava und Troph\u00e4e f\u00fcr den Sieger. <\/span><\/li>\n<\/ul>\n<p><span>Die Mindesth\u00f6he f\u00fcr das Junior-Kart betr\u00e4gt 125 cm und das Mindestalter ist 7 Jahre alt.<br \/>\n-Ge\u00f6ffnet von 10:00 bis 20:30<\/span><\/p>\n","protected":false},"excerpt":{"rendered":"<p><span>Holen Sie sich Ihren Adrenalinspiegel mit einem aufregenden Tag beim Outdoor-Kartfahren in Las Am\u00e9ricas!<\/span><\/p>\n","protected":false},"featured_media":45789,"template":"","meta":{"_acf_changed":false,"_joinchat":[]},"product_brand":[],"product_cat":[180],"product_tag":[],"class_list":{"0":"post-48870","1":"product","2":"type-product","3":"status-publish","4":"has-post-thumbnail","6":"product_cat-nicht-kategorisiert","8":"first","9":"instock","10":"virtual","11":"sold-individually","12":"purchasable","13":"product-type-booking"},"acf":[],"_links":{"self":[{"href":"https:\/\/thetenerifechannel.com\/de\/wp-json\/wp\/v2\/product\/48870","targetHints":{"allow":["GET"]}}],"collection":[{"href":"https:\/\/thetenerifechannel.com\/de\/wp-json\/wp\/v2\/product"}],"about":[{"href":"https:\/\/thetenerifechannel.com\/de\/wp-json\/wp\/v2\/types\/product"}],"wp:featuredmedia":[{"embeddable":true,"href":"https:\/\/thetenerifechannel.com\/de\/wp-json\/wp\/v2\/media\/45789"}],"wp:attachment":[{"href":"https:\/\/thetenerifechannel.com\/de\/wp-json\/wp\/v2\/media?parent=48870"}],"wp:term":[{"taxonomy":"product_brand","embeddable":true,"href":"https:\/\/thetenerifechannel.com\/de\/wp-json\/wp\/v2\/product_brand?post=48870"},{"taxonomy":"product_cat","embeddable":true,"href":"https:\/\/thetenerifechannel.com\/de\/wp-json\/wp\/v2\/product_cat?post=48870"},{"taxonomy":"product_tag","embeddable":true,"href":"https:\/\/thetenerifechannel.com\/de\/wp-json\/wp\/v2\/product_tag?post=48870"}],"curies":[{"name":"wp","href":"https:\/\/api.w.org\/{rel}","templated":true}]}}