{"id":49618,"date":"2025-05-06T17:43:25","date_gmt":"2025-05-06T17:43:25","guid":{"rendered":"https:\/\/thetenerifechannel.com\/?post_type=product&#038;p=49618"},"modified":"2026-03-09T15:03:49","modified_gmt":"2026-03-09T15:03:49","slug":"siam-park-copy","status":"publish","type":"product","link":"https:\/\/thetenerifechannel.com\/de\/excursions\/siam-park-copy\/","title":{"rendered":"Siam Tag &amp; Nacht"},"content":{"rendered":"<section class=\"l-section wpb_row height_huge\"><div class=\"l-section-h i-cf\"><div class=\"g-cols vc_row via_grid cols_1 laptops-cols_inherit tablets-cols_inherit mobiles-cols_1 valign_top type_default stacking_default\"><div class=\"wpb_column vc_column_container\"><div class=\"vc_column-inner\"><div class=\"wpb_text_column\"><div class=\"wpb_wrapper\"><p class=\"\" data-start=\"181\" data-end=\"341\">Erleben Sie den Siam Park wie nie zuvor mit dem Siam Day &amp; Night Ticket, Ihrem exklusiven Pass, um den Wasserpark Nr. 1 der Welt unter der Sonne und den Sternen zu genie\u00dfen.<br \/>\nMit diesem Ticket k\u00f6nnen Sie den Park zweimal besuchen &#8211; einmal tags\u00fcber und ein weiteres Mal bei Nacht, wenn sich der Park in ein magisches Wunderland mit stimmungsvoller Beleuchtung und einer ganz neuen Atmosph\u00e4re verwandelt. Genie\u00dfen Sie  <span style=\"letter-spacing: 0em;\">das Beste aus beiden Welten.<br \/>\nMit diesem Ticket k\u00f6nnen Sie den Park zu zwei verschiedenen Zeiten betreten: entweder am selben Tag oder an verschiedenen Tagen. Wenn Sie es am selben Tag benutzen, m\u00fcssen Sie den Park um 18:00 Uhr verlassen und um 20:00 Uhr zur\u00fcckkehren.<br \/>\n<\/span><\/p>\n<p><strong style=\"letter-spacing: 0em;\">Eingeschlossen:<\/strong><\/p>\n<ul>\n<li>QR-Eintrittskarte.<\/li>\n<li>Kostenloser Bus mit Abholung in Los Cristianos, Las Americas und Costa Adeje.<\/li>\n<li>Die Benutzung von Liegest\u00fchlen, Schwimmwesten und Sonnenschirmen.<\/li>\n<li>Zugang zu allen Attraktionen.<\/li>\n<\/ul>\n<p><strong>Nicht inbegriffen:<\/strong><\/p>\n<ul>\n<li>Essen und Getr\u00e4nke<\/li>\n<li>Vermietung von Schlie\u00dff\u00e4chern und Handt\u00fcchern<\/li>\n<li>Parkpl\u00e4tze<\/li>\n<\/ul>\n<\/div><\/div><\/div><\/div><\/div><\/div><\/section>\n","protected":false},"excerpt":{"rendered":"<p>Erleben Sie einen unvergesslichen Tag im Siam Park, einem der besten Wasserparks der Welt, der einen Tag voller Aufregung, Nervenkitzel und endlosem Spa\u00df f\u00fcr alle Altersgruppen verspricht.<\/p>\n","protected":false},"featured_media":53138,"template":"","meta":{"_acf_changed":false,"_joinchat":[]},"product_brand":[],"product_cat":[155,156],"product_tag":[267],"class_list":{"0":"post-49618","1":"product","2":"type-product","3":"status-publish","4":"has-post-thumbnail","6":"product_cat-freizeitparks-teneriffa","7":"product_cat-siam-park-teneriffa","8":"product_tag-home-karten","9":"pa_depart-from-sueden-der-insel","11":"first","12":"instock","13":"virtual","14":"sold-individually","15":"purchasable","16":"product-type-booking"},"acf":[],"_links":{"self":[{"href":"https:\/\/thetenerifechannel.com\/de\/wp-json\/wp\/v2\/product\/49618","targetHints":{"allow":["GET"]}}],"collection":[{"href":"https:\/\/thetenerifechannel.com\/de\/wp-json\/wp\/v2\/product"}],"about":[{"href":"https:\/\/thetenerifechannel.com\/de\/wp-json\/wp\/v2\/types\/product"}],"wp:featuredmedia":[{"embeddable":true,"href":"https:\/\/thetenerifechannel.com\/de\/wp-json\/wp\/v2\/media\/53138"}],"wp:attachment":[{"href":"https:\/\/thetenerifechannel.com\/de\/wp-json\/wp\/v2\/media?parent=49618"}],"wp:term":[{"taxonomy":"product_brand","embeddable":true,"href":"https:\/\/thetenerifechannel.com\/de\/wp-json\/wp\/v2\/product_brand?post=49618"},{"taxonomy":"product_cat","embeddable":true,"href":"https:\/\/thetenerifechannel.com\/de\/wp-json\/wp\/v2\/product_cat?post=49618"},{"taxonomy":"product_tag","embeddable":true,"href":"https:\/\/thetenerifechannel.com\/de\/wp-json\/wp\/v2\/product_tag?post=49618"}],"curies":[{"name":"wp","href":"https:\/\/api.w.org\/{rel}","templated":true}]}}