{"id":54215,"date":"2025-05-22T08:14:14","date_gmt":"2025-05-22T08:14:14","guid":{"rendered":"https:\/\/thetenerifechannel.com\/product\/boot-mieten\/"},"modified":"2026-02-14T11:07:53","modified_gmt":"2026-02-14T11:07:53","slug":"boot-mieten","status":"publish","type":"product","link":"https:\/\/thetenerifechannel.com\/de\/excursions\/boot-mieten\/","title":{"rendered":"Boot mieten"},"content":{"rendered":"<section class=\"l-section wpb_row height_huge\"><div class=\"l-section-h i-cf\"><div class=\"g-cols vc_row via_grid cols_1 laptops-cols_inherit tablets-cols_inherit mobiles-cols_1 valign_top type_default stacking_default\"><div class=\"wpb_column vc_column_container\"><div class=\"vc_column-inner\"><div class=\"wpb_text_column\"><div class=\"wpb_wrapper\"><p data-start=\"0\" data-end=\"320\">Verbringen Sie einen Tag auf dem Wasser, ausgehend von Puerto Col\u00f3n (Costa Adeje) oder Marina del Sur (Las Galletas). Mieten Sie eines der kleinen Boote, die jeder fahren kann &#8211; ohne F\u00fchrerschein.<br \/>\nSie bieten Platz f\u00fcr bis zu f\u00fcnf Personen, lassen sich wie ein Auto steuern und werden mit einer kurzen Sicherheitseinweisung geliefert, so dass Sie in wenigen Minuten loslegen k\u00f6nnen.<br \/>\nBleiben Sie eine Stunde, einen halben Tag oder den ganzen Tag drau\u00dfen &#8211; Sie haben die Wahl. <\/p>\n<p data-start=\"322\" data-end=\"525\">M\u00f6chten Sie mehr Platz oder haben Sie einfach keine Lust zu steuern? Buchen Sie eines unserer gr\u00f6\u00dferen Boote mit einem einheimischen Kapit\u00e4n.<br \/>\nSie k\u00f6nnen sich auf dem Deck ausstrecken, eine Badepause einlegen oder sich vom Kapit\u00e4n versteckte Buchten zeigen lassen, w\u00e4hrend Sie sich entspannen. <\/p>\n<p>Bei Ankunft wird eine Kaution verlangt, um eventuelle Sch\u00e4den oder zus\u00e4tzliche Treibstoffkosten f\u00fcr das Boot zu decken.<br \/>\n<span>Sie k\u00f6nnen die Kaution per Kreditkarte, Debitkarte oder in bar hinterlegen <\/span><span>  &#8211; was auch immer Sie bevorzugen. Sie wird Ihnen am Ende des Mietzeitraums vollst\u00e4ndig zur\u00fcckerstattet, sofern alles in gutem Zustand ist. <\/span><\/p>\n<\/div><\/div><\/div><\/div><\/div><\/div><\/section>\n","protected":false},"excerpt":{"rendered":"<p data-pm-slice=\"1 1 []\">Start von Puerto Col\u00f3n (Costa Adeje) oder Marina del Sur (Las Galletas)  <span>in einem f\u00fchrerscheinfreien Boot und mieten Sie es so lange, wie Sie m\u00f6chten, dank der einfachen Steuerung und einer kurzen Einweisung am Hafen. Wenn Sie mehr Platz ben\u00f6tigen oder sich lieber entspannen m\u00f6chten, w\u00e4hlen Sie eines unserer gr\u00f6\u00dferen Boote und lassen Sie einen erfahrenen Kapit\u00e4n das Steuer \u00fcbernehmen. <\/span><\/p>\n","protected":false},"featured_media":54184,"template":"","meta":{"_acf_changed":false,"_joinchat":[]},"product_brand":[],"product_cat":[197],"product_tag":[],"class_list":{"0":"post-54215","1":"product","2":"type-product","3":"status-publish","4":"has-post-thumbnail","6":"product_cat-boot-mieten-teneriffa","8":"first","9":"instock","10":"virtual","11":"sold-individually","12":"purchasable","13":"product-type-booking"},"acf":[],"_links":{"self":[{"href":"https:\/\/thetenerifechannel.com\/de\/wp-json\/wp\/v2\/product\/54215","targetHints":{"allow":["GET"]}}],"collection":[{"href":"https:\/\/thetenerifechannel.com\/de\/wp-json\/wp\/v2\/product"}],"about":[{"href":"https:\/\/thetenerifechannel.com\/de\/wp-json\/wp\/v2\/types\/product"}],"wp:featuredmedia":[{"embeddable":true,"href":"https:\/\/thetenerifechannel.com\/de\/wp-json\/wp\/v2\/media\/54184"}],"wp:attachment":[{"href":"https:\/\/thetenerifechannel.com\/de\/wp-json\/wp\/v2\/media?parent=54215"}],"wp:term":[{"taxonomy":"product_brand","embeddable":true,"href":"https:\/\/thetenerifechannel.com\/de\/wp-json\/wp\/v2\/product_brand?post=54215"},{"taxonomy":"product_cat","embeddable":true,"href":"https:\/\/thetenerifechannel.com\/de\/wp-json\/wp\/v2\/product_cat?post=54215"},{"taxonomy":"product_tag","embeddable":true,"href":"https:\/\/thetenerifechannel.com\/de\/wp-json\/wp\/v2\/product_tag?post=54215"}],"curies":[{"name":"wp","href":"https:\/\/api.w.org\/{rel}","templated":true}]}}