{"id":6070,"date":"2024-02-01T16:35:14","date_gmt":"2024-02-01T16:35:14","guid":{"rendered":"https:\/\/thetenerifechannel.agilewebtemplates.co.uk\/excursions\/unkategorisiert\/geschenkgutschein-2\/"},"modified":"2026-03-09T14:36:47","modified_gmt":"2026-03-09T14:36:47","slug":"geschenkgutschein","status":"publish","type":"product","link":"https:\/\/thetenerifechannel.com\/de\/excursions\/geschenkgutschein\/","title":{"rendered":"Geschenkgutschein"},"content":{"rendered":"<p>Sind Sie auf der Suche nach dem idealen Geschenk? Was gibt es Sch\u00f6neres, als ein unvergessliches Erlebnis zu verschenken?<br \/>\nMit den Geschenkgutscheinen des Teneriffa-Kanals k\u00f6nnen Ihre Beschenkten ihr eigenes Abenteuer w\u00e4hlen und unvergessliche Erinnerungen schaffen.<br \/>\nW\u00e4hlen Sie einfach den gew\u00fcnschten Wert aus, personalisieren Sie ihn mit einer herzlichen Nachricht und schicken Sie ihn entweder direkt per E-Mail an den Empf\u00e4nger oder drucken Sie ihn aus, um ihm eine pers\u00f6nliche Note zu verleihen. <\/p>\n<p>Unsere Gutscheine sind 3 Jahre lang g\u00fcltig, so dass die Empf\u00e4nger ihr Erlebnis nach eigenem Ermessen planen und genie\u00dfen k\u00f6nnen. Sie haben die Freiheit, aus einer Reihe von Optionen zu w\u00e4hlen und k\u00f6nnen ihre Erfahrungen sogar erweitern oder anpassen, wenn sie es w\u00fcnschen. <\/p>\n<p>Schenken Sie unvergessliche Momente!<\/p>\n<p>Wenn Sie Fragen haben oder Hilfe ben\u00f6tigen, wenden Sie sich bitte an unser freundliches Team unter info@thetenerifechannel.com<\/p>\n","protected":false},"excerpt":{"rendered":"<div class=\"flex-shrink-0 flex flex-col relative items-end\">\n<div>\n<div class=\"pt-0.5\">\n<div class=\"gizmo-shadow-stroke flex h-6 w-6 items-center justify-center overflow-hidden rounded-full\"><\/div>\n<\/div>\n<\/div>\n<\/div>\n<div class=\"relative flex w-full flex-col lg:w-[calc(100%-115px)] agent-turn\">\n<div class=\"flex-col gap-1 md:gap-3\">\n<div class=\"flex flex-grow flex-col max-w-full\">\n<div class=\"min-h-[20px] text-message flex flex-col items-start gap-3 whitespace-pre-wrap break-words [.text-message+&amp;]:mt-5 overflow-x-auto\" data-message-author-role=\"assistant\" data-message-id=\"e1c85dc5-d626-4be4-b24f-d5c50bdae753\">\n<div class=\"markdown prose w-full break-words dark:prose-invert light\">\n<p>Sind Sie auf der Suche nach dem perfekten Geschenk? Was gibt es Sch\u00f6neres, als unvergessliche Erlebnisse zu schenken!<br \/>\nMit den Geschenkgutscheinen des Teneriffa-Kanals k\u00f6nnen Ihre Lieben ihr eigenes Abenteuer w\u00e4hlen und sch\u00f6ne Erinnerungen schaffen.<\/p>\n<\/div>\n<\/div>\n<\/div>\n<\/div>\n<\/div>\n","protected":false},"featured_media":5084,"template":"","meta":{"_acf_changed":false,"_joinchat":[]},"product_brand":[],"product_cat":[217],"product_tag":[],"class_list":{"0":"post-6070","1":"product","2":"type-product","3":"status-publish","4":"has-post-thumbnail","6":"product_cat-geschenkgutschein","8":"first","9":"instock","10":"virtual","11":"sold-individually","12":"purchasable","13":"product-type-simple"},"acf":[],"_links":{"self":[{"href":"https:\/\/thetenerifechannel.com\/de\/wp-json\/wp\/v2\/product\/6070","targetHints":{"allow":["GET"]}}],"collection":[{"href":"https:\/\/thetenerifechannel.com\/de\/wp-json\/wp\/v2\/product"}],"about":[{"href":"https:\/\/thetenerifechannel.com\/de\/wp-json\/wp\/v2\/types\/product"}],"wp:featuredmedia":[{"embeddable":true,"href":"https:\/\/thetenerifechannel.com\/de\/wp-json\/wp\/v2\/media\/5084"}],"wp:attachment":[{"href":"https:\/\/thetenerifechannel.com\/de\/wp-json\/wp\/v2\/media?parent=6070"}],"wp:term":[{"taxonomy":"product_brand","embeddable":true,"href":"https:\/\/thetenerifechannel.com\/de\/wp-json\/wp\/v2\/product_brand?post=6070"},{"taxonomy":"product_cat","embeddable":true,"href":"https:\/\/thetenerifechannel.com\/de\/wp-json\/wp\/v2\/product_cat?post=6070"},{"taxonomy":"product_tag","embeddable":true,"href":"https:\/\/thetenerifechannel.com\/de\/wp-json\/wp\/v2\/product_tag?post=6070"}],"curies":[{"name":"wp","href":"https:\/\/api.w.org\/{rel}","templated":true}]}}