{"id":6169,"date":"2024-02-12T13:23:25","date_gmt":"2024-02-12T13:23:25","guid":{"rendered":"https:\/\/thetenerifechannel.agilewebtemplates.co.uk\/excursions\/unkategorisiert\/monte-cristo-katamaran-3-stunden-tour\/"},"modified":"2026-03-09T13:58:07","modified_gmt":"2026-03-09T13:58:07","slug":"monte-cristo-katamaran-3-stunden-tour","status":"publish","type":"product","link":"https:\/\/thetenerifechannel.com\/de\/excursions\/monte-cristo-katamaran-3-stunden-tour\/","title":{"rendered":"Monte Cristo Katamaran 3-Stunden-Tour"},"content":{"rendered":"<div class=\"flex-shrink-0 flex flex-col relative items-end\">\n<div>\n<div class=\"pt-0.5\">\n<div class=\"gizmo-shadow-stroke flex h-6 w-6 items-center justify-center overflow-hidden rounded-full\"><\/div>\n<\/div>\n<\/div>\n<\/div>\n<div class=\"relative flex w-full flex-col lg:w-[calc(100%-115px)] agent-turn\">\n<div class=\"flex-col gap-1 md:gap-3\">\n<div class=\"flex flex-grow flex-col max-w-full\">\n<div class=\"min-h-[20px] text-message flex flex-col items-start gap-3 whitespace-pre-wrap break-words [.text-message+&amp;]:mt-5 overflow-x-auto\" data-message-author-role=\"assistant\" data-message-id=\"438cac28-43c5-4a9e-9167-cf19b3fb492c\">\n<div class=\"markdown prose w-full break-words dark:prose-invert light\">\n<div class=\"relative flex w-full flex-col lg:w-[calc(100%-115px)] agent-turn\">\n<div class=\"flex-col gap-1 md:gap-3\">\n<div class=\"flex flex-grow flex-col max-w-full\">\n<div class=\"min-h-[20px] text-message flex flex-col items-start gap-3 whitespace-pre-wrap break-words [.text-message+&amp;]:mt-5 overflow-x-auto\" data-message-author-role=\"assistant\" data-message-id=\"452772fb-9ab2-467a-8880-fbf096d105a2\">\n<div class=\"markdown prose w-full break-words dark:prose-invert light\">\n<div class=\"flex-shrink-0 flex flex-col relative items-end\">\n<div>\n<div class=\"pt-0.5\">\n<div class=\"gizmo-shadow-stroke flex h-6 w-6 items-center justify-center overflow-hidden rounded-full\">\n<div class=\"relative p-1 rounded-sm h-9 w-9 text-white flex items-center justify-center\">Begeben Sie sich auf eine Katamaran-Tour mit Monte Cristo, bei der Sie direkt zum perfekten Ort f\u00fcr die Begegnung mit Walen gebracht werden.<\/div>\n<\/div>\n<\/div>\n<\/div>\n<\/div>\n<div class=\"relative flex w-full flex-col lg:w-[calc(100%-115px)] agent-turn\">\n<div class=\"flex-col gap-1 md:gap-3\">\n<div class=\"flex flex-grow flex-col max-w-full\">\n<div class=\"min-h-[20px] text-message flex flex-col items-start gap-3 whitespace-pre-wrap break-words [.text-message+&amp;]:mt-5 overflow-x-auto\" data-message-author-role=\"assistant\" data-message-id=\"388e8325-731f-458a-b520-1f2a2b311292\">\n<div class=\"markdown prose w-full break-words dark:prose-invert light\">\n<p>Entspannen Sie sich auf den ger\u00e4umigen Decks und genie\u00dfen Sie Getr\u00e4nke, Snacks und Tapas. Diese 3-st\u00fcndige Tour ab Puerto Col\u00f3n beinhaltet auch Stopps zum Schwimmen und Schnorcheln.<br \/>\nGenie\u00dfen Sie den stilvollen Komfort des Katamarans, w\u00e4hrend Sie die wundersch\u00f6ne Aussicht auf die S\u00fcdk\u00fcste Teneriffas genie\u00dfen. <\/p>\n<p><strong>I<\/strong><strong>NICHT EINGESCHLOSSEN:<\/strong><\/p>\n<ul>\n<li>Essen und Trinken.<\/li>\n<li>Schnorchelausr\u00fcstung.<\/li>\n<li>Transport aus dem S\u00fcden.<\/li>\n<li>Schwimmwesten.<\/li>\n<li>Kleine Gruppen &#8211; maximal 24 Passagiere.<\/li>\n<\/ul>\n<p><strong>NICHT INBEGRIFFEN:<\/strong><\/p>\n<ul>\n<li>Handt\u00fccher<\/li>\n<li>Sonnenschutz<\/li>\n<\/ul>\n<\/div>\n<\/div>\n<\/div>\n<\/div>\n<\/div>\n<\/div>\n<\/div>\n<\/div>\n<\/div>\n<\/div>\n<\/div>\n<\/div>\n<\/div>\n<\/div>\n<\/div>\n","protected":false},"excerpt":{"rendered":"<div class=\"flex-shrink-0 flex flex-col relative items-end\">\n<div>\n<div class=\"pt-0.5\">\n<div class=\"gizmo-shadow-stroke flex h-6 w-6 items-center justify-center overflow-hidden rounded-full\">Nehmen Sie an diesem einzigartigen Walbeobachtungsabenteuer in einer kleinen Gruppe teil. Eine dreist\u00fcndige Tour zur Beobachtung von Walen und Delfinen, begleitet von Tapas und Getr\u00e4nken, und ein erfrischendes Bad im Meer runden Ihr unvergessliches Erlebnis ab. <\/div>\n<\/div>\n<\/div>\n<\/div>\n","protected":false},"featured_media":5613,"template":"","meta":{"_acf_changed":false,"_joinchat":[]},"product_brand":[],"product_cat":[150],"product_tag":[],"class_list":{"0":"post-6169","1":"product","2":"type-product","3":"status-publish","4":"has-post-thumbnail","6":"product_cat-walbeobachtung-teneriffa","7":"pa_depart-from-sueden-der-insel","9":"first","10":"instock","11":"virtual","12":"sold-individually","13":"purchasable","14":"product-type-booking"},"acf":[],"_links":{"self":[{"href":"https:\/\/thetenerifechannel.com\/de\/wp-json\/wp\/v2\/product\/6169","targetHints":{"allow":["GET"]}}],"collection":[{"href":"https:\/\/thetenerifechannel.com\/de\/wp-json\/wp\/v2\/product"}],"about":[{"href":"https:\/\/thetenerifechannel.com\/de\/wp-json\/wp\/v2\/types\/product"}],"wp:featuredmedia":[{"embeddable":true,"href":"https:\/\/thetenerifechannel.com\/de\/wp-json\/wp\/v2\/media\/5613"}],"wp:attachment":[{"href":"https:\/\/thetenerifechannel.com\/de\/wp-json\/wp\/v2\/media?parent=6169"}],"wp:term":[{"taxonomy":"product_brand","embeddable":true,"href":"https:\/\/thetenerifechannel.com\/de\/wp-json\/wp\/v2\/product_brand?post=6169"},{"taxonomy":"product_cat","embeddable":true,"href":"https:\/\/thetenerifechannel.com\/de\/wp-json\/wp\/v2\/product_cat?post=6169"},{"taxonomy":"product_tag","embeddable":true,"href":"https:\/\/thetenerifechannel.com\/de\/wp-json\/wp\/v2\/product_tag?post=6169"}],"curies":[{"name":"wp","href":"https:\/\/api.w.org\/{rel}","templated":true}]}}