{"id":64777,"date":"2025-07-07T18:27:48","date_gmt":"2025-07-07T18:27:48","guid":{"rendered":"https:\/\/thetenerifechannel.com\/?post_type=product&#038;p=64777"},"modified":"2025-07-07T18:32:46","modified_gmt":"2025-07-07T18:32:46","slug":"jet-ski-safari-40-minuten-copy","status":"publish","type":"product","link":"https:\/\/thetenerifechannel.com\/de\/excursions\/jet-ski-safari-40-minuten-copy\/","title":{"rendered":"Jet Ski (20 Minuten)"},"content":{"rendered":"<p data-start=\"74\" data-end=\"380\">Jetskifahren ist eine aufregende und leicht zu erlernende Aktivit\u00e4t, die f\u00fcr alle Altersgruppen und Erfahrungsstufen geeignet ist.<br data-start=\"171\" data-end=\"174\">Diese 20-min\u00fctige Fahrt findet auf einem kontrollierten Rundkurs statt, so dass es eine sichere und spa\u00dfige Option ist, egal ob Sie es zum ersten Mal versuchen oder einfach nur einen schnellen Adrenalinschub w\u00fcnschen.<\/p>\n<p data-start=\"382\" data-end=\"665\" data-is-last-node=\"\" data-is-only-node=\"\">Sie k\u00f6nnen alleine oder im Tandem fahren und den Nervenkitzel mit einem Freund oder einem Familienmitglied teilen.<br data-start=\"460\" data-end=\"463\">Da Sie keiner Tourroute folgen m\u00fcssen, genie\u00dfen Sie die volle Freiheit, um die Strecke zu fahren und das Beste aus Ihrer Zeit auf dem Wasser zu machen.<br data-start=\"598\" data-end=\"601\">Steigen Sie ein, sp\u00fcren Sie den Rausch und genie\u00dfen Sie eine schnelle Dosis Hochgeschwindigkeitsspa\u00df!<\/p>\n<p><strong>Eingeschlossen:<\/strong><\/p>\n<ul>\n<li>20-min\u00fctige Fahrt<\/li>\n<li>Treffpunkt am Strand, der Ihrer Unterkunft am n\u00e4chsten liegt.<\/li>\n<li>Elektronisches Ticket.<\/li>\n<li>Schwimmweste (obligatorisch)<\/li>\n<\/ul>\n<p><strong>Nicht enthalten:<\/strong><\/p>\n<ul>\n<li>Transport<\/li>\n<li>Foto-Souvenir<\/li>\n<\/ul>\n<p><strong>Bitte kontaktieren Sie uns bei der Buchung, um die Verf\u00fcgbarkeit zu pr\u00fcfen.<\/strong><\/p>\n<p>*Mindestalter Passagier: 10 Jahre<br \/>\n*Einzel-Jetski: Mindestalter: 16 Jahre (Genehmigung der Eltern erforderlich)<br \/>\n*Doppel-Jetski: Mindestalter 18 Jahre<br \/>\n*Gewichtsbeschr\u00e4nkung Doppel-Jetski: 150-170 kg.<\/p>\n<p>&nbsp;<\/p>\n","protected":false},"excerpt":{"rendered":"<p><span>Reiten Sie auf den Wellen auf diesem 20-min\u00fctigen Jet Ski-Rundkurs. Sie genie\u00dfen die Freiheit, in Ihrem eigenen Tempo durch ein bestimmtes Gebiet zu d\u00fcsen &#8211; perfekt f\u00fcr eine schnelle Erfahrung auf dem Wasser. <\/span><\/p>\n","protected":false},"featured_media":3932,"template":"","meta":{"_acf_changed":false,"_joinchat":[]},"product_brand":[],"product_cat":[167],"product_tag":[],"class_list":{"0":"post-64777","1":"product","2":"type-product","3":"status-publish","4":"has-post-thumbnail","6":"product_cat-wassersport-teneriffa","7":"pa_depart-from-sueden-der-insel","9":"first","10":"instock","11":"virtual","12":"sold-individually","13":"purchasable","14":"product-type-booking"},"acf":[],"_links":{"self":[{"href":"https:\/\/thetenerifechannel.com\/de\/wp-json\/wp\/v2\/product\/64777","targetHints":{"allow":["GET"]}}],"collection":[{"href":"https:\/\/thetenerifechannel.com\/de\/wp-json\/wp\/v2\/product"}],"about":[{"href":"https:\/\/thetenerifechannel.com\/de\/wp-json\/wp\/v2\/types\/product"}],"wp:featuredmedia":[{"embeddable":true,"href":"https:\/\/thetenerifechannel.com\/de\/wp-json\/wp\/v2\/media\/3932"}],"wp:attachment":[{"href":"https:\/\/thetenerifechannel.com\/de\/wp-json\/wp\/v2\/media?parent=64777"}],"wp:term":[{"taxonomy":"product_brand","embeddable":true,"href":"https:\/\/thetenerifechannel.com\/de\/wp-json\/wp\/v2\/product_brand?post=64777"},{"taxonomy":"product_cat","embeddable":true,"href":"https:\/\/thetenerifechannel.com\/de\/wp-json\/wp\/v2\/product_cat?post=64777"},{"taxonomy":"product_tag","embeddable":true,"href":"https:\/\/thetenerifechannel.com\/de\/wp-json\/wp\/v2\/product_tag?post=64777"}],"curies":[{"name":"wp","href":"https:\/\/api.w.org\/{rel}","templated":true}]}}