{"id":65269,"date":"2025-07-10T04:53:04","date_gmt":"2025-07-10T04:53:04","guid":{"rendered":"https:\/\/thetenerifechannel.com\/excursions\/schleuder-tour\/"},"modified":"2026-02-20T11:39:13","modified_gmt":"2026-02-20T11:39:13","slug":"schleuder-tour","status":"publish","type":"product","link":"https:\/\/thetenerifechannel.com\/de\/excursions\/schleuder-tour\/","title":{"rendered":"Schleuder Tour"},"content":{"rendered":"<p data-start=\"133\" data-end=\"481\">Erkunden Sie Teneriffa wie nie zuvor mit unseren gef\u00fchrten Slingshot-Touren &#8211; f\u00fcr alle, die sich nach Abenteuer mit einem Hauch von Luxus sehnen.<br data-start=\"262\" data-end=\"265\">Sie sitzen auf dem Fahrersitz eines Polaris Slingshot und folgen unserem erfahrenen Tourguide auf einigen der landschaftlich sch\u00f6nsten Routen der Insel. Es ist die perfekte Mischung aus Aufregung, Sicherheit und unvergesslichen Aussichten.<br \/>\nEin Auto kann maximal 2 Passagiere aufnehmen. <\/p>\n<p data-start=\"483\" data-end=\"503\"><strong data-start=\"483\" data-end=\"503\">Verf\u00fcgbare Touren:<\/strong><\/p>\n<ul data-start=\"505\" data-end=\"944\">\n<li data-start=\"505\" data-end=\"608\">\n<p data-start=\"507\" data-end=\"608\"><strong data-start=\"507\" data-end=\"532\">El M\u00e9dano Tour &#8211; \u20ac180<\/strong><br data-start=\"532\" data-end=\"535\">-09:00 &#8211; 11:00<br \/>\n&#8211; Entdecken Sie den entspannten Surferort und seine atemberaubende K\u00fcstenumgebung und Vulkanlandschaft.<\/p>\n<\/li>\n<li data-start=\"610\" data-end=\"718\">\n<p data-start=\"612\" data-end=\"718\"><strong data-start=\"612\" data-end=\"632\">Stadtrundfahrt &#8211; \u20ac180<\/strong><strong data-start=\"612\" data-end=\"632\"><br \/>\n<\/strong><span style=\"letter-spacing: 0em;\">12:00 &#8211; 14:00<br \/>\n&#8211; Eine entspannte Stadtrundfahrt durch den S\u00fcden von Teneriffa, bei der Sie auch Aussichtspunkte und historische Orte besuchen.<\/span><\/p>\n<\/li>\n<li data-start=\"720\" data-end=\"827\">\n<p data-start=\"722\" data-end=\"827\"><strong data-start=\"722\" data-end=\"748\">Pino Gordo Tour &#8211; \u20ac180<br \/>\n<\/strong><span style=\"letter-spacing: 0em;\">15:30 &#8211; 17:00<br \/>\n&#8211; Ein kleines Abenteuer in der Natur des Inselinneren, das am ber\u00fchmten &#8220;Pino Gordo&#8221; endet.<\/span><\/p>\n<\/li>\n<li data-start=\"829\" data-end=\"944\">\n<p data-start=\"831\" data-end=\"944\"><strong data-start=\"831\" data-end=\"853\">Tour bei Sonnenuntergang &#8211; \u20ac220<br \/>\n<\/strong>-18:30 &#8211; 21:30<br data-start=\"853\" data-end=\"856\">&#8211; Erleben Sie einen atemberaubenden Sonnenuntergang an den Klippen von Los Gigantes &#8211; ein magischer Abschluss Ihres Tages.<\/p>\n<p>Abholung inklusive<\/p>\n<p>-G\u00fcltiger F\u00fchrerschein (Kategorie B, mindestens 2 Jahre Erfahrung)<br \/>\n-Mindestalter des Fahrers: 21 Jahre<br \/>\n-Geschlossene Schuhe (keine Flip-Flops)<br \/>\n-Sonnenbrille empfohlen<br \/>\n-Passagiere ab 7 Jahren erlaubt<\/li>\n<\/ul>\n","protected":false},"excerpt":{"rendered":"<p>Gef\u00fchrte Slingshot-Touren \u00fcber die sch\u00f6nsten Routen Teneriffas &#8211; fahren Sie selbst, folgen Sie unserem Guide und erleben Sie Abenteuer mit unschlagbaren Aussichten.<\/p>\n","protected":false},"featured_media":65254,"template":"","meta":{"_acf_changed":false,"_joinchat":[]},"product_brand":[],"product_cat":[149],"product_tag":[],"class_list":{"0":"post-65269","1":"product","2":"type-product","3":"status-publish","4":"has-post-thumbnail","6":"product_cat-insel-bustouren-teneriffa","8":"first","9":"instock","10":"virtual","11":"sold-individually","12":"purchasable","13":"product-type-booking"},"acf":[],"_links":{"self":[{"href":"https:\/\/thetenerifechannel.com\/de\/wp-json\/wp\/v2\/product\/65269","targetHints":{"allow":["GET"]}}],"collection":[{"href":"https:\/\/thetenerifechannel.com\/de\/wp-json\/wp\/v2\/product"}],"about":[{"href":"https:\/\/thetenerifechannel.com\/de\/wp-json\/wp\/v2\/types\/product"}],"wp:featuredmedia":[{"embeddable":true,"href":"https:\/\/thetenerifechannel.com\/de\/wp-json\/wp\/v2\/media\/65254"}],"wp:attachment":[{"href":"https:\/\/thetenerifechannel.com\/de\/wp-json\/wp\/v2\/media?parent=65269"}],"wp:term":[{"taxonomy":"product_brand","embeddable":true,"href":"https:\/\/thetenerifechannel.com\/de\/wp-json\/wp\/v2\/product_brand?post=65269"},{"taxonomy":"product_cat","embeddable":true,"href":"https:\/\/thetenerifechannel.com\/de\/wp-json\/wp\/v2\/product_cat?post=65269"},{"taxonomy":"product_tag","embeddable":true,"href":"https:\/\/thetenerifechannel.com\/de\/wp-json\/wp\/v2\/product_tag?post=65269"}],"curies":[{"name":"wp","href":"https:\/\/api.w.org\/{rel}","templated":true}]}}