{"id":65309,"date":"2025-07-10T05:22:21","date_gmt":"2025-07-10T05:22:21","guid":{"rendered":"https:\/\/thetenerifechannel.com\/excursions\/jeep-tour\/"},"modified":"2026-03-14T11:16:19","modified_gmt":"2026-03-14T11:16:19","slug":"jeep-tour","status":"publish","type":"product","link":"https:\/\/thetenerifechannel.com\/de\/excursions\/jeep-tour\/","title":{"rendered":"Jeep Tour"},"content":{"rendered":"<p>Entdecken Sie Teneriffa wie nie zuvor mit einer Jeep-Tour, einer einzigartigen gef\u00fchrten Tour in ma\u00dfgeschneiderten klassischen Jeep Wranglern (YJ). Fahren Sie in kleinen Gruppen von 2 bis 4 Personen pro Fahrzeug durch wundersch\u00f6ne Landschaften und haben Sie die Freiheit, w\u00e4hrend der Tour den Fahrer zu wechseln. Wenn Sie das Abenteuer, die Natur und die Authentizit\u00e4t lieben, ist dies Ihre Art von Erlebnis.  <\/p>\n<p><strong data-start=\"970\" data-end=\"1018\">Touren (alle 3,5 Stunden &#8211; Off-Road inbegriffen):<\/strong><\/p>\n<p data-start=\"1020\" data-end=\"1044\"><strong style=\"letter-spacing: 0em;\" data-start=\"1028\" data-end=\"1044\">K\u00fcstentour<br \/>\n<\/strong>Von Costa Adeje aus geht es \u00fcber die malerische alte Stra\u00dfe hinauf nach Ch\u00edo, wo eine 20-min\u00fctige Offroad-Strecke Ihr Abenteuer beginnt. Genie\u00dfen Sie dann von einem versteckten l\u00e4ndlichen Aussichtspunkt spektakul\u00e4re Ausblicke auf die Klippen von Los Gigantes. Beenden Sie den Tag mit einem erfrischenden Bad im Hafen von El Balito und einem Picknick mit Sandwiches und Softdrinks.  <\/p>\n<p data-start=\"1356\" data-end=\"1382\"><strong data-start=\"1364\" data-end=\"1382\">Teide-Tagestour<br \/>\n<\/strong>Klettern Sie von Costa Adeje zum Teide-Nationalpark \u00fcber Ch\u00edo. Erleben Sie die vulkanische Sch\u00f6nheit des Roque de Garc\u00eda und halten Sie auf dem R\u00fcckweg an einer traditionellen Guanchenh\u00f6hle auf 1.700 Metern. Ein leichtes Picknick und Getr\u00e4nke sind inbegriffen, ebenso wie eine ruppige Fahrt abseits der Stra\u00dfe.  <\/p>\n<p data-start=\"1643\" data-end=\"1672\"><strong data-start=\"1651\" data-end=\"1672\">Teide-Sonnenuntergangstour<br \/>\n<\/strong>Folgen Sie der gleichen atemberaubenden Route wie bei der Teide-Tagestour, aber mit dem magischen Bonus, den Sonnenuntergang \u00fcber den Vulkanlandschaften zu beobachten. Wenn das goldene Licht auf die Gipfel f\u00e4llt, genie\u00dfen Sie ein friedliches Picknick und entdecken Sie die alte Vergangenheit der Insel in der Guanche-H\u00f6hle. <\/p>\n<p><span>&#8211; Zwei Fahrer sind pro Fahrzeug inbegriffen (zus\u00e4tzliche Fahrer: \u20ac30).<br \/>\n<\/span>&#8211; Mindestens 2 Jahre Fahrpraxis und ein Mindestalter von 21 Jahren zum Fahren.<br \/>\n<span>&#8211; Kinder ab 2 Jahren sind willkommen, und es sind geeignete Kindersitze vorhanden.<\/span><br data-start=\"780\" data-end=\"783\"><span>&#8211; Wir stellen Jacken f\u00fcr die k\u00fchleren Temperaturen in den Bergen zur Verf\u00fcgung.<br \/>\n<\/span>&#8211; Fotos zum Kauf<br data-start=\"867\" data-end=\"870\"><span>&#8211; Wir erstatten Ihnen bis zu 10 \u20ac der Taxikosten (mit Quittung).<br \/>\n<\/span><\/p>\n<p><span><strong data-start=\"1933\" data-end=\"1951\">Treffpunkt:<\/strong> Costa Adeje &#8211; C.C. AguaMall<br data-start=\"1979\" data-end=\"1982\"><strong data-start=\"1982\" data-end=\"1996\">Sprachen:<\/strong> Spanisch, Englisch, Italienisch<br data-start=\"2022\" data-end=\"2025\"><strong data-start=\"2025\" data-end=\"2038\">Fahrzeuge:<\/strong> 4 Jeeps (Schaltgetriebe, 2500cc-4200cc) + 1 F\u00fchrungsfahrzeug<br \/>\n<\/span><\/p>\n","protected":false},"excerpt":{"rendered":"<p><span>Entdecken Sie Teneriffa auf einer Jeep-Wrangler-Tour mit Soul Jeep Experience, die drei unvergessliche 3-st\u00fcndige Routen bietet.<\/span><\/p>\n","protected":false},"featured_media":65296,"template":"","meta":{"_acf_changed":false,"_joinchat":[]},"product_brand":[],"product_cat":[149,273,147],"product_tag":[],"class_list":{"0":"post-65309","1":"product","2":"type-product","3":"status-publish","4":"has-post-thumbnail","6":"product_cat-insel-bustouren-teneriffa","7":"product_cat-natur-abenteuer","8":"product_cat-teide-teneriffa","10":"first","11":"instock","12":"virtual","13":"sold-individually","14":"purchasable","15":"product-type-booking"},"acf":[],"_links":{"self":[{"href":"https:\/\/thetenerifechannel.com\/de\/wp-json\/wp\/v2\/product\/65309","targetHints":{"allow":["GET"]}}],"collection":[{"href":"https:\/\/thetenerifechannel.com\/de\/wp-json\/wp\/v2\/product"}],"about":[{"href":"https:\/\/thetenerifechannel.com\/de\/wp-json\/wp\/v2\/types\/product"}],"wp:featuredmedia":[{"embeddable":true,"href":"https:\/\/thetenerifechannel.com\/de\/wp-json\/wp\/v2\/media\/65296"}],"wp:attachment":[{"href":"https:\/\/thetenerifechannel.com\/de\/wp-json\/wp\/v2\/media?parent=65309"}],"wp:term":[{"taxonomy":"product_brand","embeddable":true,"href":"https:\/\/thetenerifechannel.com\/de\/wp-json\/wp\/v2\/product_brand?post=65309"},{"taxonomy":"product_cat","embeddable":true,"href":"https:\/\/thetenerifechannel.com\/de\/wp-json\/wp\/v2\/product_cat?post=65309"},{"taxonomy":"product_tag","embeddable":true,"href":"https:\/\/thetenerifechannel.com\/de\/wp-json\/wp\/v2\/product_tag?post=65309"}],"curies":[{"name":"wp","href":"https:\/\/api.w.org\/{rel}","templated":true}]}}