{"id":66433,"date":"2025-07-15T10:12:22","date_gmt":"2025-07-15T10:12:22","guid":{"rendered":"https:\/\/thetenerifechannel.com\/excursions\/segeltour-macoyacht-3-stunden\/"},"modified":"2025-07-15T10:12:22","modified_gmt":"2025-07-15T10:12:22","slug":"segeltour-macoyacht-3-stunden","status":"publish","type":"product","link":"https:\/\/thetenerifechannel.com\/de\/excursions\/segeltour-macoyacht-3-stunden\/","title":{"rendered":"Segeltour Macoyacht (3 Stunden)"},"content":{"rendered":"<p data-start=\"52\" data-end=\"196\">Gehen Sie an Bord der Maco Yacht und segeln Sie entlang der atemberaubenden S\u00fcdk\u00fcste Teneriffas f\u00fcr ein entspanntes Abenteuer.<br \/>\nBei unserer 3-st\u00fcndigen gemeinsamen Tour geht es nicht nur um die Walbeobachtung, sondern darum, die ganze Atmosph\u00e4re der K\u00fcste auf sich wirken zu lassen. W\u00e4hrend Sie sich entspannen, fahren wir an ikonischen Orten und Str\u00e4nden vorbei.<br \/>\nBehalten Sie die Wellen im Auge &#8211; in diesem Teil des Ozeans k\u00f6nnen Sie Grindwale, Delfine und manchmal sogar Meeresschildkr\u00f6ten beobachten. Kameras bereit!<br \/>\nAuf halber Strecke gehen wir in einer Bucht vor Anker, wo Sie schwimmen oder schnorcheln k\u00f6nnen. Die Ausr\u00fcstung geht auf uns &#8211; bringen Sie einfach Ihren Abenteuersinn mit.<br \/>\nKomfortabel, freundlich und unvergesslich.<br \/>\nDamit Sie sich erfrischen k\u00f6nnen, erhalten Sie drei Getr\u00e4nke und ein leckeres Sandwich. <\/p>\n<p data-start=\"488\" data-end=\"703\" data-is-last-node=\"\" data-is-only-node=\"\">Mit Platz f\u00fcr nur 11 G\u00e4ste auf unseren 12-14 Meter langen Segelbooten genie\u00dfen Sie eine entspannte, nicht \u00fcberf\u00fcllte Atmosph\u00e4re und pers\u00f6nliche Betreuung von Anfang bis Ende.<\/p>\n<p data-start=\"399\" data-end=\"543\"><strong>INKLUSIVE:<br \/>\n<\/strong><span style=\"letter-spacing: 0em;\">-Sandwich und Getr\u00e4nke<\/span><strong><br \/>\n<\/strong>-Schwimmstopp<br \/>\n-Schnorchelausr\u00fcstung<\/p>\n<p>*Abholung m\u00f6glich<\/p>\n","protected":false},"excerpt":{"rendered":"<p>Nehmen Sie an einem 3-st\u00fcndigen Segelt\u00f6rn mit Walbeobachtung, Schwimmen, Schnorcheln, lokalen Einblicken und Getr\u00e4nken auf einem ger\u00e4umigen Segelboot mit nur 11 G\u00e4sten teil.<\/p>\n","protected":false},"featured_media":65496,"template":"","meta":{"_acf_changed":false,"_joinchat":[]},"product_brand":[],"product_cat":[150],"product_tag":[],"class_list":{"0":"post-66433","1":"product","2":"type-product","3":"status-publish","4":"has-post-thumbnail","6":"product_cat-walbeobachtung-teneriffa","8":"first","9":"instock","10":"virtual","11":"sold-individually","12":"purchasable","13":"product-type-booking"},"acf":[],"_links":{"self":[{"href":"https:\/\/thetenerifechannel.com\/de\/wp-json\/wp\/v2\/product\/66433","targetHints":{"allow":["GET"]}}],"collection":[{"href":"https:\/\/thetenerifechannel.com\/de\/wp-json\/wp\/v2\/product"}],"about":[{"href":"https:\/\/thetenerifechannel.com\/de\/wp-json\/wp\/v2\/types\/product"}],"wp:featuredmedia":[{"embeddable":true,"href":"https:\/\/thetenerifechannel.com\/de\/wp-json\/wp\/v2\/media\/65496"}],"wp:attachment":[{"href":"https:\/\/thetenerifechannel.com\/de\/wp-json\/wp\/v2\/media?parent=66433"}],"wp:term":[{"taxonomy":"product_brand","embeddable":true,"href":"https:\/\/thetenerifechannel.com\/de\/wp-json\/wp\/v2\/product_brand?post=66433"},{"taxonomy":"product_cat","embeddable":true,"href":"https:\/\/thetenerifechannel.com\/de\/wp-json\/wp\/v2\/product_cat?post=66433"},{"taxonomy":"product_tag","embeddable":true,"href":"https:\/\/thetenerifechannel.com\/de\/wp-json\/wp\/v2\/product_tag?post=66433"}],"curies":[{"name":"wp","href":"https:\/\/api.w.org\/{rel}","templated":true}]}}