{"id":71960,"date":"2025-08-04T18:00:12","date_gmt":"2025-08-04T18:00:12","guid":{"rendered":"https:\/\/thetenerifechannel.com\/excursions\/seatrek\/"},"modified":"2025-08-04T18:00:12","modified_gmt":"2025-08-04T18:00:12","slug":"seatrek","status":"publish","type":"product","link":"https:\/\/thetenerifechannel.com\/de\/excursions\/seatrek\/","title":{"rendered":"SeaTREK"},"content":{"rendered":"<p data-start=\"141\" data-end=\"341\">Entdecken Sie die Unterwasserwelt Teneriffas ohne Tauchausr\u00fcstung! Mit unserem SeaTREK-Helmtauchen k\u00f6nnen Sie auf dem Meeresboden gehen, nat\u00fcrlich atmen und die Sch\u00f6nheit des Meeres genie\u00dfen &#8211; ohne Schwimmkenntnisse. <\/p>\n<p data-start=\"343\" data-end=\"578\">Unsere Touren sind perfekt f\u00fcr Anf\u00e4nger, Familien und \u00e4ltere Abenteurer. Sie sind sicher, einfach und werden von erfahrenen Tauchlehrern geleitet. Vom Strand Las Vistas aus genie\u00dfen Sie in kleinen Gruppen und in freundlicher Atmosph\u00e4re ein entspanntes, unvergessliches Erlebnis unter den Wellen. Das Erlebnis dauert etwa 20-25 Minuten.  <\/p>\n<ul>\n<li data-start=\"691\" data-end=\"727\">Atmen Sie normal durch Ihre Nase<\/li>\n<li data-start=\"691\" data-end=\"727\">Halten Sie Ihr Haar, Ihr Make-up und Ihre Brille perfekt in Schuss<\/li>\n<li data-start=\"785\" data-end=\"856\">\n<p data-start=\"787\" data-end=\"856\">Gehen Sie, als ob Sie an Land w\u00e4ren &#8211; aber unter Wasser in einer surrealen Meereswelt<br \/>\n*Jede Tour ist auf maximal 4 Personen begrenzt. Zwei G\u00e4ste gehen unter Wasser, w\u00e4hrend die anderen beiden warten, und wechseln dann. <\/p>\n<\/li>\n<\/ul>\n","protected":false},"excerpt":{"rendered":"<p data-start=\"160\" data-end=\"441\">Ein Unterwasserspaziergang mit einem futuristischen Helm, der Ihnen das Gef\u00fchl gibt, im Weltraum zu spazieren&#8230; nur unter dem Meeresspiegel.<\/p>\n","protected":false},"featured_media":71944,"template":"","meta":{"_acf_changed":false,"_joinchat":[]},"product_brand":[],"product_cat":[273,167],"product_tag":[],"class_list":{"0":"post-71960","1":"product","2":"type-product","3":"status-publish","4":"has-post-thumbnail","6":"product_cat-natur-abenteuer","7":"product_cat-wassersport-teneriffa","9":"first","10":"instock","11":"virtual","12":"sold-individually","13":"purchasable","14":"product-type-booking"},"acf":[],"_links":{"self":[{"href":"https:\/\/thetenerifechannel.com\/de\/wp-json\/wp\/v2\/product\/71960","targetHints":{"allow":["GET"]}}],"collection":[{"href":"https:\/\/thetenerifechannel.com\/de\/wp-json\/wp\/v2\/product"}],"about":[{"href":"https:\/\/thetenerifechannel.com\/de\/wp-json\/wp\/v2\/types\/product"}],"wp:featuredmedia":[{"embeddable":true,"href":"https:\/\/thetenerifechannel.com\/de\/wp-json\/wp\/v2\/media\/71944"}],"wp:attachment":[{"href":"https:\/\/thetenerifechannel.com\/de\/wp-json\/wp\/v2\/media?parent=71960"}],"wp:term":[{"taxonomy":"product_brand","embeddable":true,"href":"https:\/\/thetenerifechannel.com\/de\/wp-json\/wp\/v2\/product_brand?post=71960"},{"taxonomy":"product_cat","embeddable":true,"href":"https:\/\/thetenerifechannel.com\/de\/wp-json\/wp\/v2\/product_cat?post=71960"},{"taxonomy":"product_tag","embeddable":true,"href":"https:\/\/thetenerifechannel.com\/de\/wp-json\/wp\/v2\/product_tag?post=71960"}],"curies":[{"name":"wp","href":"https:\/\/api.w.org\/{rel}","templated":true}]}}