{"id":8555,"date":"2024-05-21T10:53:47","date_gmt":"2024-05-21T10:53:47","guid":{"rendered":"https:\/\/thetenerifechannel.com\/?post_type=product&#038;p=8555"},"modified":"2026-03-09T13:57:56","modified_gmt":"2026-03-09T13:57:56","slug":"monte-cristo-katamaran-3-stunden-tour-copy","status":"publish","type":"product","link":"https:\/\/thetenerifechannel.com\/de\/excursions\/monte-cristo-katamaran-3-stunden-tour-copy\/","title":{"rendered":"Privat-Charter Monte Cristo Katamaran 3-st\u00fcndige Tour"},"content":{"rendered":"<div class=\"flex-shrink-0 flex flex-col relative items-end\">\n<div>\n<div class=\"pt-0.5\">\n<div class=\"gizmo-shadow-stroke flex h-6 w-6 items-center justify-center overflow-hidden rounded-full\"><span style=\"letter-spacing: 0em;\">Genie\u00dfen Sie eine unterhaltsame dreist\u00fcndige private Katamaran-Tour f\u00fcr Gruppen von bis zu 24 Passagieren, inklusive eines k\u00f6stlichen Mittagessens und alkoholischer Getr\u00e4nke. <\/span><\/div>\n<div class=\"gizmo-shadow-stroke flex h-6 w-6 items-center justify-center overflow-hidden rounded-full\"><span style=\"letter-spacing: 0em;\">Beobachten Sie die einheimischen Meeresbewohner wie Wale, Meeresschildkr\u00f6ten und Delfine und nutzen Sie die mitgelieferte Schnorchelausr\u00fcstung. <\/span><\/div>\n<div class=\"gizmo-shadow-stroke flex h-6 w-6 items-center justify-center overflow-hidden rounded-full\"><span style=\"letter-spacing: 0em;\">Entspannen Sie sich mit der Abholung vom Hotel, so dass Sie sich nicht um Transfers k\u00fcmmern m\u00fcssen.<\/span><\/div>\n<div><\/div>\n<div class=\"gizmo-shadow-stroke flex h-6 w-6 items-center justify-center overflow-hidden rounded-full\"><strong>I<\/strong><strong>NICHT EINGESCHLOSSEN:<\/strong><\/div>\n<\/div>\n<\/div>\n<\/div>\n<div class=\"relative flex w-full flex-col lg:w-[calc(100%-115px)] agent-turn\">\n<div class=\"flex-col gap-1 md:gap-3\">\n<div class=\"flex flex-grow flex-col max-w-full\">\n<div class=\"min-h-[20px] text-message flex flex-col items-start gap-3 whitespace-pre-wrap break-words [.text-message+&amp;]:mt-5 overflow-x-auto\" data-message-author-role=\"assistant\" data-message-id=\"438cac28-43c5-4a9e-9167-cf19b3fb492c\">\n<div class=\"markdown prose w-full break-words dark:prose-invert light\">\n<div class=\"relative flex w-full flex-col lg:w-[calc(100%-115px)] agent-turn\">\n<div class=\"flex-col gap-1 md:gap-3\">\n<div class=\"flex flex-grow flex-col max-w-full\">\n<div class=\"min-h-[20px] text-message flex flex-col items-start gap-3 whitespace-pre-wrap break-words [.text-message+&amp;]:mt-5 overflow-x-auto\" data-message-author-role=\"assistant\" data-message-id=\"452772fb-9ab2-467a-8880-fbf096d105a2\">\n<div class=\"markdown prose w-full break-words dark:prose-invert light\">\n<div class=\"relative flex w-full flex-col lg:w-[calc(100%-115px)] agent-turn\">\n<div class=\"flex-col gap-1 md:gap-3\">\n<div class=\"flex flex-grow flex-col max-w-full\">\n<div class=\"min-h-[20px] text-message flex flex-col items-start gap-3 whitespace-pre-wrap break-words [.text-message+&amp;]:mt-5 overflow-x-auto\" data-message-author-role=\"assistant\" data-message-id=\"388e8325-731f-458a-b520-1f2a2b311292\">\n<div class=\"markdown prose w-full break-words dark:prose-invert light\">\n<ul>\n<li>Essen und Trinken.<\/li>\n<li>Alkoholische Getr\u00e4nke<\/li>\n<li>Wasser in Flaschen<\/li>\n<li>Schnorchelausr\u00fcstung.<\/li>\n<li>Transport aus dem S\u00fcden.<\/li>\n<li>Schwimmwesten.<\/li>\n<li>Kleine Gruppen &#8211; maximal 24 Passagiere.<\/li>\n<\/ul>\n<p><strong>NICHT INBEGRIFFEN:<\/strong><\/p>\n<ul>\n<li>Handt\u00fccher<\/li>\n<li>Sonnenschutz<\/li>\n<\/ul>\n<\/div>\n<\/div>\n<\/div>\n<\/div>\n<\/div>\n<\/div>\n<\/div>\n<\/div>\n<\/div>\n<\/div>\n<\/div>\n<\/div>\n<\/div>\n<\/div>\n<\/div>\n","protected":false},"excerpt":{"rendered":"<div class=\"flex-shrink-0 flex flex-col relative items-end\">\n<div class=\"pt-0.5\">\n<div class=\"gizmo-shadow-stroke flex h-6 w-6 items-center justify-center overflow-hidden rounded-full\">Erleben Sie den ultimativen Luxus auf diesem exklusiven privaten Katamaran-Charter. Entdecken Sie Wale und Delfine in ihrem nat\u00fcrlichen Lebensraum, genie\u00dfen Sie ein schmackhaftes Buffet an Bord und erkunden Sie die Unterwasserwelt bei einem Schnorchelausflug. Perfekt f\u00fcr Familien, Freunde oder Paare, die einen besonderen Tag auf dem Wasser verbringen m\u00f6chten.  <\/div>\n<\/div>\n<\/div>\n","protected":false},"featured_media":5613,"template":"","meta":{"_acf_changed":false,"_joinchat":[]},"product_brand":[],"product_cat":[230,150],"product_tag":[],"class_list":{"0":"post-8555","1":"product","2":"type-product","3":"status-publish","4":"has-post-thumbnail","6":"product_cat-privat-charter-teneriffa","7":"product_cat-walbeobachtung-teneriffa","8":"pa_depart-from-sueden-der-insel","10":"first","11":"instock","12":"virtual","13":"sold-individually","14":"purchasable","15":"product-type-booking"},"acf":[],"_links":{"self":[{"href":"https:\/\/thetenerifechannel.com\/de\/wp-json\/wp\/v2\/product\/8555","targetHints":{"allow":["GET"]}}],"collection":[{"href":"https:\/\/thetenerifechannel.com\/de\/wp-json\/wp\/v2\/product"}],"about":[{"href":"https:\/\/thetenerifechannel.com\/de\/wp-json\/wp\/v2\/types\/product"}],"wp:featuredmedia":[{"embeddable":true,"href":"https:\/\/thetenerifechannel.com\/de\/wp-json\/wp\/v2\/media\/5613"}],"wp:attachment":[{"href":"https:\/\/thetenerifechannel.com\/de\/wp-json\/wp\/v2\/media?parent=8555"}],"wp:term":[{"taxonomy":"product_brand","embeddable":true,"href":"https:\/\/thetenerifechannel.com\/de\/wp-json\/wp\/v2\/product_brand?post=8555"},{"taxonomy":"product_cat","embeddable":true,"href":"https:\/\/thetenerifechannel.com\/de\/wp-json\/wp\/v2\/product_cat?post=8555"},{"taxonomy":"product_tag","embeddable":true,"href":"https:\/\/thetenerifechannel.com\/de\/wp-json\/wp\/v2\/product_tag?post=8555"}],"curies":[{"name":"wp","href":"https:\/\/api.w.org\/{rel}","templated":true}]}}