{"id":8696,"date":"2024-03-24T19:37:33","date_gmt":"2024-03-24T19:37:33","guid":{"rendered":"https:\/\/thetenerifechannel.com\/excursions\/unkategorisiert\/angeln-4-stunden\/"},"modified":"2026-03-09T13:57:56","modified_gmt":"2026-03-09T13:57:56","slug":"angeln-4-stunden","status":"publish","type":"product","link":"https:\/\/thetenerifechannel.com\/de\/excursions\/angeln-4-stunden\/","title":{"rendered":"Angeln &#8211; 4 Stunden"},"content":{"rendered":"<p>Nehmen Sie an einem gemeinsamen Charter-Abenteuer teil, komplett ausgestattet f\u00fcr eine gro\u00dfartige Angelreise. Sie haben die M\u00f6glichkeit, Barrakudas, Schnapper und andere Arten mit leichten Angeln und K\u00f6dern zu fangen. Au\u00dferdem fischen Sie an der K\u00fcste Teneriffas nach Marlin, Mahi Mahi, Thunfisch, Wahoo und mehr.  <\/p>\n<p>Das Team gibt Ihnen eine ausf\u00fchrliche Einf\u00fchrung in alle Angeltechniken und Kenntnisse, die Sie ben\u00f6tigen, um ein versierter Angler zu werden. Sie werden w\u00e4hrend des gesamten Ausflugs begleitet, so dass Sie sich keine Sorgen \u00fcber Ihr Erfahrungsniveau machen m\u00fcssen. <\/p>\n<p>Die gemeinsamen Charters starten um 09:00 Uhr morgens und um 02:00 Uhr nachmittags und bieten somit t\u00e4glich zwei Gelegenheiten, die Freude und den Nervenkitzel des Angelns zu entdecken. Das Hauptziel ist es, Ihnen die Magie und die Leidenschaft f\u00fcr das Angeln n\u00e4her zu bringen, aber auch vor der S\u00fcd- und Westk\u00fcste von Teneriffa warten Wunder und eine ganz neue Lebenserfahrung auf Sie. <\/p>\n<p>Als kr\u00f6nenden Abschluss Ihres Abenteuers k\u00f6nnen Sie bis zu 5 kg Ihres Fangs mit nach Hause nehmen &#8211; perfekt f\u00fcr ein feierliches BBQ!<br \/>\n*Toiletten und Sonnenliegen sind f\u00fcr Zuschauer verf\u00fcgbar.<\/p>\n<p><strong>Eingeschlossen:<\/strong><\/p>\n<ul>\n<li>Alle Angelger\u00e4te<\/li>\n<li>Angelschein<\/li>\n<li>Getr\u00e4nke (Wasser, Bier und Erfrischungen).<\/li>\n<\/ul>\n<p><strong>Nicht enthalten:<\/strong><\/p>\n<ul>\n<li>Transport<\/li>\n<li>Essen*nur ein Zuschauer pro Angler<\/li>\n<\/ul>\n","protected":false},"excerpt":{"rendered":"<p>Werden Sie zum Fischer und erkunden Sie die reichen Fischgr\u00fcnde entlang der K\u00fcste Teneriffas auf einem 4-st\u00fcndigen Angelausflug mit der besten Ausr\u00fcstung und einer erfahrenen Crew.<\/p>\n","protected":false},"featured_media":7593,"template":"","meta":{"_acf_changed":false,"_joinchat":[]},"product_brand":[],"product_cat":[205,167],"product_tag":[],"class_list":{"0":"post-8696","1":"product","2":"type-product","3":"status-publish","4":"has-post-thumbnail","6":"product_cat-angeln-auf-teneriffa","7":"product_cat-wassersport-teneriffa","8":"pa_depart-from-sueden-der-insel","10":"first","11":"instock","12":"virtual","13":"sold-individually","14":"purchasable","15":"product-type-booking"},"acf":[],"_links":{"self":[{"href":"https:\/\/thetenerifechannel.com\/de\/wp-json\/wp\/v2\/product\/8696","targetHints":{"allow":["GET"]}}],"collection":[{"href":"https:\/\/thetenerifechannel.com\/de\/wp-json\/wp\/v2\/product"}],"about":[{"href":"https:\/\/thetenerifechannel.com\/de\/wp-json\/wp\/v2\/types\/product"}],"wp:featuredmedia":[{"embeddable":true,"href":"https:\/\/thetenerifechannel.com\/de\/wp-json\/wp\/v2\/media\/7593"}],"wp:attachment":[{"href":"https:\/\/thetenerifechannel.com\/de\/wp-json\/wp\/v2\/media?parent=8696"}],"wp:term":[{"taxonomy":"product_brand","embeddable":true,"href":"https:\/\/thetenerifechannel.com\/de\/wp-json\/wp\/v2\/product_brand?post=8696"},{"taxonomy":"product_cat","embeddable":true,"href":"https:\/\/thetenerifechannel.com\/de\/wp-json\/wp\/v2\/product_cat?post=8696"},{"taxonomy":"product_tag","embeddable":true,"href":"https:\/\/thetenerifechannel.com\/de\/wp-json\/wp\/v2\/product_tag?post=8696"}],"curies":[{"name":"wp","href":"https:\/\/api.w.org\/{rel}","templated":true}]}}