{"id":9155,"date":"2024-06-17T14:24:16","date_gmt":"2024-06-17T14:24:16","guid":{"rendered":"https:\/\/thetenerifechannel.com\/excursions\/unkategorisiert\/flipper-uno\/"},"modified":"2026-03-09T13:57:45","modified_gmt":"2026-03-09T13:57:45","slug":"flipper-uno","status":"publish","type":"product","link":"https:\/\/thetenerifechannel.com\/de\/excursions\/flipper-uno\/","title":{"rendered":"Flipper Uno &#8211; 3 Stunden"},"content":{"rendered":"<p>Wir verlassen den Hafen von Los Gigantes, um uns auf die Suche nach Delfinen oder Walen zu begeben. Je nach Wetter- und Seebedingungen werden wir mindestens einen von ihnen sehen.<\/p>\n<p>Nachdem wir diese wundersch\u00f6nen Tiere in ihrem nat\u00fcrlichen Lebensraum gesehen haben, kreuzen wir in der N\u00e4he der majest\u00e4tischen Klippen von Masca und Los Gigantes, die mit einer H\u00f6he von fast 600 Metern zu den h\u00f6chsten der Welt geh\u00f6ren. Dann ankern wir in einer Bucht, in der Sie entweder \u00fcber eine Leiter oder, was noch aufregender ist, mit einer Seilrutsche schwimmen k\u00f6nnen.<br \/>\nDanach servieren wir Ihnen ein Mittagessen und w\u00e4hrend des gesamten Ausflugs stehen Getr\u00e4nke wie Rotwein, Bier, Softdrinks und Wasser zur freien Verf\u00fcgung.<br \/>\nEin mehrsprachiger Reisef\u00fchrer wird Ihnen w\u00e4hrend der gesamten Fahrt Einblicke geben.<br \/>\nUnser Segelt\u00f6rn endet zur\u00fcck am Pier von Los Gigantes. Denken Sie daran, Ihre Kamera, Badekleidung und gute Laune mitzubringen.  <\/p>\n<p><strong>INKLUSIVE:<\/strong><\/p>\n<ul>\n<li>Fachkundiger F\u00fchrer<\/li>\n<li>Mittagessen und Getr\u00e4nke<\/li>\n<li>Schwimmstopp<\/li>\n<\/ul>\n<p><strong>NICHT INBEGRIFFEN:<\/strong><\/p>\n<ul>\n<li>Transport<\/li>\n<\/ul>\n","protected":false},"excerpt":{"rendered":"<p><span>Starten Sie von Los Gigantes aus zu einer Wal- oder Delfinbeobachtung auf diesem einzigartigen Piratenschiff!<br \/>\nGenie\u00dfen Sie ein Bad in der Bucht und ein Mittagessen und bewundern Sie die sch\u00f6nen Klippen von Los Gigantes.<\/span><\/p>\n","protected":false},"featured_media":9142,"template":"","meta":{"_acf_changed":false,"_joinchat":[]},"product_brand":[],"product_cat":[150],"product_tag":[],"class_list":{"0":"post-9155","1":"product","2":"type-product","3":"status-publish","4":"has-post-thumbnail","6":"product_cat-walbeobachtung-teneriffa","7":"pa_depart-from-sueden-der-insel","9":"first","10":"instock","11":"virtual","12":"sold-individually","13":"purchasable","14":"product-type-booking"},"acf":[],"_links":{"self":[{"href":"https:\/\/thetenerifechannel.com\/de\/wp-json\/wp\/v2\/product\/9155","targetHints":{"allow":["GET"]}}],"collection":[{"href":"https:\/\/thetenerifechannel.com\/de\/wp-json\/wp\/v2\/product"}],"about":[{"href":"https:\/\/thetenerifechannel.com\/de\/wp-json\/wp\/v2\/types\/product"}],"wp:featuredmedia":[{"embeddable":true,"href":"https:\/\/thetenerifechannel.com\/de\/wp-json\/wp\/v2\/media\/9142"}],"wp:attachment":[{"href":"https:\/\/thetenerifechannel.com\/de\/wp-json\/wp\/v2\/media?parent=9155"}],"wp:term":[{"taxonomy":"product_brand","embeddable":true,"href":"https:\/\/thetenerifechannel.com\/de\/wp-json\/wp\/v2\/product_brand?post=9155"},{"taxonomy":"product_cat","embeddable":true,"href":"https:\/\/thetenerifechannel.com\/de\/wp-json\/wp\/v2\/product_cat?post=9155"},{"taxonomy":"product_tag","embeddable":true,"href":"https:\/\/thetenerifechannel.com\/de\/wp-json\/wp\/v2\/product_tag?post=9155"}],"curies":[{"name":"wp","href":"https:\/\/api.w.org\/{rel}","templated":true}]}}