{"id":92020,"date":"2025-08-20T06:43:11","date_gmt":"2025-08-20T06:43:11","guid":{"rendered":"https:\/\/thetenerifechannel.com\/excursions\/kajak-und-schnorcheln\/"},"modified":"2025-08-20T06:43:11","modified_gmt":"2025-08-20T06:43:11","slug":"kajak-und-schnorcheln","status":"publish","type":"product","link":"https:\/\/thetenerifechannel.com\/de\/excursions\/kajak-und-schnorcheln\/","title":{"rendered":"Kajak und Schnorcheln"},"content":{"rendered":"<p data-start=\"146\" data-end=\"412\"><span>Genie\u00dfen Sie ein 2,5-st\u00fcndiges Kajakabenteuer, bei dem Sie nach einer kurzen Sicherheitseinweisung direkt vom Strand aus starten. Wir paddeln entlang der K\u00fcste in Richtung der vorgelagerten Fischfarm, einem Hotspot, an dem h\u00e4ufig Schildkr\u00f6ten, Fischschw\u00e4rme und Seev\u00f6gel zu sehen sind. Bevor wir umkehren, tauchen wir in die Meeresh\u00f6hle von El Palmar ein, um einen genaueren Blick auf diesen beeindruckenden Ort zu werfen. Auf halber Strecke ankern wir f\u00fcr eine entspannte Schnorchel-Session in klarem Wasser &#8211; Maske und Schnorchel inklusive &#8211; mit der Option auf     <\/span>einen Seescooter hinzuf\u00fcgen<span>  so dass Sie m\u00fchelos gleiten und in k\u00fcrzerer Zeit mehr entdecken k\u00f6nnen. Es ist eine landschaftlich reizvolle Route mit vielen Fotomomenten. <\/span><\/p>\n<p>*Inklusive Schnorchelmaske und Schl\u00e4uchen, Paddeln und Schwimmwesten. Es gibt einen Umkleideraum, Schlie\u00dff\u00e4cher und ein Bad im Shop.<br \/>\n*Voraussetzungen: keine Herzkrankheiten, keine Schwangerschaft, keine Anf\u00e4lle oder Narkolepsie. Sie sollten schwimmen k\u00f6nnen und beim Schnorcheln nicht mehr als 110 kg wiegen. Zwei Personen d\u00fcrfen nicht mehr als 180 kg in einem Doppelkajak wiegen.<br \/>\n*Scooter sind gegen eine zus\u00e4tzliche Geb\u00fchr erh\u00e4ltlich.<\/p>\n","protected":false},"excerpt":{"rendered":"<p><span>Genie\u00dfen Sie ein wundersch\u00f6nes Kajak-Abenteuer, erkunden Sie die Meeresh\u00f6hle El Palmar und machen Sie einen entspannten Schnorchel-Stopp.<\/span><\/p>\n","protected":false},"featured_media":74983,"template":"","meta":{"_acf_changed":false,"_joinchat":[]},"product_brand":[],"product_cat":[273,167],"product_tag":[],"class_list":{"0":"post-92020","1":"product","2":"type-product","3":"status-publish","4":"has-post-thumbnail","6":"product_cat-natur-abenteuer","7":"product_cat-wassersport-teneriffa","9":"first","10":"instock","11":"virtual","12":"sold-individually","13":"purchasable","14":"product-type-booking"},"acf":[],"_links":{"self":[{"href":"https:\/\/thetenerifechannel.com\/de\/wp-json\/wp\/v2\/product\/92020","targetHints":{"allow":["GET"]}}],"collection":[{"href":"https:\/\/thetenerifechannel.com\/de\/wp-json\/wp\/v2\/product"}],"about":[{"href":"https:\/\/thetenerifechannel.com\/de\/wp-json\/wp\/v2\/types\/product"}],"wp:featuredmedia":[{"embeddable":true,"href":"https:\/\/thetenerifechannel.com\/de\/wp-json\/wp\/v2\/media\/74983"}],"wp:attachment":[{"href":"https:\/\/thetenerifechannel.com\/de\/wp-json\/wp\/v2\/media?parent=92020"}],"wp:term":[{"taxonomy":"product_brand","embeddable":true,"href":"https:\/\/thetenerifechannel.com\/de\/wp-json\/wp\/v2\/product_brand?post=92020"},{"taxonomy":"product_cat","embeddable":true,"href":"https:\/\/thetenerifechannel.com\/de\/wp-json\/wp\/v2\/product_cat?post=92020"},{"taxonomy":"product_tag","embeddable":true,"href":"https:\/\/thetenerifechannel.com\/de\/wp-json\/wp\/v2\/product_tag?post=92020"}],"curies":[{"name":"wp","href":"https:\/\/api.w.org\/{rel}","templated":true}]}}