{"id":95199,"date":"2025-12-19T11:01:52","date_gmt":"2025-12-19T11:01:52","guid":{"rendered":"https:\/\/thetenerifechannel.com\/?post_type=product&#038;p=95199"},"modified":"2026-04-01T08:50:47","modified_gmt":"2026-04-01T08:50:47","slug":"jetcar-copy","status":"publish","type":"product","link":"https:\/\/thetenerifechannel.com\/de\/excursions\/jetcar-copy\/","title":{"rendered":"Fiat 500 Offshore"},"content":{"rendered":"<p data-start=\"145\" data-end=\"300\"><strong>Entdecken Sie das ultimative Wasserabenteuer auf Teneriffa!<\/strong><br data-start=\"199\" data-end=\"202\">Gehen Sie an Bord und w\u00e4hlen Sie zwischen 40 Minuten, 1 Stunde oder 2 Stunden purer Aufregung auf dem Meer.<\/p>\n<p data-start=\"302\" data-end=\"616\">Dieses au\u00dfergew\u00f6hnliche Motorboot bietet Platz f\u00fcr bis zu 4 Passagiere. Sie \u00fcbernehmen das Steuer und werden zum Kapit\u00e4n Ihres ganz eigenen Fiat 500 auf dem Wasser. Von dem Moment an, in dem Sie an Bord gehen, werden Sie die Freiheit genie\u00dfen, selbst zu navigieren und das Adrenalin zu sp\u00fcren, wenn Sie in diesem wirklich einzigartigen Boot \u00fcber die Wellen gleiten. <\/p>\n<p data-start=\"618\" data-end=\"778\">Mit nur 50 Fiat 500 Booten dieser Art weltweit und 3 hier auf Teneriffa, ist dies eine seltene und exklusive Gelegenheit, die Sie sich nicht entgehen lassen sollten!<\/p>\n<p data-start=\"780\" data-end=\"845\">Reservieren Sie noch heute Ihr Erlebnis und genie\u00dfen Sie die totale Freiheit auf See.<\/p>\n<ul>\n<li>Fahrer: mindestens 18 Jahre alt (F\u00fchrerschein nicht erforderlich)<\/li>\n<li>Treffpunkt: Puerto Colon, Costa Adeje<\/li>\n<\/ul>\n","protected":false},"excerpt":{"rendered":"<p>Sp\u00fcren Sie die Aufregung der offenen See mit dem Fiat 500 Offshore! Setzen Sie sich auf den Fahrersitz Ihres eigenen Fiat 500 und reiten Sie auf den Wellen, w\u00e4hrend Sie die totale Freiheit auf dem Wasser genie\u00dfen. <\/p>\n","protected":false},"featured_media":97148,"template":"","meta":{"_acf_changed":false,"_joinchat":[]},"product_brand":[],"product_cat":[167],"product_tag":[],"class_list":{"0":"post-95199","1":"product","2":"type-product","3":"status-publish","4":"has-post-thumbnail","6":"product_cat-wassersport-teneriffa","8":"first","9":"instock","10":"virtual","11":"sold-individually","12":"purchasable","13":"product-type-booking"},"acf":[],"_links":{"self":[{"href":"https:\/\/thetenerifechannel.com\/de\/wp-json\/wp\/v2\/product\/95199","targetHints":{"allow":["GET"]}}],"collection":[{"href":"https:\/\/thetenerifechannel.com\/de\/wp-json\/wp\/v2\/product"}],"about":[{"href":"https:\/\/thetenerifechannel.com\/de\/wp-json\/wp\/v2\/types\/product"}],"wp:featuredmedia":[{"embeddable":true,"href":"https:\/\/thetenerifechannel.com\/de\/wp-json\/wp\/v2\/media\/97148"}],"wp:attachment":[{"href":"https:\/\/thetenerifechannel.com\/de\/wp-json\/wp\/v2\/media?parent=95199"}],"wp:term":[{"taxonomy":"product_brand","embeddable":true,"href":"https:\/\/thetenerifechannel.com\/de\/wp-json\/wp\/v2\/product_brand?post=95199"},{"taxonomy":"product_cat","embeddable":true,"href":"https:\/\/thetenerifechannel.com\/de\/wp-json\/wp\/v2\/product_cat?post=95199"},{"taxonomy":"product_tag","embeddable":true,"href":"https:\/\/thetenerifechannel.com\/de\/wp-json\/wp\/v2\/product_tag?post=95199"}],"curies":[{"name":"wp","href":"https:\/\/api.w.org\/{rel}","templated":true}]}}