{"id":95733,"date":"2025-12-24T10:41:23","date_gmt":"2025-12-24T10:41:23","guid":{"rendered":"https:\/\/thetenerifechannel.com\/?post_type=product&#038;p=95733"},"modified":"2026-03-19T12:01:16","modified_gmt":"2026-03-19T12:01:16","slug":"tandem-gleitschirmfliegen-flug-zur-basis-des-teide-copy","status":"publish","type":"product","link":"https:\/\/thetenerifechannel.com\/de\/excursions\/tandem-gleitschirmfliegen-flug-zur-basis-des-teide-copy\/","title":{"rendered":"Hubschrauber-Tour"},"content":{"rendered":"<div class=\"flex-shrink-0 flex flex-col relative items-end\">\n<div class=\"pt-0.5\">\n<div class=\"page\" title=\"Seite 1\">\n<div class=\"section\">\n<div class=\"layoutArea\">\n<div class=\"column\">\n<p>Wagen Sie sich an eine der landschaftlich reizvollen Routen und erleben Sie ein unvergessliches Hubschrauberabenteuer! Wenn Sie schon immer davon getr\u00e4umt haben, zu fliegen und neue Erfahrungen aus der Luft zu machen, dann ist dies Ihre Chance.<br \/>\nErkunden Sie die atemberaubenden Landschaften Teneriffas und w\u00e4hlen Sie aus einer Vielzahl von Routen, die jeweils einzigartige Aussichten und unvergessliche Momente bieten. Erleben Sie ein einmaliges Hubschrauberabenteuer \u00fcber Teneriffa!  <\/p>\n<p><span class=\"x19la9d6 x1fc57z9 x6ikm8r x10wlt62 x19co3pv x11tp94h xfibh0p xiy17q3 x1xsqp64 x1lkfr7t xexx8yu xyri2b x18d9i69 x1c1uobl\"><span class=\"xrtxmta x1bhl96m\">\ud83d\udccd<\/span><\/span>Treffpunkt in der Umgebung von Adeje.<\/p>\n<p>&nbsp;<\/p>\n<p><strong>5 VERSCHIEDENE ROUTEN:<\/strong><\/p>\n<p><strong>S\u00fcdk\u00fcste (20km &#8211; 7 min):<\/strong> 1. La Caleta \/ 2. Strand Las Am\u00e9ricas \/ 3. Strand Los Cristianos \/ 4. R\u00fcckweg \u00fcber die K\u00fcste   <\/p>\n<p><strong>Str\u00e4nde und Schluchten (30km &#8211; 10 min): <\/strong>1. La Caleta \/ 2. Strand Las Am\u00e9ricas \/ 3. Strand Los Cristianos \/ 4. Wasserparks \/ 5. Roque del Conde \/ 6. Barranco del Infierno \/ 7. Taucho \/ 8. El Puertito       <\/p>\n<p><strong>Die Klippen der Giganten (50km &#8211; 18 min): <\/strong>1. Golf Costa Adeje \/ 2. La Caleta \/ 3. Strand San Juan \/ 4. Alcal\u00e1 \/ 5. Puerto de Santiago \/ 6. Tamaimo \/ 7. Santiago del Teide \/ 8. Blick auf den Teide \/ 9. R\u00fcckfahrt \u00fcber die K\u00fcste        <\/p>\n<p><strong>Low Island (85km &#8211; 25 min): <\/strong>1. Golf Costa Adeje \/ 2. La Caleta \/ 3. San Juan Beach \/ 4. Alcal\u00e1 \/5. Puerto de Santiago \/ 6. Santiago del Teide \/ 7. Teno \/ 8. Buenavista del Norte \/ 9. Garachico \/ 10. R\u00fcckfahrt \u00fcber Corona Forestal \/ 11. Tamaimo \/ 12. Tejina           <\/p>\n<p><strong>Gran Teide Luxury (120km &#8211; 40 min): <\/strong>1. Golf Costa Adeje \/ 2. La Caleta \/ 3. San Juan Beach \/ 4. Alcal\u00e1 \/5. Puerto de Santiago \/ 6. Santiago del Teide \/ 7. Buenavista del Norte \/ 8. Garachico \/ 9. La Orotava \/ 10. G\u00fc\u00edmar \/ 11. R\u00fcckfahrt \u00fcber Corona Forestal \/ 12. Vilaflor           <\/p>\n<p>&nbsp;<\/p>\n<\/div>\n<p><strong>Nicht enthalten:<\/strong><\/p>\n<\/div>\n<ul style=\"list-style-type: disc;\">\n<li>Transport<\/li>\n<li>Fotos und Videos<\/li>\n<\/ul>\n<\/div>\n<\/div>\n<\/div>\n<\/div>\n","protected":false},"excerpt":{"rendered":"<p>Erleben Sie den Himmel auf Teneriffa!<br data-start=\"36\" data-end=\"39\">Genie\u00dfen Sie Rundfl\u00fcge mit dem Hubschrauber und entdecken Sie die atemberaubenden Landschaften der Insel von oben.<\/p>\n","protected":false},"featured_media":97055,"template":"","meta":{"_acf_changed":false,"_joinchat":[]},"product_brand":[],"product_cat":[149,273,180],"product_tag":[],"class_list":{"0":"post-95733","1":"product","2":"type-product","3":"status-publish","4":"has-post-thumbnail","6":"product_cat-insel-bustouren-teneriffa","7":"product_cat-natur-abenteuer","8":"product_cat-nicht-kategorisiert","9":"pa_depart-from-sueden-der-insel","11":"first","12":"instock","13":"virtual","14":"sold-individually","15":"purchasable","16":"product-type-booking"},"acf":[],"_links":{"self":[{"href":"https:\/\/thetenerifechannel.com\/de\/wp-json\/wp\/v2\/product\/95733","targetHints":{"allow":["GET"]}}],"collection":[{"href":"https:\/\/thetenerifechannel.com\/de\/wp-json\/wp\/v2\/product"}],"about":[{"href":"https:\/\/thetenerifechannel.com\/de\/wp-json\/wp\/v2\/types\/product"}],"wp:featuredmedia":[{"embeddable":true,"href":"https:\/\/thetenerifechannel.com\/de\/wp-json\/wp\/v2\/media\/97055"}],"wp:attachment":[{"href":"https:\/\/thetenerifechannel.com\/de\/wp-json\/wp\/v2\/media?parent=95733"}],"wp:term":[{"taxonomy":"product_brand","embeddable":true,"href":"https:\/\/thetenerifechannel.com\/de\/wp-json\/wp\/v2\/product_brand?post=95733"},{"taxonomy":"product_cat","embeddable":true,"href":"https:\/\/thetenerifechannel.com\/de\/wp-json\/wp\/v2\/product_cat?post=95733"},{"taxonomy":"product_tag","embeddable":true,"href":"https:\/\/thetenerifechannel.com\/de\/wp-json\/wp\/v2\/product_tag?post=95733"}],"curies":[{"name":"wp","href":"https:\/\/api.w.org\/{rel}","templated":true}]}}