{"id":9726,"date":"2024-07-19T13:23:18","date_gmt":"2024-07-19T13:23:18","guid":{"rendered":"https:\/\/thetenerifechannel.com\/?post_type=product&#038;p=9726"},"modified":"2026-03-09T13:57:00","modified_gmt":"2026-03-09T13:57:00","slug":"tandem-gleitschirmfliegen-leistungsflug-copy","status":"publish","type":"product","link":"https:\/\/thetenerifechannel.com\/de\/excursions\/tandem-gleitschirmfliegen-leistungsflug-copy\/","title":{"rendered":"Tandem-Gleitschirmfliegen &#8211; Flug zur Basis des Teide"},"content":{"rendered":"<div class=\"flex-shrink-0 flex flex-col relative items-end\">\n<div class=\"pt-0.5\">\n<div class=\"page\" title=\"Seite 1\">\n<div class=\"section\">\n<div class=\"layoutArea\">\n<div class=\"column\">\n<p><span>Erleben Sie Teneriffa aus einer atemberaubenden Perspektive. Starten Sie aus einer beeindruckenden H\u00f6he von 2250 Metern und genie\u00dfen Sie eine 35-min\u00fctige Fahrt \u00fcber die n\u00f6rdlichen Landschaften der Insel. Gleiten Sie \u00fcber die Wolken und genie\u00dfen Sie den Panoramablick auf den Teide und die umliegende Landschaft. Ihr Flug endet mit einer sanften Landung am Strand und bietet w\u00e4hrend des gesamten Abenteuers eine einzigartige Mischung aus Berg- und K\u00fcstenlandschaften.    <\/span><\/p>\n<\/div>\n<\/div>\n<\/div>\n<\/div>\n<ul>\n<li>35 Minuten Flugzeit.<\/li>\n<li>2250m H\u00f6he.<\/li>\n<\/ul>\n<\/div>\n<\/div>\n","protected":false},"excerpt":{"rendered":"<div class=\"page\" title=\"Seite 1\">\n<div class=\"section\">\n<div class=\"layoutArea\">\n<div class=\"column\">\n<p>Dies ist der legend\u00e4re Flug von Teneriffa. Starten Sie aus 2250 Metern H\u00f6he mit einem atemberaubenden Blick auf den Norden der Insel.<br \/>\nFliegen Sie \u00fcber den Wolken mit Blick auf den Vulkan Teide, reisen Sie durch diese erstaunliche Landschaft und landen Sie am Strand in Puerto de la Cruz. <\/p>\n<\/div>\n<\/div>\n<\/div>\n<\/div>\n","protected":false},"featured_media":9734,"template":"","meta":{"_acf_changed":false,"_joinchat":[]},"product_brand":[],"product_cat":[164],"product_tag":[],"class_list":{"0":"post-9726","1":"product","2":"type-product","3":"status-publish","4":"has-post-thumbnail","6":"product_cat-gleitschirmfliegen-teneriffa","7":"pa_depart-from-sueden-der-insel","9":"first","10":"instock","11":"virtual","12":"sold-individually","13":"purchasable","14":"product-type-booking"},"acf":[],"_links":{"self":[{"href":"https:\/\/thetenerifechannel.com\/de\/wp-json\/wp\/v2\/product\/9726","targetHints":{"allow":["GET"]}}],"collection":[{"href":"https:\/\/thetenerifechannel.com\/de\/wp-json\/wp\/v2\/product"}],"about":[{"href":"https:\/\/thetenerifechannel.com\/de\/wp-json\/wp\/v2\/types\/product"}],"wp:featuredmedia":[{"embeddable":true,"href":"https:\/\/thetenerifechannel.com\/de\/wp-json\/wp\/v2\/media\/9734"}],"wp:attachment":[{"href":"https:\/\/thetenerifechannel.com\/de\/wp-json\/wp\/v2\/media?parent=9726"}],"wp:term":[{"taxonomy":"product_brand","embeddable":true,"href":"https:\/\/thetenerifechannel.com\/de\/wp-json\/wp\/v2\/product_brand?post=9726"},{"taxonomy":"product_cat","embeddable":true,"href":"https:\/\/thetenerifechannel.com\/de\/wp-json\/wp\/v2\/product_cat?post=9726"},{"taxonomy":"product_tag","embeddable":true,"href":"https:\/\/thetenerifechannel.com\/de\/wp-json\/wp\/v2\/product_tag?post=9726"}],"curies":[{"name":"wp","href":"https:\/\/api.w.org\/{rel}","templated":true}]}}