{"id":97943,"date":"2026-01-08T12:48:52","date_gmt":"2026-01-08T12:48:52","guid":{"rendered":"https:\/\/thetenerifechannel.com\/?post_type=product&#038;p=97943"},"modified":"2026-02-14T13:22:55","modified_gmt":"2026-02-14T13:22:55","slug":"paraszierende-copy","status":"publish","type":"product","link":"https:\/\/thetenerifechannel.com\/de\/excursions\/paraszierende-copy\/","title":{"rendered":"Fliegenfische"},"content":{"rendered":"<section class=\"l-section wpb_row height_huge\"><div class=\"l-section-h i-cf\"><div class=\"g-cols vc_row via_grid cols_1 laptops-cols_inherit tablets-cols_inherit mobiles-cols_1 valign_top type_default stacking_default\"><div class=\"wpb_column vc_column_container\"><div class=\"vc_column-inner\"><div class=\"wpb_text_column\"><div class=\"wpb_wrapper\"><p>Fly Fish ist ein aufregendes Wasserabenteuer, bei dem Sie mit Hilfe leistungsstarker Wasserd\u00fcsen \u00fcber dem Meer schweben. Dieses adrenalingeladene Erlebnis kombiniert Geschwindigkeit, Balance und Freiheit und bietet atemberaubende Aussichten und unvergesslichen Nervenkitzel. Perfekt f\u00fcr Abenteuerlustige, die den Ozean auf einzigartige Weise genie\u00dfen m\u00f6chten. Die Aktivit\u00e4t dauert 10 Minuten.   <\/p>\n<p><strong>Eingeschlossen:<\/strong><\/p>\n<ul>\n<li>Treffpunkt am Strand, der Ihrer Unterkunft am n\u00e4chsten liegt.<\/li>\n<li>Elektronisches Ticket. Schwimmweste (obligatorisch)<\/li>\n<\/ul>\n<p><strong>Nicht enthalten:<\/strong><\/p>\n<ul>\n<li>Transport<\/li>\n<li>Erinnerungsfoto<\/li>\n<\/ul>\n<\/div><\/div><\/div><\/div><\/div><\/div><\/section>\n","protected":false},"excerpt":{"rendered":"<p>Sind Sie bereit, \u00fcber den Ozean zu fliegen?<br \/>\nBegeben Sie sich auf ein adrenalingeladenes Wasserabenteuer, bei dem Sie mit Hilfe von starken Wasserd\u00fcsen \u00fcber den Ozean schweben &#8211; ein unvergessliches und einzigartiges Erlebnis.<\/p>\n","protected":false},"featured_media":97952,"template":"","meta":{"_acf_changed":false,"_joinchat":[]},"product_brand":[],"product_cat":[167],"product_tag":[],"class_list":{"0":"post-97943","1":"product","2":"type-product","3":"status-publish","4":"has-post-thumbnail","6":"product_cat-wassersport-teneriffa","7":"pa_depart-from-sueden-der-insel","9":"first","10":"instock","11":"virtual","12":"sold-individually","13":"purchasable","14":"product-type-booking"},"acf":[],"_links":{"self":[{"href":"https:\/\/thetenerifechannel.com\/de\/wp-json\/wp\/v2\/product\/97943","targetHints":{"allow":["GET"]}}],"collection":[{"href":"https:\/\/thetenerifechannel.com\/de\/wp-json\/wp\/v2\/product"}],"about":[{"href":"https:\/\/thetenerifechannel.com\/de\/wp-json\/wp\/v2\/types\/product"}],"wp:featuredmedia":[{"embeddable":true,"href":"https:\/\/thetenerifechannel.com\/de\/wp-json\/wp\/v2\/media\/97952"}],"wp:attachment":[{"href":"https:\/\/thetenerifechannel.com\/de\/wp-json\/wp\/v2\/media?parent=97943"}],"wp:term":[{"taxonomy":"product_brand","embeddable":true,"href":"https:\/\/thetenerifechannel.com\/de\/wp-json\/wp\/v2\/product_brand?post=97943"},{"taxonomy":"product_cat","embeddable":true,"href":"https:\/\/thetenerifechannel.com\/de\/wp-json\/wp\/v2\/product_cat?post=97943"},{"taxonomy":"product_tag","embeddable":true,"href":"https:\/\/thetenerifechannel.com\/de\/wp-json\/wp\/v2\/product_tag?post=97943"}],"curies":[{"name":"wp","href":"https:\/\/api.w.org\/{rel}","templated":true}]}}