{"id":97985,"date":"2026-01-08T13:26:14","date_gmt":"2026-01-08T13:26:14","guid":{"rendered":"https:\/\/thetenerifechannel.com\/?post_type=product&#038;p=97985"},"modified":"2026-02-14T13:21:34","modified_gmt":"2026-02-14T13:21:34","slug":"fliegenfische-copy","status":"publish","type":"product","link":"https:\/\/thetenerifechannel.com\/de\/excursions\/fliegenfische-copy\/","title":{"rendered":"Bananenboot"},"content":{"rendered":"<section class=\"l-section wpb_row height_huge\"><div class=\"l-section-h i-cf\"><div class=\"g-cols vc_row via_grid cols_1 laptops-cols_inherit tablets-cols_inherit mobiles-cols_1 valign_top type_default stacking_default\"><div class=\"wpb_column vc_column_container\"><div class=\"vc_column-inner\"><div class=\"wpb_text_column\"><div class=\"wpb_wrapper\"><p>Machen Sie sich bereit f\u00fcr eine aufregende Fahrt mit unserem Banana Boat! Dieser spa\u00dfige Wassersport ist perfekt f\u00fcr Freunde, Familien und alle, die auf der Suche nach Nervenkitzel auf dem Wasser sind. Steigen Sie in das aufblasbare, bananenf\u00f6rmige Boot, halten Sie sich gut fest und lassen Sie sich vom Schnellboot \u00fcber die Wellen ziehen. Sp\u00fcren Sie den Nervenkitzel, durch das Wasser zu spritzen, mit Ihren Begleitern zu lachen und unvergessliche Erinnerungen zu schaffen. Die Aktivit\u00e4t dauert 10 Minuten.    <\/p>\n<p><strong>Eingeschlossen:<\/strong><\/p>\n<ul>\n<li>Treffpunkt am Strand, der Ihrer Unterkunft am n\u00e4chsten liegt.<\/li>\n<li>Elektronisches Ticket. Schwimmweste (obligatorisch)<\/li>\n<\/ul>\n<p><strong>Nicht enthalten:<\/strong><\/p>\n<ul>\n<li>Transport<\/li>\n<li>Erinnerungsfoto<\/li>\n<\/ul>\n<\/div><\/div><\/div><\/div><\/div><\/div><\/section>\n","protected":false},"excerpt":{"rendered":"<p>Machen Sie sich bereit f\u00fcr Lachen, Planschen und Spa\u00df ohne Ende &#8211; steigen Sie auf unser Bananenboot und lassen Sie das Abenteuer beginnen!<\/p>\n","protected":false},"featured_media":97994,"template":"","meta":{"_acf_changed":false,"_joinchat":[]},"product_brand":[],"product_cat":[167],"product_tag":[],"class_list":{"0":"post-97985","1":"product","2":"type-product","3":"status-publish","4":"has-post-thumbnail","6":"product_cat-wassersport-teneriffa","7":"pa_depart-from-sueden-der-insel","9":"first","10":"instock","11":"virtual","12":"sold-individually","13":"purchasable","14":"product-type-booking"},"acf":[],"_links":{"self":[{"href":"https:\/\/thetenerifechannel.com\/de\/wp-json\/wp\/v2\/product\/97985","targetHints":{"allow":["GET"]}}],"collection":[{"href":"https:\/\/thetenerifechannel.com\/de\/wp-json\/wp\/v2\/product"}],"about":[{"href":"https:\/\/thetenerifechannel.com\/de\/wp-json\/wp\/v2\/types\/product"}],"wp:featuredmedia":[{"embeddable":true,"href":"https:\/\/thetenerifechannel.com\/de\/wp-json\/wp\/v2\/media\/97994"}],"wp:attachment":[{"href":"https:\/\/thetenerifechannel.com\/de\/wp-json\/wp\/v2\/media?parent=97985"}],"wp:term":[{"taxonomy":"product_brand","embeddable":true,"href":"https:\/\/thetenerifechannel.com\/de\/wp-json\/wp\/v2\/product_brand?post=97985"},{"taxonomy":"product_cat","embeddable":true,"href":"https:\/\/thetenerifechannel.com\/de\/wp-json\/wp\/v2\/product_cat?post=97985"},{"taxonomy":"product_tag","embeddable":true,"href":"https:\/\/thetenerifechannel.com\/de\/wp-json\/wp\/v2\/product_tag?post=97985"}],"curies":[{"name":"wp","href":"https:\/\/api.w.org\/{rel}","templated":true}]}}