{"id":98634,"date":"2026-01-12T10:55:33","date_gmt":"2026-01-12T10:55:33","guid":{"rendered":"https:\/\/thetenerifechannel.com\/?post_type=product&#038;p=98634"},"modified":"2026-02-14T13:20:30","modified_gmt":"2026-02-14T13:20:30","slug":"fliegenfische-copy-2","status":"publish","type":"product","link":"https:\/\/thetenerifechannel.com\/de\/excursions\/fliegenfische-copy-2\/","title":{"rendered":"Schieberegler"},"content":{"rendered":"<section class=\"l-section wpb_row height_huge\"><div class=\"l-section-h i-cf\"><div class=\"g-cols vc_row via_grid cols_1 laptops-cols_inherit tablets-cols_inherit mobiles-cols_1 valign_top type_default stacking_default\"><div class=\"wpb_column vc_column_container\"><div class=\"vc_column-inner\"><div class=\"wpb_text_column\"><div class=\"wpb_wrapper\"><p>Halten Sie sich gut fest und machen Sie sich bereit f\u00fcr eine adrenalingeladene Fahrt auf einem aufblasbaren Slider! Dieses aufregende Abenteuer wird von einem Schnellboot \u00fcber das glitzernde Wasser gezogen und ist vollgepackt mit Drehungen, Spr\u00fcngen und Wasserspritzern. Perfekt f\u00fcr Familien, Freunde und alle, die Spa\u00df auf dem Meer suchen. Die Aktivit\u00e4t dauert 10 Minuten.   <\/p>\n<p><strong>Eingeschlossen:<\/strong><\/p>\n<ul>\n<li>Treffpunkt am Strand, der Ihrer Unterkunft am n\u00e4chsten liegt.<\/li>\n<li>Elektronisches Ticket. Schwimmweste (obligatorisch)<\/li>\n<\/ul>\n<p><strong>Nicht enthalten:<\/strong><\/p>\n<ul>\n<li>Transport<\/li>\n<li>Erinnerungsfoto<\/li>\n<\/ul>\n<\/div><\/div><\/div><\/div><\/div><\/div><\/section>\n","protected":false},"excerpt":{"rendered":"<p>Sp\u00fcren Sie den Rausch, wenn Sie sich auf unserem aufblasbaren Slider drehen, springen und \u00fcber die Wellen gleiten &#8211; das ultimative Wasserabenteuer!<\/p>\n","protected":false},"featured_media":102425,"template":"","meta":{"_acf_changed":false,"_joinchat":[]},"product_brand":[],"product_cat":[167],"product_tag":[],"class_list":{"0":"post-98634","1":"product","2":"type-product","3":"status-publish","4":"has-post-thumbnail","6":"product_cat-wassersport-teneriffa","7":"pa_depart-from-sueden-der-insel","9":"first","10":"instock","11":"virtual","12":"sold-individually","13":"purchasable","14":"product-type-booking"},"acf":[],"_links":{"self":[{"href":"https:\/\/thetenerifechannel.com\/de\/wp-json\/wp\/v2\/product\/98634","targetHints":{"allow":["GET"]}}],"collection":[{"href":"https:\/\/thetenerifechannel.com\/de\/wp-json\/wp\/v2\/product"}],"about":[{"href":"https:\/\/thetenerifechannel.com\/de\/wp-json\/wp\/v2\/types\/product"}],"wp:featuredmedia":[{"embeddable":true,"href":"https:\/\/thetenerifechannel.com\/de\/wp-json\/wp\/v2\/media\/102425"}],"wp:attachment":[{"href":"https:\/\/thetenerifechannel.com\/de\/wp-json\/wp\/v2\/media?parent=98634"}],"wp:term":[{"taxonomy":"product_brand","embeddable":true,"href":"https:\/\/thetenerifechannel.com\/de\/wp-json\/wp\/v2\/product_brand?post=98634"},{"taxonomy":"product_cat","embeddable":true,"href":"https:\/\/thetenerifechannel.com\/de\/wp-json\/wp\/v2\/product_cat?post=98634"},{"taxonomy":"product_tag","embeddable":true,"href":"https:\/\/thetenerifechannel.com\/de\/wp-json\/wp\/v2\/product_tag?post=98634"}],"curies":[{"name":"wp","href":"https:\/\/api.w.org\/{rel}","templated":true}]}}