{"id":98649,"date":"2026-01-12T11:05:24","date_gmt":"2026-01-12T11:05:24","guid":{"rendered":"https:\/\/thetenerifechannel.com\/?post_type=product&#038;p=98649"},"modified":"2026-02-14T13:19:19","modified_gmt":"2026-02-14T13:19:19","slug":"schieberegler-copy","status":"publish","type":"product","link":"https:\/\/thetenerifechannel.com\/de\/excursions\/schieberegler-copy\/","title":{"rendered":"Verr\u00fccktes UFO"},"content":{"rendered":"<section class=\"l-section wpb_row height_huge\"><div class=\"l-section-h i-cf\"><div class=\"g-cols vc_row via_grid cols_1 laptops-cols_inherit tablets-cols_inherit mobiles-cols_1 valign_top type_default stacking_default\"><div class=\"wpb_column vc_column_container\"><div class=\"vc_column-inner\"><div class=\"wpb_text_column\"><div class=\"wpb_wrapper\"><p>Steigen Sie ein in das Crazy UFO, ein aufregendes, aufblasbares Fahrzeug, das von einem Schnellboot gezogen wird und \u00fcber das Wasser wirbelt, h\u00fcpft und spritzt &#8211; ein unvergessliches, adrenalingeladenes Abenteuer! Die Aktivit\u00e4t dauert 10 Minuten. <\/p>\n<p><strong>Eingeschlossen:<\/strong><\/p>\n<ul>\n<li>Treffpunkt am Strand, der Ihrer Unterkunft am n\u00e4chsten liegt.<\/li>\n<li>Elektronisches Ticket. Schwimmweste (obligatorisch)<\/li>\n<\/ul>\n<p><strong>Nicht enthalten:<\/strong><\/p>\n<ul>\n<li>Transport<\/li>\n<li>Erinnerungsfoto<\/li>\n<\/ul>\n<\/div><\/div><\/div><\/div><\/div><\/div><\/section>\n","protected":false},"excerpt":{"rendered":"<p>Springen Sie auf das Crazy UFO und erleben Sie den ultimativen Wasserspa\u00df: Drehen, h\u00fcpfen und spritzen Sie sich Ihren Weg zu unendlichem Spa\u00df!<\/p>\n","protected":false},"featured_media":102031,"template":"","meta":{"_acf_changed":false,"_joinchat":[]},"product_brand":[],"product_cat":[167],"product_tag":[],"class_list":{"0":"post-98649","1":"product","2":"type-product","3":"status-publish","4":"has-post-thumbnail","6":"product_cat-wassersport-teneriffa","7":"pa_depart-from-sueden-der-insel","9":"first","10":"instock","11":"virtual","12":"sold-individually","13":"purchasable","14":"product-type-booking"},"acf":[],"_links":{"self":[{"href":"https:\/\/thetenerifechannel.com\/de\/wp-json\/wp\/v2\/product\/98649","targetHints":{"allow":["GET"]}}],"collection":[{"href":"https:\/\/thetenerifechannel.com\/de\/wp-json\/wp\/v2\/product"}],"about":[{"href":"https:\/\/thetenerifechannel.com\/de\/wp-json\/wp\/v2\/types\/product"}],"wp:featuredmedia":[{"embeddable":true,"href":"https:\/\/thetenerifechannel.com\/de\/wp-json\/wp\/v2\/media\/102031"}],"wp:attachment":[{"href":"https:\/\/thetenerifechannel.com\/de\/wp-json\/wp\/v2\/media?parent=98649"}],"wp:term":[{"taxonomy":"product_brand","embeddable":true,"href":"https:\/\/thetenerifechannel.com\/de\/wp-json\/wp\/v2\/product_brand?post=98649"},{"taxonomy":"product_cat","embeddable":true,"href":"https:\/\/thetenerifechannel.com\/de\/wp-json\/wp\/v2\/product_cat?post=98649"},{"taxonomy":"product_tag","embeddable":true,"href":"https:\/\/thetenerifechannel.com\/de\/wp-json\/wp\/v2\/product_tag?post=98649"}],"curies":[{"name":"wp","href":"https:\/\/api.w.org\/{rel}","templated":true}]}}