{"id":98669,"date":"2026-01-12T11:25:07","date_gmt":"2026-01-12T11:25:07","guid":{"rendered":"https:\/\/thetenerifechannel.com\/?post_type=product&#038;p=98669"},"modified":"2026-02-14T12:20:00","modified_gmt":"2026-02-14T12:20:00","slug":"inselrundfahrt-teide-masca-garachico-von-suden-copy","status":"publish","type":"product","link":"https:\/\/thetenerifechannel.com\/de\/excursions\/inselrundfahrt-teide-masca-garachico-von-suden-copy\/","title":{"rendered":"Inselrundfahrt: Candelaria &#8211; La Orotava &#8211; Garachico &#8211; Masca (von S\u00fcden)"},"content":{"rendered":"<section class=\"l-section wpb_row height_huge\"><div class=\"l-section-h i-cf\"><div class=\"g-cols vc_row via_grid cols_1 laptops-cols_inherit tablets-cols_inherit mobiles-cols_1 valign_top type_default stacking_default\"><div class=\"wpb_column vc_column_container\"><div class=\"vc_column-inner\"><div class=\"wpb_text_column\"><div class=\"wpb_wrapper\"><div class=\"flex-shrink-0 flex flex-col relative items-end\">\n<div class=\"pt-0.5\">\n<div class=\"gizmo-shadow-stroke flex h-6 w-6 items-center justify-center overflow-hidden rounded-full\">\n<p>Erleben Sie die Essenz Teneriffas an einem einzigen Tag auf dieser Ganztagestour. Beginnen Sie in der K\u00fcstenstadt Candelaria, wo sich die beeindruckende Basilika und die Bronzestatuen der alten Guanchenk\u00f6nige befinden. Weiter geht es in die historische Stadt La Orotava, wo Sie durch die charmanten Stra\u00dfen schlendern und Wahrzeichen wie die Casa de Los Balcones und die Plaza del Ayuntamiento besuchen. Als n\u00e4chstes erkunden Sie Garachico, eine malerische Stadt, die durch einen Vulkanausbruch entstanden ist. Zu den H\u00f6hepunkten geh\u00f6ren die nat\u00fcrlichen Pools von El Calet\u00f3n und das Castillo de San Miguel. Genie\u00dfen Sie Zeit zum Mittagessen, bevor Sie in die atemberaubenden Landschaften des Teno Rural Park fahren und das traditionelle Dorf Masca erreichen, das inmitten atemberaubender Klippen liegt.    <\/p>\n<\/div>\n<\/div>\n<\/div>\n<div class=\"relative flex w-full flex-col lg:w-&#091;calc(100%-115px)&#093; agent-turn\">\n<div class=\"flex-col gap-1 md:gap-3\">\n<div class=\"flex flex-grow flex-col max-w-full\">\n<div class=\"min-h-&#091;20px&#093; text-message flex flex-col items-start gap-3 whitespace-pre-wrap break-words &#091;.text-message+&amp;&#093;:mt-5 overflow-x-auto\" data-message-author-role=\"assistant\" data-message-id=\"1b594d4d-875f-4ede-8698-e67da448c8b8\">\n<p>Zum Abschluss dieses unvergesslichen Ausflugs machen wir uns auf den Weg zur\u00fcck zu den Hotels.<br \/>\nDauer: ca. 9 Stunden.<\/p>\n<p><strong>Inklusive:<\/strong><\/p>\n<\/div>\n<\/div>\n<\/div>\n<\/div>\n<ul>\n<li>Klimatisierter Bus mit Ermessensspielraum<\/li>\n<li>Offizieller Leitfaden<\/li>\n<\/ul>\n<p><strong>Nicht enthalten:<\/strong><\/p>\n<ul>\n<li>Mittagessen<\/li>\n<\/ul>\n<\/div><\/div><\/div><\/div><\/div><\/div><\/section>\n","protected":false},"excerpt":{"rendered":"<p>Entdecken Sie die Essenz Teneriffas an einem einzigen Tag auf dieser Inselrundfahrt, bei der Sie die sch\u00f6nsten und historischsten Orte wie Candelaria, La Orotava, Garachico und Masca besuchen.<\/p>\n","protected":false},"featured_media":98702,"template":"","meta":{"_acf_changed":false,"_joinchat":[]},"product_brand":[],"product_cat":[149],"product_tag":[],"class_list":{"0":"post-98669","1":"product","2":"type-product","3":"status-publish","4":"has-post-thumbnail","6":"product_cat-insel-bustouren-teneriffa","7":"pa_depart-from-sueden-der-insel","9":"first","10":"instock","11":"virtual","12":"sold-individually","13":"purchasable","14":"product-type-booking"},"acf":[],"_links":{"self":[{"href":"https:\/\/thetenerifechannel.com\/de\/wp-json\/wp\/v2\/product\/98669","targetHints":{"allow":["GET"]}}],"collection":[{"href":"https:\/\/thetenerifechannel.com\/de\/wp-json\/wp\/v2\/product"}],"about":[{"href":"https:\/\/thetenerifechannel.com\/de\/wp-json\/wp\/v2\/types\/product"}],"wp:featuredmedia":[{"embeddable":true,"href":"https:\/\/thetenerifechannel.com\/de\/wp-json\/wp\/v2\/media\/98702"}],"wp:attachment":[{"href":"https:\/\/thetenerifechannel.com\/de\/wp-json\/wp\/v2\/media?parent=98669"}],"wp:term":[{"taxonomy":"product_brand","embeddable":true,"href":"https:\/\/thetenerifechannel.com\/de\/wp-json\/wp\/v2\/product_brand?post=98669"},{"taxonomy":"product_cat","embeddable":true,"href":"https:\/\/thetenerifechannel.com\/de\/wp-json\/wp\/v2\/product_cat?post=98669"},{"taxonomy":"product_tag","embeddable":true,"href":"https:\/\/thetenerifechannel.com\/de\/wp-json\/wp\/v2\/product_tag?post=98669"}],"curies":[{"name":"wp","href":"https:\/\/api.w.org\/{rel}","templated":true}]}}