{"id":99155,"date":"2026-01-13T12:00:13","date_gmt":"2026-01-13T12:00:13","guid":{"rendered":"https:\/\/thetenerifechannel.com\/?post_type=product&#038;p=99155"},"modified":"2026-02-14T12:17:48","modified_gmt":"2026-02-14T12:17:48","slug":"inselrundfahrt-candelaria-la-orotava-garachico-masca-von-suden-copy","status":"publish","type":"product","link":"https:\/\/thetenerifechannel.com\/de\/excursions\/inselrundfahrt-candelaria-la-orotava-garachico-masca-von-suden-copy\/","title":{"rendered":"Transfer Puerto de la Cruz"},"content":{"rendered":"<section class=\"l-section wpb_row height_huge\"><div class=\"l-section-h i-cf\"><div class=\"g-cols vc_row via_grid cols_1 laptops-cols_inherit tablets-cols_inherit mobiles-cols_1 valign_top type_default stacking_default\"><div class=\"wpb_column vc_column_container\"><div class=\"vc_column-inner\"><div class=\"wpb_text_column\"><div class=\"wpb_wrapper\"><div class=\"flex-shrink-0 flex flex-col relative items-end\">\n<div class=\"pt-0.5\">\n<div class=\"gizmo-shadow-stroke flex h-6 w-6 items-center justify-center overflow-hidden rounded-full\">\n<p>Erkunden Sie Puerto de la Cruz &#8211; Hin- und R\u00fccktransfer<\/p>\n<p>M\u00f6chten Sie einen Tag lang die charmante Stadt Puerto de la Cruz an der Nordk\u00fcste von Teneriffa erkunden? Diese malerische Stadt ist ber\u00fchmt f\u00fcr ihre sch\u00f6ne Strandpromenade, die traditionelle kanarische Architektur und die lebhaften Pl\u00e4tze. Schlendern Sie entlang der Uferpromenade, genie\u00dfen Sie die lokalen Gesch\u00e4fte, Caf\u00e9s und Restaurants oder lassen Sie einfach die entspannte Atmosph\u00e4re an der K\u00fcste auf sich wirken.  <\/p>\n<p>Unser Hin- und R\u00fccktransfer bringt Sie direkt in die N\u00e4he des Loro Parque, nur einen kurzen Spaziergang von der Promenade von Puerto de la Cruz entfernt, so dass Sie gen\u00fcgend Zeit haben, die Stadt in Ihrem eigenen Tempo zu erkunden.<\/p>\n<p>Genie\u00dfen Sie einen stressfreien Tag in einer der reizvollsten St\u00e4dte Teneriffas, inklusive bequemem Transport in beide Richtungen.<\/p>\n<p>Dauer: etwa 8 Stunden.<\/p>\n<p>&nbsp;<\/p>\n<\/div>\n<\/div>\n<\/div>\n<div class=\"relative flex w-full flex-col lg:w-&#091;calc(100%-115px)&#093; agent-turn\">\n<div class=\"flex-col gap-1 md:gap-3\">\n<div class=\"flex flex-grow flex-col max-w-full\">\n<div class=\"min-h-&#091;20px&#093; text-message flex flex-col items-start gap-3 whitespace-pre-wrap break-words &#091;.text-message+&amp;&#093;:mt-5 overflow-x-auto\" data-message-author-role=\"assistant\" data-message-id=\"1b594d4d-875f-4ede-8698-e67da448c8b8\">\n<p><strong>Eingeschlossen:<\/strong><\/p>\n<ul>\n<li>Klimatisierter Bus mit Ermessensspielraum<\/li>\n<\/ul>\n<p><strong>Nicht enthalten:<\/strong><\/p>\n<ul>\n<li>Mittagessen<\/li>\n<\/ul>\n<\/div>\n<\/div>\n<\/div>\n<\/div>\n<\/div><\/div><\/div><\/div><\/div><\/div><\/section>\n","protected":false},"excerpt":{"rendered":"<p>Entspannen Sie sich und genie\u00dfen Sie Puerto de la Cruz, wir k\u00fcmmern uns um Ihren Transfer, der im S\u00fcden der Insel beginnt.<\/p>\n","protected":false},"featured_media":99165,"template":"","meta":{"_acf_changed":false,"_joinchat":[]},"product_brand":[],"product_cat":[149,180],"product_tag":[],"class_list":{"0":"post-99155","1":"product","2":"type-product","3":"status-publish","4":"has-post-thumbnail","6":"product_cat-insel-bustouren-teneriffa","7":"product_cat-nicht-kategorisiert","8":"pa_depart-from-sueden-der-insel","10":"first","11":"instock","12":"virtual","13":"sold-individually","14":"purchasable","15":"product-type-booking"},"acf":[],"_links":{"self":[{"href":"https:\/\/thetenerifechannel.com\/de\/wp-json\/wp\/v2\/product\/99155","targetHints":{"allow":["GET"]}}],"collection":[{"href":"https:\/\/thetenerifechannel.com\/de\/wp-json\/wp\/v2\/product"}],"about":[{"href":"https:\/\/thetenerifechannel.com\/de\/wp-json\/wp\/v2\/types\/product"}],"wp:featuredmedia":[{"embeddable":true,"href":"https:\/\/thetenerifechannel.com\/de\/wp-json\/wp\/v2\/media\/99165"}],"wp:attachment":[{"href":"https:\/\/thetenerifechannel.com\/de\/wp-json\/wp\/v2\/media?parent=99155"}],"wp:term":[{"taxonomy":"product_brand","embeddable":true,"href":"https:\/\/thetenerifechannel.com\/de\/wp-json\/wp\/v2\/product_brand?post=99155"},{"taxonomy":"product_cat","embeddable":true,"href":"https:\/\/thetenerifechannel.com\/de\/wp-json\/wp\/v2\/product_cat?post=99155"},{"taxonomy":"product_tag","embeddable":true,"href":"https:\/\/thetenerifechannel.com\/de\/wp-json\/wp\/v2\/product_tag?post=99155"}],"curies":[{"name":"wp","href":"https:\/\/api.w.org\/{rel}","templated":true}]}}