{"id":99446,"date":"2026-01-14T11:58:13","date_gmt":"2026-01-14T11:58:13","guid":{"rendered":"https:\/\/thetenerifechannel.com\/?post_type=product&#038;p=99446"},"modified":"2026-02-14T13:17:53","modified_gmt":"2026-02-14T13:17:53","slug":"jet-ski-safari-1-stunde-copy-2","status":"publish","type":"product","link":"https:\/\/thetenerifechannel.com\/de\/excursions\/jet-ski-safari-1-stunde-copy-2\/","title":{"rendered":"Flash Jet Ski"},"content":{"rendered":"<section class=\"l-section wpb_row height_huge\"><div class=\"l-section-h i-cf\"><div class=\"g-cols vc_row via_grid cols_1 laptops-cols_inherit tablets-cols_inherit mobiles-cols_1 valign_top type_default stacking_default\"><div class=\"wpb_column vc_column_container\"><div class=\"vc_column-inner\"><div class=\"wpb_text_column\"><div class=\"wpb_wrapper\"><p>Jetskifahren ist eine aufregende und rasante Aktivit\u00e4t, die f\u00fcr alle Alters- und K\u00f6nnensstufen geeignet ist. Ganz gleich, ob Sie ein Neuling oder ein erfahrener Fahrer sind, die Gew\u00e4sser Teneriffas auf einem Jetski zu erkunden ist ein unvergessliches Abenteuer. <\/p>\n<p>Nehmen Sie an einer gef\u00fchrten Tour teil und entdecken Sie die atemberaubende K\u00fcstenlinie und die umliegenden Berge aus einer einzigartigen Perspektive vom Wasser aus. Sie k\u00f6nnen w\u00e4hlen, ob Sie alleine oder im Tandem fahren und den Nervenkitzel mit einem Freund oder einem Familienmitglied teilen. <\/p>\n<p>Wir bieten zwei Touren an, die Ihren Vorlieben entsprechen: eine einst\u00fcndige Jetski-Safari, die perfekt ist, um in diese aufregende Aktivit\u00e4t hineinzuschnuppern, oder ein zweist\u00fcndiges Abenteuer f\u00fcr diejenigen, die das Beste aus ihrer Zeit auf dem Wasser machen wollen. Lehnen Sie sich zur\u00fcck, entspannen Sie sich und lassen Sie uns alle Details regeln, damit Sie ein sorgenfreies, adrenalingeladenes Erlebnis genie\u00dfen k\u00f6nnen. <\/p>\n<p>&nbsp;<\/p>\n<p><strong>Eingeschlossen:<\/strong><\/p>\n<ul>\n<li>Fahren Sie entlang der S\u00fcdwestk\u00fcste von Teneriffa.\n<ul>\n<li>1 Stunde: Las Galletas &#8211; El Fraile &#8211; Palm Mar<\/li>\n<li>2 Stunden: Las Galletas &#8211; El Fraile &#8211; Palm Mar &#8211; Los Cristianos<\/li>\n<\/ul>\n<\/li>\n<li>Transport von den wichtigsten Abholpunkten in verschiedenen Gebieten: Los Cristianos \/ Las Am\u00e9ricas<\/li>\n<li>Elektronisches Ticket.<\/li>\n<li>Schwimmweste (obligatorisch)<\/li>\n<li>Fachkundiger F\u00fchrer<\/li>\n<\/ul>\n<p><strong>Nicht enthalten:<\/strong><\/p>\n<ul>\n<li>Foto-Souvenir<\/li>\n<\/ul>\n<p><strong>Bitte kontaktieren Sie uns bei der Buchung, um die Verf\u00fcgbarkeit zu pr\u00fcfen.<\/strong><\/p>\n<p>*Mindestalter der Passagiere: 5-6 Jahre (m\u00f6glich hinter einem Elternteil)<br \/>\n*Mindestalter des Fahrers: 16 Jahre<br \/>\n*Gewichtsbeschr\u00e4nkung einzelner Jetski: max. 120 kg.<br \/>\n*Gewichtsbeschr\u00e4nkung Doppel-Jetski: max. 160 kg.<\/p>\n<\/div><\/div><\/div><\/div><\/div><\/div><\/section>\n","protected":false},"excerpt":{"rendered":"<p>Erleben Sie den Nervenkitzel der K\u00fcste Teneriffas auf einem Jetski! W\u00e4hlen Sie ein 1-st\u00fcndiges Abenteuer oder verl\u00e4ngern Sie den Spa\u00df mit einer 2-st\u00fcndigen Fahrt, Sie haben die Wahl! <\/p>\n","protected":false},"featured_media":102409,"template":"","meta":{"_acf_changed":false,"_joinchat":[]},"product_brand":[],"product_cat":[167],"product_tag":[],"class_list":{"0":"post-99446","1":"product","2":"type-product","3":"status-publish","4":"has-post-thumbnail","6":"product_cat-wassersport-teneriffa","7":"pa_depart-from-sueden-der-insel","9":"first","10":"instock","11":"virtual","12":"sold-individually","13":"purchasable","14":"product-type-booking"},"acf":[],"_links":{"self":[{"href":"https:\/\/thetenerifechannel.com\/de\/wp-json\/wp\/v2\/product\/99446","targetHints":{"allow":["GET"]}}],"collection":[{"href":"https:\/\/thetenerifechannel.com\/de\/wp-json\/wp\/v2\/product"}],"about":[{"href":"https:\/\/thetenerifechannel.com\/de\/wp-json\/wp\/v2\/types\/product"}],"wp:featuredmedia":[{"embeddable":true,"href":"https:\/\/thetenerifechannel.com\/de\/wp-json\/wp\/v2\/media\/102409"}],"wp:attachment":[{"href":"https:\/\/thetenerifechannel.com\/de\/wp-json\/wp\/v2\/media?parent=99446"}],"wp:term":[{"taxonomy":"product_brand","embeddable":true,"href":"https:\/\/thetenerifechannel.com\/de\/wp-json\/wp\/v2\/product_brand?post=99446"},{"taxonomy":"product_cat","embeddable":true,"href":"https:\/\/thetenerifechannel.com\/de\/wp-json\/wp\/v2\/product_cat?post=99446"},{"taxonomy":"product_tag","embeddable":true,"href":"https:\/\/thetenerifechannel.com\/de\/wp-json\/wp\/v2\/product_tag?post=99446"}],"curies":[{"name":"wp","href":"https:\/\/api.w.org\/{rel}","templated":true}]}}