{"id":9976,"date":"2024-07-25T14:55:55","date_gmt":"2024-07-25T14:55:55","guid":{"rendered":"https:\/\/thetenerifechannel.com\/excursions\/unkategorisiert\/peter-pan-3-stunden\/"},"modified":"2026-03-24T13:09:10","modified_gmt":"2026-03-24T13:09:10","slug":"peter-pan-3-stunden","status":"publish","type":"product","link":"https:\/\/thetenerifechannel.com\/de\/excursions\/peter-pan-3-stunden\/","title":{"rendered":"Peter Pan &#8211; 2 Stunden"},"content":{"rendered":"<p class=\"whitespace-pre-wrap break-words\">Erleben Sie ein unvergessliches Familienabenteuer an Bord der PETER PAN, einer authentischen portugiesischen Goleta aus dem letzten Jahrhundert. Erleben Sie die Aufregung des traditionellen Segelns und tauchen Sie ein in die Geschichten der Piraten, die einst diese Gew\u00e4sser durchstreiften. <\/p>\n<p class=\"whitespace-pre-wrap break-words\">Von Los Cristianos aus begeben Sie sich auf die Suche nach Grindwalen und legen anschlie\u00dfend einen Stopp ein, um ein erfrischendes Bad zu nehmen.<br \/>\nNehmen Sie an einer Kreuzfahrt teil, die Geschichte, Natur und Familienspa\u00df in den wundersch\u00f6nen Gew\u00e4ssern von Teneriffa vereint.<\/p>\n<p><strong>INKLUSIVE:<\/strong><\/p>\n<ul>\n<li>2 Stunden Walbeobachtungstour<\/li>\n<li>Schwimmstopp<\/li>\n<li>Transport inklusive<\/li>\n<\/ul>\n","protected":false},"excerpt":{"rendered":"<p>Nehmen Sie an der 2-st\u00fcndigen Peter Pan teil, einer familienfreundlichen Bootsfahrt ab Los Cristianos. Sehen Sie Wale, schwimmen Sie im Meer und genie\u00dfen Sie das Mittagessen an Bord dieses Piratenschiffs. <\/p>\n","protected":false},"featured_media":9926,"template":"","meta":{"_acf_changed":false,"_joinchat":[]},"product_brand":[],"product_cat":[150],"product_tag":[],"class_list":{"0":"post-9976","1":"product","2":"type-product","3":"status-publish","4":"has-post-thumbnail","6":"product_cat-walbeobachtung-teneriffa","7":"pa_depart-from-sueden-der-insel","9":"first","10":"instock","11":"virtual","12":"sold-individually","13":"purchasable","14":"product-type-booking"},"acf":[],"_links":{"self":[{"href":"https:\/\/thetenerifechannel.com\/de\/wp-json\/wp\/v2\/product\/9976","targetHints":{"allow":["GET"]}}],"collection":[{"href":"https:\/\/thetenerifechannel.com\/de\/wp-json\/wp\/v2\/product"}],"about":[{"href":"https:\/\/thetenerifechannel.com\/de\/wp-json\/wp\/v2\/types\/product"}],"wp:featuredmedia":[{"embeddable":true,"href":"https:\/\/thetenerifechannel.com\/de\/wp-json\/wp\/v2\/media\/9926"}],"wp:attachment":[{"href":"https:\/\/thetenerifechannel.com\/de\/wp-json\/wp\/v2\/media?parent=9976"}],"wp:term":[{"taxonomy":"product_brand","embeddable":true,"href":"https:\/\/thetenerifechannel.com\/de\/wp-json\/wp\/v2\/product_brand?post=9976"},{"taxonomy":"product_cat","embeddable":true,"href":"https:\/\/thetenerifechannel.com\/de\/wp-json\/wp\/v2\/product_cat?post=9976"},{"taxonomy":"product_tag","embeddable":true,"href":"https:\/\/thetenerifechannel.com\/de\/wp-json\/wp\/v2\/product_tag?post=9976"}],"curies":[{"name":"wp","href":"https:\/\/api.w.org\/{rel}","templated":true}]}}