{"id":5990,"date":"2023-08-04T07:44:37","date_gmt":"2023-08-04T07:44:37","guid":{"rendered":"https:\/\/thetenerifechannel.agilewebtemplates.co.uk\/aviso-legal\/"},"modified":"2024-02-14T08:54:29","modified_gmt":"2024-02-14T08:54:29","slug":"aviso-legal","status":"publish","type":"page","link":"https:\/\/thetenerifechannel.com\/es\/aviso-legal\/","title":{"rendered":"Aviso legal"},"content":{"rendered":"<section class=\"l-section wpb_row height_huge\"><div class=\"l-section-h i-cf\"><div class=\"g-cols vc_row via_grid cols_1 laptops-cols_inherit tablets-cols_inherit mobiles-cols_1 valign_top type_default stacking_default\"><div class=\"wpb_column vc_column_container\"><div class=\"vc_column-inner\"><div class=\"wpb_text_column\"><div class=\"wpb_wrapper\"><p class=\"p1\"><span class=\"s1\"><b>AVISO LEGAL<\/b><\/span><\/p>\n<p class=\"p2\"><b>AVISO LEGAL &#8211; POL\u00cdTICA DE PRIVACIDAD<\/b><\/p>\n<p class=\"p3\"><b>T\u00c9RMINOS JUR\u00cdDICOS<\/b><\/p>\n<p class=\"p3\">Propietario registrado:<\/p>\n<p class=\"p4\">En cumplimiento de lo dispuesto en el art\u00edculo 10 de la Ley 34\/2002 de Servicios de la Sociedad de la Informaci\u00f3n y de Comercio Electr\u00f3nico, le informamos que este sitio web es propiedad de BELMION INVERSIONES SL, sociedad de nacionalidad espa\u00f1ola con CIF n\u00fam. B-67653071, que es el titular del sitio web <a href=\"http:\/\/thetenerifechannel.com\"><br \/>\n  <span class=\"s2\">thetenerifechannel.com<\/span><br \/>\n<\/a><\/p>\n<p class=\"p3\">CONDICIONES DE ACCESO Y USO DEL SITIO WEB<\/p>\n<p class=\"p5\"><b>CONDICIONES DE ACCESO Y USO DEL SITIO WEB<\/b><\/p>\n<p class=\"p4\">El acceso a nuestro sitio web es gratuito y no exige previa suscripci\u00f3n o registro. El Usuario acceder\u00e1 al Sitio Web de buena fe, bajo su exclusiva responsabilidad y de conformidad con las presentes Condiciones Generales de Uso.<\/p>\n<p class=\"p4\">S\u00f3lo los mayores de 18 a\u00f1os pueden facilitar datos a trav\u00e9s de nuestro sitio web. Los menores de 14 a\u00f1os no pueden proporcionarlos a menos que cuenten con el permiso de sus padres o tutores.<\/p>\n<p class=\"p4\">La condici\u00f3n de Usuario adquirida por el mero acceso y utilizaci\u00f3n de este Sitio Web por un consumidor, es decir, cliente que compra directamente a trav\u00e9s del sitio web p\u00fablico, est\u00e1 sujeta a la previa lectura y aceptaci\u00f3n \u00edntegra, expresa y sin reservas de las Condiciones Generales de Uso vigentes en el momento del acceso, que rogamos lea detenidamente.<\/p>\n<p class=\"p4\">El Usuario se compromete a hacer un uso l\u00edcito, diligente y correcto de los Contenidos y servicios que se ofrecen en este Sitio Web, bajo los principios de buena fe y con pleno respeto a la legalidad vigente, as\u00ed como a las presentes Condiciones de Uso.<\/p>\n<p class=\"p4\">En particular, a t\u00edtulo enunciativo, pero no limitativo, el Usuario del Sitio Web no deber\u00e1:<\/p>\n<ul class=\"ul1\">\n<li class=\"li6\"><span class=\"s4\">Utilizar o reutilizar cualquier tipo de material que sea ilegal, ofensivo, abusivo, indecente, difamatorio, obsceno o amenazador, o que constituya una violaci\u00f3n de los derechos de propiedad intelectual, marcas registradas, confianza, privacidad o cualquier otro derecho, o que sea de otro modo perjudicial u objetable para terceros, o cuyo contenido contenga virus inform\u00e1ticos, propaganda pol\u00edtica, contenido publicitario, cartas en cadena, correos masivos o cualquier otra forma de &#8220;spam&#8221; y pueda causar molestias o inconvenientes innecesarios, en general.<\/span><\/li>\n<li class=\"li6\"><span class=\"s4\">Causar da\u00f1os o perjuicios de forma maliciosa o intencionada que puedan producir alteraciones o p\u00e9rdidas del propio Sitio Web, ni introducir o difundir en la red virus inform\u00e1ticos que puedan producir alteraciones no autorizadas de los Contenidos del Sitio Web o de los sistemas que lo integran.<\/span><\/li>\n<li class=\"li6\"><span class=\"s4\">Utilizar el Sitio Web con fines fraudulentos o en relaci\u00f3n con delitos o actividades ilegales de cualquier tipo.<\/span><\/li>\n<li class=\"li6\"><span class=\"s4\">Reproducir, copiar, distribuir, transformar o modificar la informaci\u00f3n y Contenidos alojados en el Sitio Web, salvo autorizaci\u00f3n expresa del titular de los derechos.<\/span><\/li>\n<li class=\"li7\"><span class=\"s4\">Recopilar datos con fines publicitarios, ni remitir ning\u00fan tipo de publicidad o comunicaci\u00f3n con fines de venta, u otro material comercial sin solicitar y obtener previamente su consentimiento.  <\/span><\/li>\n<\/ul>\n<p class=\"p5\"><b>PROPIEDAD INTELECTUAL Y DERECHOS DE AUTOR<\/b><\/p>\n<p class=\"p4\">Todos los derechos de propiedad intelectual e industrial sobre los Contenidos que se muestran en el Sitio Web y, en especial, sobre maquetaci\u00f3n, textos, gr\u00e1ficos, logos, iconos, botones, software, nombres comerciales, marcas, dibujos industriales o cualesquiera otros signos susceptibles de utilizaci\u00f3n industrial y comercial son propiedad de BELMION INVERSIONES SL o de terceros titulares de los mismos que han autorizado debidamente su inclusi\u00f3n en el Sitio Web y sobre los que recae el ejercicio exclusivo de los derechos de explotaci\u00f3n de los mismos.<\/p>\n<p class=\"p4\">BELMION INVERSIONES SL no concede ning\u00fan tipo de licencia o autorizaci\u00f3n de uso de ninguna clase sobre sus derechos de propiedad intelectual e industrial o sobre cualquier otra propiedad o derecho relacionado con el Sitio Web, los servicios o los Contenidos del mismo.<\/p>\n<p class=\"p4\">Por ello, y de conformidad con lo dispuesto en el Real Decreto Legislativo 1\/1996, de 12 de abril, por el que se aprueba el texto refundido de la Ley de Propiedad Intelectual, as\u00ed como en la Ley 17\/2001, de 7 de diciembre, de Marcas, y dem\u00e1s legislaci\u00f3n en materia de propiedad intelectual e industrial, queda prohibido reproducir, transmitir, adaptar, traducir, distribuir, poner a disposici\u00f3n del p\u00fablico, a trav\u00e9s de cualquier modalidad de comunicaci\u00f3n, o de cualquier otra forma explotar y\/o modificar cualquier Contenido incluido en el Sitio Web, ya sea en su totalidad o en parte, sin la previa autorizaci\u00f3n expresa de BELMION INVERSIONES SL En caso contrario, la empresa tomar\u00e1 las medidas legales oportunas.<\/p>\n<p class=\"p4\">El Usuario se compromete a respetar los derechos de propiedad sobre el Sitio Web as\u00ed como los derechos de autor y propiedad industrial sobre el mismo, titularidad de BELMION INVERSIONES SL.<\/p>\n<p class=\"p5\">Tambi\u00e9n, BELMION INVERSIONES SL. declina toda responsabilidad por el uso o difusi\u00f3n de im\u00e1genes y\/o Contenidos incorporados al Sitio Web.<\/p>\n<p><b>POL\u00cdTICA DE PRIVACIDAD<\/b><\/p>\n<p>El usuario puede conocer c\u00f3mo utiliza BELMION INVERSIONES SL sus datos y ver qu\u00e9 medidas de seguridad tiene implantadas, LEYENDO NUESTRA POL\u00cdTICA DE PRIVACIDAD.<\/p>\n<p><span class=\"s5\">Anulaci\u00f3n parcial.<\/span><\/p>\n<p>Si alguna de las cl\u00e1usulas del presente documento fuera declarada nula y sin efecto en sentencia firme por autoridad competente, las restantes condiciones seguir\u00e1n vigentes y no se ver\u00e1n afectadas por dicha declaraci\u00f3n de nulidad.<\/p>\n<p class=\"p5\"><b>LEGISLACI\u00d3N Y JURISDICCI\u00d3N APLICABLES<\/b><\/p>\n<p class=\"p4\">Todo lo relacionado con nuestro sitio web se rige exclusivamente por la legislaci\u00f3n europea. En el caso de que se produzca cualquier discrepancia o diferencia entre las partes en relaci\u00f3n con la interpretaci\u00f3n y contenido de este Sitio Web, las partes optan por someter la resoluci\u00f3n de cualquier controversia a los Juzgados y Tribunales del domicilio del Usuario con renuncia expresa a cualquier otro fuero.<\/p>\n<p class=\"p5\"><b>POL\u00cdTICA DE COOKIES<\/b><\/p>\n<p class=\"p4\">BELMION INVERSIONES SL instala cookies en los ordenadores de los usuarios.<\/p>\n<p class=\"p5\"><b>NOTIFICACIONES<\/b><\/p>\n<p class=\"p4\">Todas las notificaciones y comunicaciones entre los usuarios y BELMION INVERSIONES SL se considerar\u00e1n v\u00e1lidas, a todos los efectos, tanto si se realizan a trav\u00e9s de correo electr\u00f3nico como por tel\u00e9fono. En caso de que los usuarios se pongan en contacto con BELMION INVERSIONES SL por escrito:<\/p>\n<p class=\"p4\">&#8211; Los correos electr\u00f3nicos deben enviarse a esta direcci\u00f3n: belmioninversiones@protonmail.com<\/p>\n<p class=\"p5\"><b>RESPONSABILIDADES<\/b><\/p>\n<p class=\"p4\">Al poner a disposici\u00f3n del Usuario nuestra p\u00e1gina web, tratamos de ofrecer contenidos y servicios de calidad, con la m\u00e1xima diligencia no s\u00f3lo en su prestaci\u00f3n sino tambi\u00e9n en la utilizaci\u00f3n de los medios tecnol\u00f3gicos. No obstante, no nos responsabilizamos de la presencia de virus o cualquier otro elemento que pueda da\u00f1ar de cualquier manera el sistema inform\u00e1tico, documentos y ficheros del Usuario.<\/p>\n<p class=\"p4\">Entre otras, y a t\u00edtulo enunciativo, pero no limitativo, BELMION INVERSIONES SL no se hace responsable de las siguientes circunstancias:<\/p>\n<ul class=\"ul1\">\n<li class=\"li6\"><span class=\"s4\">La falta disponibilidad, mantenimiento y efectivo funcionamiento del Sitio Web y\/o de sus servicios o Contenidos, excluyendo, en la m\u00e1xima medida permitida por la legislaci\u00f3n vigente, cualquier responsabilidad por los da\u00f1os y perjuicios de toda naturaleza que puedan deberse a la falta de disponibilidad o de continuidad del funcionamiento del Sitio Web y de los Contenidos habilitados en el mismo.<\/span><\/li>\n<li class=\"li6\"><span class=\"s4\">Los errores que pudieran existir en los Contenidos ni la correcci\u00f3n de cualquier defecto que pudiera producirse.<\/span><\/li>\n<li class=\"li6\"><span class=\"s4\">Falta de utilidad del Sitio Web o de los Contenidos.<\/span><\/li>\n<li class=\"li6\"><span class=\"s4\">Existencia de virus, programas maliciosos o da\u00f1inos en los Contenidos.<\/span><\/li>\n<li class=\"li6\"><span class=\"s4\">Mal servicio o cualquier problema por parte de los proveedores de servicios.<\/span><\/li>\n<li class=\"li6\"><span class=\"s4\">La recepci\u00f3n, obtenci\u00f3n, almacenamiento, difusi\u00f3n o transmisi\u00f3n, por parte de los Usuarios, de los Contenidos.<\/span><\/li>\n<li class=\"li6\"><span class=\"s4\">El uso il\u00edcito, negligente, fraudulento, contrario a las presentes Condiciones de Uso o a la buena fe, del Sitio Web o sus Contenidos por parte de los Usuarios.<\/span><\/li>\n<\/ul>\n<p class=\"p4\">BELMION INVERSIONES SL. no garantiza el correcto funcionamiento de nuestro Sitio Web en cuanto a su disponibilidad y continuidad de funcionamiento. En la medida de lo posible, intentaremos notificar al Usuario cualquier interrupci\u00f3n del servicio y restablecerlo lo antes posible. No obstante, quedamos eximidos de cualquier responsabilidad derivada de interrupciones o funcionamiento incorrecto de nuestro sitio web.<\/p>\n<p class=\"p5\"><b>CONDICIONES GENERALES DE COMPRA ON-LINE para el Consumidor:<\/b><\/p>\n<p class=\"p4\">Consulte <a href=\"https:\/\/thetenerifechannel.com\/es\/condiciones-generales\/\">la pol\u00edtica de devoluciones<\/a> para las compras realizadas.<\/p>\n<p class=\"p5\"><b>NIVELES DE SEGURIDAD<\/b><\/p>\n<p class=\"p4\">Con el fin de evitar la alteraci\u00f3n, p\u00e9rdida, mal uso, acceso no autorizado o robo de los datos personales, BELMION INVERSIONES SL ha adoptado los niveles de protecci\u00f3n que legalmente se exigen, y ha establecido los medios y medidas t\u00e9cnicas necesarias, aplicando al Registro de Actividades de Tratamiento todas las medidas de seguridad establecidas en la normativa vigente sobre Protecci\u00f3n de Datos de Car\u00e1cter Personal (LOPDGDD \/ GDPR).<\/p>\n<p class=\"p4\">Asimismo, BELMION INVERSIONES SL ha adoptado nuevas medidas de seguridad, exigidas por el GDPR tras la implantaci\u00f3n de nuevos derechos de los Usuarios (transparencia, limitaci\u00f3n del tratamiento y principios de portabilidad de datos), adem\u00e1s de los derechos de acceso, rectificaci\u00f3n y supresi\u00f3n (derecho al olvido). BELMION INVERSIONES SL tambi\u00e9n ha implementado las mejoras requeridas en cuanto a la obtenci\u00f3n del consentimiento del interesado, realizando las acciones pertinentes, y llevar\u00e1 a cabo la Evaluaci\u00f3n de Impacto requerida, notificando a la autoridad competente cualquier brecha de seguridad, as\u00ed como designar\u00e1 un Delegado de Protecci\u00f3n de Datos para supervisar estas tareas.<\/p>\n<p class=\"p4\">BELMION INVERSIONES SL se reserva el derecho de decidir la incorporaci\u00f3n o no de los datos personales de los usuarios al Registro de Actividades de Tratamiento del Responsable del Tratamiento.<\/p>\n<p class=\"p4\"><b>ATENCI\u00d3N<\/b><\/p>\n<p class=\"p4\">Las presentes Condiciones Generales de Uso han sido modificadas por \u00faltima vez el 19 de diciembre de 2022. Podemos modificarlas en cualquier momento; compruebe la fecha de publicaci\u00f3n cada vez que se conecte a nuestro sitio web para asegurarse de que no se ha producido ninguna modificaci\u00f3n que pueda afectarle. Para cualquier aclaraci\u00f3n relativa a las Condiciones de Uso de nuestro Sitio Web, puede ponerse en contacto con nosotros enviando un correo electr\u00f3nico a la siguiente direcci\u00f3n <a href=\"mailto:belmioninversiones@protonmail.com\"><br \/>\n  <span class=\"s2\">belmioninversiones@protonmail.com<\/span><br \/>\n<\/a><\/p>\n<\/div><\/div><\/div><\/div><\/div><\/div><\/section>\n","protected":false},"excerpt":{"rendered":"AVISO LEGAL AVISO LEGAL &#8211; POL\u00cdTICA DE PRIVACIDAD T\u00c9RMINOS JUR\u00cdDICOS Propietario registrado: En cumplimiento de lo dispuesto en el art\u00edculo 10 de la Ley 34\/2002 de Servicios de la Sociedad de la Informaci\u00f3n y de Comercio Electr\u00f3nico, le informamos que este sitio web es propiedad de BELMION INVERSIONES SL, sociedad de nacionalidad espa\u00f1ola con CIF...","protected":false},"author":15,"featured_media":0,"parent":0,"menu_order":0,"comment_status":"closed","ping_status":"closed","template":"","meta":{"_acf_changed":false,"_joinchat":[],"footnotes":""},"class_list":["post-5990","page","type-page","status-publish","hentry"],"acf":[],"_links":{"self":[{"href":"https:\/\/thetenerifechannel.com\/es\/wp-json\/wp\/v2\/pages\/5990","targetHints":{"allow":["GET"]}}],"collection":[{"href":"https:\/\/thetenerifechannel.com\/es\/wp-json\/wp\/v2\/pages"}],"about":[{"href":"https:\/\/thetenerifechannel.com\/es\/wp-json\/wp\/v2\/types\/page"}],"author":[{"embeddable":true,"href":"https:\/\/thetenerifechannel.com\/es\/wp-json\/wp\/v2\/users\/15"}],"replies":[{"embeddable":true,"href":"https:\/\/thetenerifechannel.com\/es\/wp-json\/wp\/v2\/comments?post=5990"}],"version-history":[{"count":0,"href":"https:\/\/thetenerifechannel.com\/es\/wp-json\/wp\/v2\/pages\/5990\/revisions"}],"wp:attachment":[{"href":"https:\/\/thetenerifechannel.com\/es\/wp-json\/wp\/v2\/media?parent=5990"}],"curies":[{"name":"wp","href":"https:\/\/api.w.org\/{rel}","templated":true}]}}