{"id":6000,"date":"2023-08-01T14:55:13","date_gmt":"2023-08-01T14:55:13","guid":{"rendered":"https:\/\/thetenerifechannel.agilewebtemplates.co.uk\/videos\/"},"modified":"2024-02-19T08:35:33","modified_gmt":"2024-02-19T08:35:33","slug":"videos","status":"publish","type":"page","link":"https:\/\/thetenerifechannel.com\/es\/videos\/","title":{"rendered":"V\u00eddeos"},"content":{"rendered":"<section class=\"l-section wpb_row us_custom_6a4d3d6c height_huge\"><div class=\"l-section-h i-cf\"><div class=\"g-cols vc_row via_grid cols_1 laptops-cols_inherit tablets-cols_inherit mobiles-cols_1 valign_middle type_default stacking_default\"><div class=\"wpb_column vc_column_container\"><div class=\"vc_column-inner\"><div class=\"wpb_text_column us_custom_a71212be\"><div class=\"wpb_wrapper\"><p style=\"text-align: center;\"><strong>SECCI\u00d3N DE V\u00cdDEOS<\/strong><\/p>\n<\/div><\/div><div class=\"wpb_text_column\"><div class=\"wpb_wrapper\"><h1 style=\"text-align: center;\"><span style=\"color: #8bcdc5;\">The Tenerife Channel<\/span><\/h1>\n<p style=\"text-align: center;\"><strong>\u00bfEst\u00e1s buscando qu\u00e9 hacer en sus pr\u00f3ximas vacaciones en Tenerife pero te sientes un poco abrumado con toda la informaci\u00f3n que hay?<\/strong><\/p>\n<p style=\"text-align: center;\">Entonces d\u00e9jenos llevarte en una visita virtual. Te ofrecemos informaci\u00f3n privilegiada para ayudarte a tomar las decisiones correctas.<\/p>\n<p style=\"text-align: center;\">Nuestros v\u00eddeos ofrecen toda la informaci\u00f3n sobre las vacaciones que buscas en un solo lugar.<\/p>\n<p style=\"text-align: center;\">As\u00ed que si\u00e9ntate, rel\u00e1jate y empieza a planear tu pr\u00f3xima aventura con nosotros.<\/p>\n<\/div><\/div><div class=\"w-separator size_custom\" style=\"height:30px\" id=\"f964\"><style><\/style><\/div><\/div><\/div><\/div><\/div><\/section><section class=\"l-section wpb_row us_custom_f3f68ac4 height_huge with_img\" id=\"1\"><div class=\"l-section-img\" role=\"img\" aria-label=\"Imagen\" data-img-width=\"1200\" data-img-height=\"1000\" style=\"background-image: url(https:\/\/thetenerifechannel.com\/wp-content\/uploads\/2023\/08\/fondo.jpg);\"><\/div><div class=\"l-section-h i-cf\"><div class=\"g-cols vc_row via_grid cols_1 laptops-cols_inherit tablets-cols_inherit mobiles-cols_1 valign_middle type_default stacking_default\"><div class=\"wpb_column vc_column_container\"><div class=\"vc_column-inner\"><div class=\"wpb_text_column us_custom_a71212be\"><div class=\"wpb_wrapper\"><p><strong>Descubre nuestros v\u00eddeos<\/strong><\/p>\n<\/div><\/div><div class=\"w-separator size_custom with_line width_default thick_5 style_solid color_primary align_left\" style=\"height:\"><div class=\"w-separator-h\"><\/div><\/div><div class=\"w-separator size_custom\" style=\"height:30px\" id=\"g544\"><style><\/style><\/div><div class=\"w-video us_custom_06cb23bc align_none ratio_initial has_iframe\"><div class=\"w-video-h\"><iframe title=\"Youtube video player\" src=\"\/\/www.youtube.com\/embed\/DWk8gHUOJfE?autoplay=0&controls=1&origin=https:\/\/thetenerifechannel.com\/es\/&loop=0&mute=0\" allowfullscreen=\"1\" loading=\"lazy\"><\/iframe><\/div><\/div><div class=\"w-separator size_custom\" style=\"height:30px\" id=\"bc8f\"><style><\/style><\/div><div class=\"w-separator size_custom\" style=\"height:30px\" id=\"id95\"><style><\/style><\/div><div class=\"w-separator size_custom\" style=\"height:30px\" id=\"le8d\"><style><\/style><\/div><div class=\"g-cols wpb_row via_grid cols_2 laptops-cols_inherit tablets-cols_inherit mobiles-cols_1 valign_top type_default stacking_default\" style=\"--columns-gap:3rem;\"><div class=\"wpb_column vc_column_container\"><div class=\"vc_column-inner\"><div class=\"wpb_text_column us_custom_a71212be\"><div class=\"wpb_wrapper\"><p><strong>Lugares<\/strong><\/p>\n<\/div><\/div><div class=\"w-separator size_custom with_line width_default thick_5 style_solid color_primary align_left\" style=\"height:\"><div class=\"w-separator-h\"><\/div><\/div><div class=\"w-separator size_custom\" style=\"height:40px\"><\/div><div class=\"w-video us_custom_06cb23bc align_none ratio_initial has_iframe\"><div class=\"w-video-h\"><iframe title=\"Youtube video player\" src=\"\/\/www.youtube.com\/embed\/FYUgJ4Kk8VU?autoplay=0&controls=1&origin=https:\/\/thetenerifechannel.com\/es\/&loop=0&mute=0\" allowfullscreen=\"1\" loading=\"lazy\"><\/iframe><\/div><\/div><div class=\"w-separator size_medium\"><\/div><div class=\"w-video us_custom_06cb23bc align_none ratio_initial has_iframe\"><div class=\"w-video-h\"><iframe title=\"Youtube video player\" src=\"\/\/www.youtube.com\/embed\/h-YkvjziVEM?autoplay=0&controls=1&origin=https:\/\/thetenerifechannel.com\/es\/&loop=0&mute=0\" allowfullscreen=\"1\" loading=\"lazy\"><\/iframe><\/div><\/div><div class=\"w-separator size_medium\"><\/div><div class=\"w-video us_custom_06cb23bc align_none ratio_initial has_iframe\"><div class=\"w-video-h\"><iframe title=\"Youtube video player\" src=\"\/\/www.youtube.com\/embed\/6DM3DiEWTiw?autoplay=0&controls=1&origin=https:\/\/thetenerifechannel.com\/es\/&loop=0&mute=0\" allowfullscreen=\"1\" loading=\"lazy\"><\/iframe><\/div><\/div><div class=\"w-separator size_medium\"><\/div><div class=\"w-video us_custom_06cb23bc align_none ratio_initial has_iframe\"><div class=\"w-video-h\"><iframe title=\"Youtube video player\" src=\"\/\/www.youtube.com\/embed\/0QhQMH_G7gg?autoplay=0&controls=1&origin=https:\/\/thetenerifechannel.com\/es\/&loop=0&mute=0\" allowfullscreen=\"1\" loading=\"lazy\"><\/iframe><\/div><\/div><div class=\"w-separator size_medium\"><\/div><div class=\"w-video us_custom_06cb23bc align_none ratio_initial has_iframe\"><div class=\"w-video-h\"><iframe title=\"Youtube video player\" src=\"\/\/www.youtube.com\/embed\/yItZZO6vZ80?autoplay=0&controls=1&origin=https:\/\/thetenerifechannel.com\/es\/&loop=0&mute=0\" allowfullscreen=\"1\" loading=\"lazy\"><\/iframe><\/div><\/div><div class=\"w-separator size_medium\"><\/div><div class=\"w-video us_custom_06cb23bc align_none ratio_initial has_iframe\"><div class=\"w-video-h\"><iframe title=\"Youtube video player\" src=\"\/\/www.youtube.com\/embed\/q0uRFNF1vFw?autoplay=0&controls=1&origin=https:\/\/thetenerifechannel.com\/es\/&loop=0&mute=0\" allowfullscreen=\"1\" loading=\"lazy\"><\/iframe><\/div><\/div><div class=\"w-separator size_medium\"><\/div><div class=\"w-video us_custom_06cb23bc align_none ratio_initial has_iframe\"><div class=\"w-video-h\"><iframe title=\"Youtube video player\" src=\"\/\/www.youtube.com\/embed\/97om7r6rO28?autoplay=0&controls=1&origin=https:\/\/thetenerifechannel.com\/es\/&loop=0&mute=0\" allowfullscreen=\"1\" loading=\"lazy\"><\/iframe><\/div><\/div><div class=\"w-separator size_medium\"><\/div><div class=\"w-video us_custom_06cb23bc align_none ratio_initial has_iframe\"><div class=\"w-video-h\"><iframe title=\"Youtube video player\" src=\"\/\/www.youtube.com\/embed\/bXywKEopyPo?autoplay=0&controls=1&origin=https:\/\/thetenerifechannel.com\/es\/&loop=0&mute=0\" allowfullscreen=\"1\" loading=\"lazy\"><\/iframe><\/div><\/div><div class=\"w-separator size_medium\"><\/div><div class=\"w-video us_custom_06cb23bc align_none ratio_initial has_iframe\"><div class=\"w-video-h\"><iframe title=\"Youtube video player\" src=\"\/\/www.youtube.com\/embed\/uG89FKEJUpk?autoplay=0&controls=1&origin=https:\/\/thetenerifechannel.com\/es\/&loop=0&mute=0\" allowfullscreen=\"1\" loading=\"lazy\"><\/iframe><\/div><\/div><div class=\"w-separator size_medium\"><\/div><div class=\"w-separator size_medium\"><\/div><div class=\"w-separator size_medium\"><\/div><\/div><\/div><div class=\"wpb_column vc_column_container\"><div class=\"vc_column-inner\"><div class=\"wpb_text_column us_custom_a71212be\"><div class=\"wpb_wrapper\"><p><strong>Qu\u00e9 hacer<\/strong><\/p>\n<\/div><\/div><div class=\"w-separator size_custom with_line width_default thick_5 style_solid color_primary align_left\" style=\"height:\"><div class=\"w-separator-h\"><\/div><\/div><div class=\"w-separator size_custom\" style=\"height:40px\"><\/div><div class=\"w-video us_custom_06cb23bc align_none ratio_initial has_iframe\"><div class=\"w-video-h\"><iframe title=\"Youtube video player\" src=\"\/\/www.youtube.com\/embed\/f8UcoGWpJfE?autoplay=0&controls=1&origin=https:\/\/thetenerifechannel.com\/es\/&loop=0&mute=0\" allowfullscreen=\"1\" loading=\"lazy\"><\/iframe><\/div><\/div><div class=\"w-separator size_medium\"><\/div><div class=\"w-video us_custom_06cb23bc align_none ratio_initial has_iframe\"><div class=\"w-video-h\"><iframe title=\"Youtube video player\" src=\"\/\/www.youtube.com\/embed\/H5payJHeDL0?autoplay=0&controls=1&origin=https:\/\/thetenerifechannel.com\/es\/&loop=0&mute=0\" allowfullscreen=\"1\" loading=\"lazy\"><\/iframe><\/div><\/div><div class=\"w-separator size_medium\"><\/div><div class=\"w-video us_custom_06cb23bc align_none ratio_initial has_iframe\"><div class=\"w-video-h\"><iframe title=\"Youtube video player\" src=\"\/\/www.youtube.com\/embed\/g2ASYXJr-kw?autoplay=0&controls=1&origin=https:\/\/thetenerifechannel.com\/es\/&loop=0&mute=0\" allowfullscreen=\"1\" loading=\"lazy\"><\/iframe><\/div><\/div><div class=\"w-separator size_medium\"><\/div><div class=\"w-video us_custom_06cb23bc align_none ratio_initial has_iframe\"><div class=\"w-video-h\"><iframe title=\"Youtube video player\" src=\"\/\/www.youtube.com\/embed\/0xV-veMKERU?autoplay=0&controls=1&origin=https:\/\/thetenerifechannel.com\/es\/&loop=0&mute=0\" allowfullscreen=\"1\" loading=\"lazy\"><\/iframe><\/div><\/div><div class=\"w-separator size_medium\"><\/div><div class=\"w-video us_custom_06cb23bc align_none ratio_initial has_iframe\"><div class=\"w-video-h\"><iframe title=\"Youtube video player\" src=\"\/\/www.youtube.com\/embed\/_50xw2nSLsA?autoplay=0&controls=1&origin=https:\/\/thetenerifechannel.com\/es\/&loop=0&mute=0\" allowfullscreen=\"1\" loading=\"lazy\"><\/iframe><\/div><\/div><div class=\"w-separator size_medium\"><\/div><div class=\"w-video us_custom_06cb23bc align_none ratio_initial has_iframe\"><div class=\"w-video-h\"><iframe title=\"Youtube video player\" src=\"\/\/www.youtube.com\/embed\/bXywKEopyPo?autoplay=0&controls=1&origin=https:\/\/thetenerifechannel.com\/es\/&loop=0&mute=0\" allowfullscreen=\"1\" loading=\"lazy\"><\/iframe><\/div><\/div><div class=\"w-separator size_medium\"><\/div><div class=\"w-video us_custom_06cb23bc align_none ratio_initial has_iframe\"><div class=\"w-video-h\"><iframe title=\"Youtube video player\" src=\"\/\/www.youtube.com\/embed\/yItZZO6vZ80?autoplay=0&controls=1&origin=https:\/\/thetenerifechannel.com\/es\/&loop=0&mute=0\" allowfullscreen=\"1\" loading=\"lazy\"><\/iframe><\/div><\/div><div class=\"w-separator size_medium\"><\/div><div class=\"w-video us_custom_06cb23bc align_none ratio_initial has_iframe\"><div class=\"w-video-h\"><iframe title=\"Youtube video player\" src=\"\/\/www.youtube.com\/embed\/TxoVCUdtEZ8?autoplay=0&controls=1&origin=https:\/\/thetenerifechannel.com\/es\/&loop=0&mute=0\" allowfullscreen=\"1\" loading=\"lazy\"><\/iframe><\/div><\/div><div class=\"w-separator size_medium\"><\/div><div class=\"w-video us_custom_06cb23bc align_none ratio_initial has_iframe\"><div class=\"w-video-h\"><iframe title=\"Youtube video player\" src=\"\/\/www.youtube.com\/embed\/q0uRFNF1vFw?autoplay=0&controls=1&origin=https:\/\/thetenerifechannel.com\/es\/&loop=0&mute=0\" allowfullscreen=\"1\" loading=\"lazy\"><\/iframe><\/div><\/div><div class=\"w-separator size_medium\"><\/div><div class=\"w-video us_custom_06cb23bc align_none ratio_initial has_iframe\"><div class=\"w-video-h\"><iframe title=\"Youtube video player\" src=\"\/\/www.youtube.com\/embed\/uG89FKEJUpk?autoplay=0&controls=1&origin=https:\/\/thetenerifechannel.com\/es\/&loop=0&mute=0\" allowfullscreen=\"1\" loading=\"lazy\"><\/iframe><\/div><\/div><div class=\"w-separator size_medium\"><\/div><div class=\"w-separator size_medium\"><\/div><\/div><\/div><\/div><\/div><\/div><\/div><\/div><\/section>\n","protected":false},"excerpt":{"rendered":"SECCI\u00d3N DE V\u00cdDEOS The Tenerife Channel \u00bfEst\u00e1s buscando qu\u00e9 hacer en sus pr\u00f3ximas vacaciones en Tenerife pero te sientes un poco abrumado con toda la informaci\u00f3n que hay? Entonces d\u00e9jenos llevarte en una visita virtual. Te ofrecemos informaci\u00f3n privilegiada para ayudarte a tomar las decisiones correctas. Nuestros v\u00eddeos ofrecen toda la informaci\u00f3n sobre las vacaciones...","protected":false},"author":15,"featured_media":0,"parent":0,"menu_order":0,"comment_status":"closed","ping_status":"closed","template":"","meta":{"_acf_changed":false,"_joinchat":[],"footnotes":""},"class_list":["post-6000","page","type-page","status-publish","hentry"],"acf":[],"_links":{"self":[{"href":"https:\/\/thetenerifechannel.com\/es\/wp-json\/wp\/v2\/pages\/6000","targetHints":{"allow":["GET"]}}],"collection":[{"href":"https:\/\/thetenerifechannel.com\/es\/wp-json\/wp\/v2\/pages"}],"about":[{"href":"https:\/\/thetenerifechannel.com\/es\/wp-json\/wp\/v2\/types\/page"}],"author":[{"embeddable":true,"href":"https:\/\/thetenerifechannel.com\/es\/wp-json\/wp\/v2\/users\/15"}],"replies":[{"embeddable":true,"href":"https:\/\/thetenerifechannel.com\/es\/wp-json\/wp\/v2\/comments?post=6000"}],"version-history":[{"count":0,"href":"https:\/\/thetenerifechannel.com\/es\/wp-json\/wp\/v2\/pages\/6000\/revisions"}],"wp:attachment":[{"href":"https:\/\/thetenerifechannel.com\/es\/wp-json\/wp\/v2\/media?parent=6000"}],"curies":[{"name":"wp","href":"https:\/\/api.w.org\/{rel}","templated":true}]}}