{"id":6804,"date":"2024-02-02T10:08:42","date_gmt":"2024-02-02T10:08:42","guid":{"rendered":"https:\/\/thetenerifechannel.com\/su-guia-gratuita\/"},"modified":"2024-07-18T09:48:39","modified_gmt":"2024-07-18T09:48:39","slug":"su-guia-gratuita","status":"publish","type":"page","link":"https:\/\/thetenerifechannel.com\/es\/su-guia-gratuita\/","title":{"rendered":"Su gu\u00eda gratuita"},"content":{"rendered":"<section class=\"l-section wpb_row height_huge\"><div class=\"l-section-h i-cf\"><div class=\"g-cols vc_row via_grid cols_2 laptops-cols_inherit tablets-cols_inherit mobiles-cols_1 valign_top type_default stacking_default\"><div class=\"wpb_column vc_column_container\"><div class=\"vc_column-inner\"><h5 class=\"w-text\"><span class=\"w-text-h\"><span class=\"w-text-value\">En breve recibir\u00e1s tu gu\u00eda gratuita y un c\u00f3digo de descuento para las excursiones. Si no ves el correo electr\u00f3nico, comprueba tu bandeja de correo no deseado por si se ha filtrado incorrectamente. \u00a1Esperamos verte pronto!<\/span><\/span><\/h5><\/div><\/div><\/div><\/div><\/section>\n","protected":false},"excerpt":{"rendered":"En breve recibir\u00e1s tu gu\u00eda gratuita y un c\u00f3digo de descuento para las excursiones. Si no ves el correo electr\u00f3nico, comprueba tu bandeja de correo no deseado por si se ha filtrado incorrectamente. \u00a1Esperamos verte pronto!","protected":false},"author":15,"featured_media":0,"parent":0,"menu_order":0,"comment_status":"closed","ping_status":"closed","template":"","meta":{"_acf_changed":false,"_joinchat":[],"footnotes":""},"class_list":["post-6804","page","type-page","status-publish","hentry"],"acf":[],"_links":{"self":[{"href":"https:\/\/thetenerifechannel.com\/es\/wp-json\/wp\/v2\/pages\/6804","targetHints":{"allow":["GET"]}}],"collection":[{"href":"https:\/\/thetenerifechannel.com\/es\/wp-json\/wp\/v2\/pages"}],"about":[{"href":"https:\/\/thetenerifechannel.com\/es\/wp-json\/wp\/v2\/types\/page"}],"author":[{"embeddable":true,"href":"https:\/\/thetenerifechannel.com\/es\/wp-json\/wp\/v2\/users\/15"}],"replies":[{"embeddable":true,"href":"https:\/\/thetenerifechannel.com\/es\/wp-json\/wp\/v2\/comments?post=6804"}],"version-history":[{"count":0,"href":"https:\/\/thetenerifechannel.com\/es\/wp-json\/wp\/v2\/pages\/6804\/revisions"}],"wp:attachment":[{"href":"https:\/\/thetenerifechannel.com\/es\/wp-json\/wp\/v2\/media?parent=6804"}],"curies":[{"name":"wp","href":"https:\/\/api.w.org\/{rel}","templated":true}]}}