{"id":68407,"date":"2025-07-22T18:02:33","date_gmt":"2025-07-22T18:02:33","guid":{"rendered":"https:\/\/thetenerifechannel.com\/traslados-al-aeropuerto\/"},"modified":"2025-07-22T20:19:56","modified_gmt":"2025-07-22T20:19:56","slug":"traslados-al-aeropuerto","status":"publish","type":"page","link":"https:\/\/thetenerifechannel.com\/es\/traslados-al-aeropuerto\/","title":{"rendered":"Traslados al aeropuerto"},"content":{"rendered":"<section class=\"l-section wpb_row us_custom_c70c97eb height_huge width_custom\" style=\"--site-content-width:1500px;\"><div class=\"l-section-h i-cf\"><div class=\"g-cols vc_row via_grid cols_2-1 laptops-cols_inherit tablets-cols_1 mobiles-cols_1 valign_middle type_default\"><div class=\"wpb_column vc_column_container\"><div class=\"vc_column-inner\"><h1 class=\"w-text us_custom_f348dc7e\"><span class=\"w-text-h\"><span class=\"w-text-value\">Traslados al aeropuerto y servicios de enlace en Tenerife<\/span><\/span><\/h1><div class=\"w-separator size_medium\"><\/div><div class=\"w-text\"><span class=\"w-text-h\"><span class=\"w-text-value\">Haz que tu llegada a Tenerife sea tranquila y sin complicaciones con nuestras fiables opciones de traslado al aeropuerto y servicio de lanzadera.<\/span><\/span><\/div><div class=\"w-text\"><span class=\"w-text-h\"><span class=\"w-text-value\">Reserva con antelaci\u00f3n tu traslado f\u00e1cilmente a trav\u00e9s de nuestro socio de confianza y disfruta:<\/span><\/span><\/div><div class=\"w-separator size_small\"><\/div><div class=\"w-hwrapper us_custom_7b59516b valign_baseline wrap align_none\" style=\"--hwrapper-gap:1rem\"><div class=\"w-text us_custom_d7ac7758 has_text_color\"><span class=\"w-text-h\"><span class=\"w-text-value\">\ud83d\ude90 Transferencias privadas<\/span><\/span><\/div><div class=\"w-text\"><span class=\"w-text-h\"><span class=\"w-text-value\">Ideal para parejas, familias o grupos que deseen comodidad y privacidad<\/span><\/span><\/div><\/div><div class=\"w-separator size_custom\" style=\"height:1rem\"><\/div><div class=\"w-hwrapper us_custom_7b59516b valign_baseline wrap align_none\" style=\"--hwrapper-gap:1rem\"><div class=\"w-text us_custom_4c093b37 has_text_color\"><span class=\"w-text-h\"><span class=\"w-text-value\">\ud83d\ude8c Servicios de transporte compartido<\/span><\/span><\/div><div class=\"w-text\"><span class=\"w-text-h\"><span class=\"w-text-value\">Una forma econ\u00f3mica de llegar a tu destino<\/span><\/span><\/div><\/div><div class=\"w-separator size_custom\" style=\"height:1rem\"><\/div><div class=\"w-hwrapper us_custom_7b59516b valign_baseline wrap align_none\" style=\"--hwrapper-gap:1rem\"><div class=\"w-text us_custom_4c093b37 has_text_color\"><span class=\"w-text-h\"><span class=\"w-text-value\">\ud83d\ude97 Opciones Premium y VIP<\/span><\/span><\/div><div class=\"w-text\"><span class=\"w-text-h\"><span class=\"w-text-value\">Viaja con estilo con veh\u00edculos de alta gama<\/span><\/span><\/div><\/div><div class=\"w-separator size_small\"><\/div><div class=\"w-text\"><span class=\"w-text-h\"><span class=\"w-text-value\">\ud83e\uddd2 Asientos para beb\u00e9s, equipaje grande y peticiones especiales disponibles bajo petici\u00f3n<\/span><\/span><\/div><div class=\"w-separator size_medium\"><\/div><div class=\"w-text\"><span class=\"w-text-h\"><span class=\"w-text-value\">La reserva es r\u00e1pida, segura y se gestiona directamente a trav\u00e9s de nuestra plataforma asociada. S\u00f3lo tienes que seleccionar tu aeropuerto, introducir tu destino y listo.<\/span><\/span><\/div><div class=\"w-separator size_medium\"><\/div><div class=\"w-btn-wrapper align_none\"><a class=\"w-btn us-btn-style_1\" href=\"https:\/\/www.shuttlespaintransfers.com\/es\/traslados-aeropuerto-tenerife\/partner\/the-tenerife-channel\" target=\"_blank\" rel=\"noopener\"><span class=\"w-btn-label\">Haz clic aqu\u00ed para reservar tu traslado<\/span><\/a><\/div><div class=\"w-hwrapper us_custom_7b59516b valign_baseline wrap align_none\" style=\"--hwrapper-gap:1rem\"><\/div><\/div><\/div><div class=\"wpb_column vc_column_container\"><div class=\"vc_column-inner\"><div class=\"w-image us_custom_be776f20 style_shadow-2 has_ratio align_none\"><div class=\"w-image-h\"><div style=\"padding-bottom:100%\"><\/div><div class=\"w-image-shadow\" style=\"background-image:url(https:\/\/thetenerifechannel.com\/wp-content\/uploads\/2025\/07\/Tenerife-airport-transfers-1.jpg);\"><\/div><img decoding=\"async\" width=\"600\" height=\"400\" src=\"https:\/\/thetenerifechannel.com\/wp-content\/uploads\/2025\/07\/Tenerife-airport-transfers-1.jpg\" class=\"attachment-large size-large\" alt=\"\" loading=\"lazy\" \/><\/div><\/div><\/div><\/div><\/div><\/div><\/section>\n","protected":false},"excerpt":{"rendered":"Traslados al aeropuerto y servicios de enlace en TenerifeHaz que tu llegada a Tenerife sea tranquila y sin complicaciones con nuestras fiables opciones de traslado al aeropuerto y servicio de lanzadera.Reserva con antelaci\u00f3n tu traslado f\u00e1cilmente a trav\u00e9s de nuestro socio de confianza y disfruta:\ud83d\ude90 Transferencias privadasIdeal para parejas, familias o grupos que deseen comodidad...","protected":false},"author":14,"featured_media":0,"parent":0,"menu_order":0,"comment_status":"closed","ping_status":"closed","template":"","meta":{"_acf_changed":false,"_joinchat":[],"footnotes":""},"class_list":["post-68407","page","type-page","status-publish","hentry"],"acf":[],"_links":{"self":[{"href":"https:\/\/thetenerifechannel.com\/es\/wp-json\/wp\/v2\/pages\/68407","targetHints":{"allow":["GET"]}}],"collection":[{"href":"https:\/\/thetenerifechannel.com\/es\/wp-json\/wp\/v2\/pages"}],"about":[{"href":"https:\/\/thetenerifechannel.com\/es\/wp-json\/wp\/v2\/types\/page"}],"author":[{"embeddable":true,"href":"https:\/\/thetenerifechannel.com\/es\/wp-json\/wp\/v2\/users\/14"}],"replies":[{"embeddable":true,"href":"https:\/\/thetenerifechannel.com\/es\/wp-json\/wp\/v2\/comments?post=68407"}],"version-history":[{"count":0,"href":"https:\/\/thetenerifechannel.com\/es\/wp-json\/wp\/v2\/pages\/68407\/revisions"}],"wp:attachment":[{"href":"https:\/\/thetenerifechannel.com\/es\/wp-json\/wp\/v2\/media?parent=68407"}],"curies":[{"name":"wp","href":"https:\/\/api.w.org\/{rel}","templated":true}]}}