{"id":9340,"date":"2024-05-04T10:22:33","date_gmt":"2024-05-04T10:22:33","guid":{"rendered":"https:\/\/thetenerifechannel.com\/gracias-google-ads\/"},"modified":"2025-05-22T15:14:03","modified_gmt":"2025-05-22T15:14:03","slug":"gracias-google-ads","status":"publish","type":"page","link":"https:\/\/thetenerifechannel.com\/es\/gracias-google-ads\/","title":{"rendered":"Gracias Google Ads"},"content":{"rendered":"<section class=\"l-section wpb_row us_custom_a18b170c height_small\"><div class=\"l-section-h i-cf\"><div class=\"g-cols vc_row via_grid cols_1 laptops-cols_inherit tablets-cols_inherit mobiles-cols_1 valign_top type_default stacking_default\"><div class=\"wpb_column vc_column_container\"><div class=\"vc_column-inner\"><div class=\"g-cols wpb_row us_custom_576401bd via_grid cols_1 laptops-cols_inherit tablets-cols_inherit mobiles-cols_1 valign_top type_default stacking_default\" style=\"--columns-gap:3rem;\"><div class=\"wpb_column vc_column_container us_custom_887a049b\"><div class=\"vc_column-inner\"><div class=\"w-hwrapper us_custom_545af9fa valign_middle align_center\"><h4 class=\"w-text us_custom_2509bbe8 has_text_color\"><span class=\"w-text-h\"><span class=\"w-text-value\">The Tenerife Channel<\/span><\/span><\/h4><\/div><div class=\"w-vwrapper us_custom_806e6237 align_none valign_top\" style=\"--vwrapper-gap:0.5rem\"><h2 class=\"w-text us_custom_845f7bc5\"><span class=\"w-text-h\"><span class=\"w-text-value\">Gracias por tu reserva<\/span><\/span><\/h2><div class=\"w-text us_custom_eb849559\"><span class=\"w-text-h\"><span class=\"w-text-value\">Gracias por reservar con el Canal Tenerife. Toda la informaci\u00f3n que necesites<br \/>\nte ser\u00e1 enviada a tu correo electr\u00f3nico. (comprueba tambi\u00e9n tu carpeta de correo no deseado)<\/span><\/span><\/div><\/div><\/div><\/div><\/div><div class=\"g-cols wpb_row us_custom_703b2333 via_grid cols_2 laptops-cols_inherit tablets-cols_inherit mobiles-cols_1 valign_middle type_default stacking_default\" style=\"--columns-gap:3rem;\"><div class=\"wpb_column vc_column_container us_custom_aeb88c20 has_bg_color\"><div class=\"vc_column-inner\"><h2 class=\"w-text us_custom_d8cdcea7\"><span class=\"w-text-h\"><span class=\"w-text-value\">Consigue gratis nuestra gu\u00eda local<\/span><\/span><\/h2><div class=\"w-text us_custom_eb849559\"><span class=\"w-text-h\"><span class=\"w-text-value\">Hemos creado una gu\u00eda local gratuita para ayudarte a aprovechar al m\u00e1ximo tu estancia en Tenerife.<\/span><\/span><\/div>\n<div class=\"wpcf7 no-js\" id=\"wpcf7-f6354-o1\" lang=\"es-ES\" dir=\"ltr\" data-wpcf7-id=\"6354\">\n<div class=\"screen-reader-response\"><p role=\"status\" aria-live=\"polite\" aria-atomic=\"true\"><\/p> <ul><\/ul><\/div>\n<form action=\"\/es\/wp-json\/wp\/v2\/pages\/9340#wpcf7-f6354-o1\" method=\"post\" class=\"wpcf7-form init\" aria-label=\"Formulario de contacto\" novalidate=\"novalidate\" data-status=\"init\">\n<fieldset class=\"hidden-fields-container\"><input type=\"hidden\" name=\"_wpcf7\" value=\"6354\" \/><input type=\"hidden\" name=\"_wpcf7_version\" value=\"6.1.5\" \/><input type=\"hidden\" name=\"_wpcf7_locale\" value=\"es_ES\" \/><input type=\"hidden\" name=\"_wpcf7_unit_tag\" value=\"wpcf7-f6354-o1\" \/><input type=\"hidden\" name=\"_wpcf7_container_post\" value=\"0\" \/><input type=\"hidden\" name=\"_wpcf7_posted_data_hash\" value=\"\" \/><input type=\"hidden\" name=\"_wpcf7_recaptcha_response\" value=\"\" \/>\n<\/fieldset>\n<p><label><span class=\"wpcf7-form-control-wrap\" data-name=\"your-email\"><input size=\"40\" maxlength=\"400\" class=\"wpcf7-form-control wpcf7-email wpcf7-validates-as-required wpcf7-text wpcf7-validates-as-email\" aria-required=\"true\" aria-invalid=\"false\" placeholder=\"Direcci\u00f3n de correo electr\u00f3nico\" value=\"\" type=\"email\" name=\"your-email\" \/><\/span><\/label><br \/>\n<label><span class=\"wpcf7-form-control-wrap\" data-name=\"acceptance\"><span class=\"wpcf7-form-control wpcf7-acceptance\"><span class=\"wpcf7-list-item\"><label><input type=\"checkbox\" name=\"acceptance\" value=\"1\" aria-invalid=\"false\" \/><span class=\"wpcf7-list-item-label\">He le\u00eddo y acepto los t\u00e9rminos y condiciones del sitio web, adem\u00e1s de suscribirme a nuestro bolet\u00edn *<\/span><\/label><\/span><\/span><\/span><\/label>\n<\/p>\n<p><input class=\"wpcf7-form-control wpcf7-submit has-spinner\" type=\"submit\" value=\"Suscribir\" \/>\n<\/p>\n<p style=\"text-align:center\">No hacemos spam. Lea nuestra pol\u00edtica de privacidad para obtener m\u00e1s informaci\u00f3n.\n<\/p><div class=\"wpcf7-response-output\" aria-hidden=\"true\"><\/div>\n<\/form>\n<\/div>\n<\/div><\/div><div class=\"wpb_column vc_column_container us_custom_00bc2f38 has_bg_color\"><div class=\"vc_column-inner\"><div class=\"w-vwrapper us_custom_eff0a581 align_center valign_top\"><h4 class=\"w-text us_custom_8b3d6790 has_text_color\"><span class=\"w-text-h\"><span class=\"w-text-value\">\u00bfNecesitas un coche mientras est\u00e1s aqu\u00ed?<\/span><\/span><\/h4><div class=\"wpb_text_column us_custom_8b3d6790 has_text_color\"><div class=\"wpb_wrapper\"><p>Echa un vistazo a nuestros socios de confianza en Sanasty Car Hire Tenerife para una r\u00e1pida recogida en el aeropuerto y entrega en el hotel.<\/p>\n<\/div><\/div><div class=\"w-btn-wrapper align_none\"><a class=\"w-btn us-btn-style_1\" target=\"_blank\" href=\"https:\/\/sanasty.com\/\" rel=\"noopener\"><span class=\"w-btn-label\">Reserva tu coche<\/span><\/a><\/div><\/div><\/div><\/div><\/div><\/div><\/div><\/div><\/div><\/section>\n","protected":false},"excerpt":{"rendered":"The Tenerife ChannelGracias por tu reservaGracias por reservar con el Canal Tenerife. Toda la informaci\u00f3n que necesites te ser\u00e1 enviada a tu correo electr\u00f3nico. (comprueba tambi\u00e9n tu carpeta de correo no deseado)Consigue gratis nuestra gu\u00eda localHemos creado una gu\u00eda local gratuita para ayudarte a aprovechar al m\u00e1ximo tu estancia en Tenerife. He le\u00eddo y acepto...","protected":false},"author":14,"featured_media":0,"parent":0,"menu_order":0,"comment_status":"closed","ping_status":"closed","template":"","meta":{"_acf_changed":false,"_joinchat":[],"footnotes":""},"class_list":["post-9340","page","type-page","status-publish","hentry"],"acf":[],"_links":{"self":[{"href":"https:\/\/thetenerifechannel.com\/es\/wp-json\/wp\/v2\/pages\/9340","targetHints":{"allow":["GET"]}}],"collection":[{"href":"https:\/\/thetenerifechannel.com\/es\/wp-json\/wp\/v2\/pages"}],"about":[{"href":"https:\/\/thetenerifechannel.com\/es\/wp-json\/wp\/v2\/types\/page"}],"author":[{"embeddable":true,"href":"https:\/\/thetenerifechannel.com\/es\/wp-json\/wp\/v2\/users\/14"}],"replies":[{"embeddable":true,"href":"https:\/\/thetenerifechannel.com\/es\/wp-json\/wp\/v2\/comments?post=9340"}],"version-history":[{"count":0,"href":"https:\/\/thetenerifechannel.com\/es\/wp-json\/wp\/v2\/pages\/9340\/revisions"}],"wp:attachment":[{"href":"https:\/\/thetenerifechannel.com\/es\/wp-json\/wp\/v2\/media?parent=9340"}],"curies":[{"name":"wp","href":"https:\/\/api.w.org\/{rel}","templated":true}]}}