{"id":10046,"date":"2024-07-25T15:53:00","date_gmt":"2024-07-25T15:53:00","guid":{"rendered":"https:\/\/thetenerifechannel.com\/excursions\/sin%20categor\u00eda\/shogun-5-horas\/"},"modified":"2026-03-09T13:56:45","modified_gmt":"2026-03-09T13:56:45","slug":"shogun-5-horas","status":"publish","type":"product","link":"https:\/\/thetenerifechannel.com\/es\/excursions\/shogun-5-horas\/","title":{"rendered":"Shogun &#8211; 5 horas"},"content":{"rendered":"<p class=\"whitespace-pre-wrap break-words\"><span>Vive la experiencia a bordo de un <\/span>aut\u00e9ntico velero oriental, completamente construido en madera dura de teca<span>, para uso privado de un jeque \u00e1rabe<\/span><span>.<\/span><span><br \/>\n<\/span><span>Shogun tiene 2 niveles, 3 servicios disponibles (uno de ellos adaptado para discapacitados), un bar abierto, una gran mesa central donde se servir\u00e1 tu comida.<\/span><\/p>\n<p class=\"whitespace-pre-wrap break-words\">Esta excursi\u00f3n de 5 horas te lleva a ver calderones y delfines mulares en su h\u00e1bitat natural. Tras este asombroso encuentro con la fauna, fondearemos en la Bah\u00eda de Masca, cerca de los impresionantes acantilados de Los Gigantes. Aqu\u00ed podr\u00e1s disfrutar de un refrescante ba\u00f1o y de un sabroso almuerzo.  <\/p>\n","protected":false},"excerpt":{"rendered":"<p><span>Vive la experiencia del avistamiento de ballenas durante 5 horas a bordo de un <\/span>aut\u00e9ntico velero oriental.<br \/>\nDisfruta de una parada para nadar y de un delicioso almuerzo y visita los hermosos acantilados de Los Gigantes y Masca.<\/p>\n","protected":false},"featured_media":10021,"template":"","meta":{"_acf_changed":false,"_joinchat":[]},"product_brand":[],"product_cat":[192],"product_tag":[],"class_list":{"0":"post-10046","1":"product","2":"type-product","3":"status-publish","4":"has-post-thumbnail","6":"product_cat-avistamiento-de-ballenas-y-delfines-tenerife","7":"pa_depart-from-norte-de-la-isla","8":"pa_depart-from-sur-de-la-isla","10":"first","11":"instock","12":"virtual","13":"sold-individually","14":"purchasable","15":"product-type-booking"},"acf":[],"_links":{"self":[{"href":"https:\/\/thetenerifechannel.com\/es\/wp-json\/wp\/v2\/product\/10046","targetHints":{"allow":["GET"]}}],"collection":[{"href":"https:\/\/thetenerifechannel.com\/es\/wp-json\/wp\/v2\/product"}],"about":[{"href":"https:\/\/thetenerifechannel.com\/es\/wp-json\/wp\/v2\/types\/product"}],"wp:featuredmedia":[{"embeddable":true,"href":"https:\/\/thetenerifechannel.com\/es\/wp-json\/wp\/v2\/media\/10021"}],"wp:attachment":[{"href":"https:\/\/thetenerifechannel.com\/es\/wp-json\/wp\/v2\/media?parent=10046"}],"wp:term":[{"taxonomy":"product_brand","embeddable":true,"href":"https:\/\/thetenerifechannel.com\/es\/wp-json\/wp\/v2\/product_brand?post=10046"},{"taxonomy":"product_cat","embeddable":true,"href":"https:\/\/thetenerifechannel.com\/es\/wp-json\/wp\/v2\/product_cat?post=10046"},{"taxonomy":"product_tag","embeddable":true,"href":"https:\/\/thetenerifechannel.com\/es\/wp-json\/wp\/v2\/product_tag?post=10046"}],"curies":[{"name":"wp","href":"https:\/\/api.w.org\/{rel}","templated":true}]}}