{"id":108967,"date":"2026-02-09T11:49:55","date_gmt":"2026-02-09T11:49:55","guid":{"rendered":"https:\/\/thetenerifechannel.com\/?post_type=product&#038;p=108967"},"modified":"2026-03-18T10:26:37","modified_gmt":"2026-03-18T10:26:37","slug":"freebird-crucero-de-avistamiento-de-cetaceos-3-horas-copy-2","status":"publish","type":"product","link":"https:\/\/thetenerifechannel.com\/es\/excursions\/freebird-crucero-de-avistamiento-de-cetaceos-3-horas-copy-2\/","title":{"rendered":"Freebird Crucero de avistamiento de ballenas 2 horas"},"content":{"rendered":"<section class=\"l-section wpb_row height_huge\"><div class=\"l-section-h i-cf\"><div class=\"g-cols vc_row via_grid cols_1 laptops-cols_inherit tablets-cols_inherit mobiles-cols_1 valign_top type_default stacking_default\"><div class=\"wpb_column vc_column_container\"><div class=\"vc_column-inner\"><div class=\"wpb_text_column\"><div class=\"wpb_wrapper\"><p><strong>CRUCERO COSTA<\/strong> <span class=\"notion-enable-hover\" data-token-index=\"1\">ADEJE<\/span> <strong>DE 2 HORAS<br \/>\n<\/strong>Si buscas <span class=\"notion-enable-hover\" data-token-index=\"1\">excursiones desde Costa Adeje<\/span> (Puerto Col\u00f3n) no puedes perderte la experiencia de avistar ballenas desde un catamar\u00e1n. Puede disfrutar de un paseo en barco por Costa Adeje y, al mismo tiempo, disfrutar del placer de ver ballenas en su h\u00e1bitat natural. Mientras navega en busca de estos incre\u00edbles animales, aprender\u00e1 datos interesantes sobre las diferentes especies de vida marina que habitan las aguas de Costa Adeje. Observe c\u00f3mo los calderones, los delfines mulares comunes y los delfines moteados nadan junto al catamar\u00e1n para entablar amistad; \u00a1no olvide saludarlos! Despu\u00e9s de aprovechar al m\u00e1ximo la experiencia de avistamiento de ballenas y delfines, tendr\u00e1 la oportunidad de relajarse y disfrutar de un refrescante ba\u00f1o en el mar. El final perfecto para un m\u00e1gico viaje en barco. Al final de tu crucero en catamar\u00e1n por Costa Adeje, regresar\u00e1s a Puerto Col\u00f3n.<\/p>\n<p><strong>Incluido:<\/strong><\/p>\n<ul>\n<li>Billete de entrada electr\u00f3nico<\/li>\n<li><span>Avistar ballenas en su h\u00e1bitat natural<\/span><\/li>\n<li><span>Parada para ba\u00f1arse<\/span><\/li>\n<li>Refrescos<\/li>\n<li>Gu\u00eda de habla inglesa<\/li>\n<\/ul>\n<p>&nbsp;<\/p>\n<p><strong>No se incluye:<\/strong><\/p>\n<ul>\n<li>Transporte<\/li>\n<li>Alquiler de tumbonas: 10\u20ac por pareja.<\/li>\n<li>Comida (no se puede comprar)<\/li>\n<li>Snorkel y m\u00e1scaras.<\/li>\n<\/ul>\n<\/div><\/div><\/div><\/div><\/div><\/div><\/section>\n","protected":false},"excerpt":{"rendered":"<p>\u00a1Navega a bordo del catamar\u00e1n Freebird en una emocionante aventura de avistamiento de ballenas y delfines en Tenerife!<br data-start=\"310\" data-end=\"313\">Nuestra excursi\u00f3n de 2 horas te brinda una oportunidad \u00fanica de conectar con la naturaleza, tomar el sol y observar a estas magn\u00edficas criaturas nadar libremente en el oc\u00e9ano.<\/p>\n","protected":false},"featured_media":5485,"template":"","meta":{"_acf_changed":false,"_joinchat":[]},"product_brand":[],"product_cat":[192],"product_tag":[264],"class_list":{"0":"post-108967","1":"product","2":"type-product","3":"status-publish","4":"has-post-thumbnail","6":"product_cat-avistamiento-de-ballenas-y-delfines-tenerife","7":"product_tag-tarjetas-principales","9":"first","10":"instock","11":"virtual","12":"sold-individually","13":"purchasable","14":"product-type-booking"},"acf":[],"_links":{"self":[{"href":"https:\/\/thetenerifechannel.com\/es\/wp-json\/wp\/v2\/product\/108967","targetHints":{"allow":["GET"]}}],"collection":[{"href":"https:\/\/thetenerifechannel.com\/es\/wp-json\/wp\/v2\/product"}],"about":[{"href":"https:\/\/thetenerifechannel.com\/es\/wp-json\/wp\/v2\/types\/product"}],"wp:featuredmedia":[{"embeddable":true,"href":"https:\/\/thetenerifechannel.com\/es\/wp-json\/wp\/v2\/media\/5485"}],"wp:attachment":[{"href":"https:\/\/thetenerifechannel.com\/es\/wp-json\/wp\/v2\/media?parent=108967"}],"wp:term":[{"taxonomy":"product_brand","embeddable":true,"href":"https:\/\/thetenerifechannel.com\/es\/wp-json\/wp\/v2\/product_brand?post=108967"},{"taxonomy":"product_cat","embeddable":true,"href":"https:\/\/thetenerifechannel.com\/es\/wp-json\/wp\/v2\/product_cat?post=108967"},{"taxonomy":"product_tag","embeddable":true,"href":"https:\/\/thetenerifechannel.com\/es\/wp-json\/wp\/v2\/product_tag?post=108967"}],"curies":[{"name":"wp","href":"https:\/\/api.w.org\/{rel}","templated":true}]}}