{"id":109028,"date":"2026-02-09T13:26:42","date_gmt":"2026-02-09T13:26:42","guid":{"rendered":"https:\/\/thetenerifechannel.com\/?post_type=product&#038;p=109028"},"modified":"2026-02-09T14:12:53","modified_gmt":"2026-02-09T14:12:53","slug":"pack-safari-acuatico-copy","status":"publish","type":"product","link":"https:\/\/thetenerifechannel.com\/es\/excursions\/pack-safari-acuatico-copy\/","title":{"rendered":"Packs de deportes acu\u00e1ticos"},"content":{"rendered":"<p data-start=\"167\" data-end=\"201\">Elige entre nuestros diferentes packs de deportes acu\u00e1ticos, con Jet Ski, Parasailing o Fly Fish. Cada pack ofrece una experiencia \u00fanica: siente la adrenalina surcando las olas en una moto acu\u00e1tica, sobrevuela el oc\u00e9ano en paravelismo o surca las aguas en un Fly Fish. Disfruta de impresionantes vistas costeras, refrescantes brisas marinas y diversi\u00f3n sin fin con cada actividad. Perfecto para cualquiera que busque aventura, emoci\u00f3n y recuerdos inolvidables en el agua.   <\/p>\n<ul style=\"list-style-type: circle;\">\n<li><strong>PACK ESPECIAL DEPORTES N\u00c1UTICOS<\/strong> = 20 min Circuito Motos de Agua + 10 min Parascending + 10 min Pesca con Mosca<\/li>\n<li><strong>PAQUETE DE REFUERZO 1<\/strong> = 40 min Moto acu\u00e1tica + 10 min Parascending<\/li>\n<li><strong>PAQUETE BOOSTER 2<\/strong> = 1 hora Jet Ski + 10 min Parascending<\/li>\n<li><strong>PACK REFUERZO 3<\/strong> = 1 hora Jet Ski + 10 min Parascending + 10 min Pesca con mosca<\/li>\n<li><strong>PAQUETE SAFARI <\/strong>(s\u00f3lo disponible a las 10:00) = 2 horas Jet Ski + 10 min Parascending + 10 min Fly Fish<\/li>\n<\/ul>\n<p>&nbsp;<\/p>\n<ul>\n<li>Punto de encuentro en la playa m\u00e1s cercana a su alojamiento.<\/li>\n<li>Billete electr\u00f3nico.<\/li>\n<li>Chaleco salvavidas (obligatorio)<\/li>\n<\/ul>\n<p><strong>No se incluye:<\/strong><\/p>\n<ul>\n<li>Transporte<\/li>\n<li>Foto recuerdo<\/li>\n<\/ul>\n<p><strong>Al reservar, ponte en contacto con nosotros para comprobar la disponibilidad.<\/strong><\/p>\n<p>*Edad m\u00ednima del pasajero: 10 a\u00f1os<br \/>\n*Moto acu\u00e1tica individual: edad m\u00ednima: 16 a\u00f1os (se requiere autorizaci\u00f3n de los padres)<br \/>\n*Moto acu\u00e1tica doble: edad m\u00ednima 18 a\u00f1os<br \/>\n*Restricci\u00f3n de peso moto acu\u00e1tica doble: 150-170 kg.<\/p>\n<p>&nbsp;<\/p>\n","protected":false},"excerpt":{"rendered":"<p data-start=\"167\" data-end=\"201\">\u00a1Disfruta de nuestros Packs de Deportes Acu\u00e1ticos! \u00a1Prep\u00e1rate para un d\u00eda inolvidable en el agua!<br \/>\nElige entre diferentes duraciones para Jet Ski, Parasailing o Fly Fish, y disfruta de la emoci\u00f3n, las vistas y la diversi\u00f3n que ofrece cada actividad. Perfecto para cualquiera que busque aventura, emoci\u00f3n y recuerdos inolvidables. <\/p>\n","protected":false},"featured_media":97864,"template":"","meta":{"_acf_changed":false,"_joinchat":[]},"product_brand":[],"product_cat":[187],"product_tag":[],"class_list":{"0":"post-109028","1":"product","2":"type-product","3":"status-publish","4":"has-post-thumbnail","6":"product_cat-deportes-acuaticos-tenerife","7":"pa_depart-from-sur-de-la-isla","9":"first","10":"instock","11":"virtual","12":"sold-individually","13":"purchasable","14":"product-type-booking"},"acf":[],"_links":{"self":[{"href":"https:\/\/thetenerifechannel.com\/es\/wp-json\/wp\/v2\/product\/109028","targetHints":{"allow":["GET"]}}],"collection":[{"href":"https:\/\/thetenerifechannel.com\/es\/wp-json\/wp\/v2\/product"}],"about":[{"href":"https:\/\/thetenerifechannel.com\/es\/wp-json\/wp\/v2\/types\/product"}],"wp:featuredmedia":[{"embeddable":true,"href":"https:\/\/thetenerifechannel.com\/es\/wp-json\/wp\/v2\/media\/97864"}],"wp:attachment":[{"href":"https:\/\/thetenerifechannel.com\/es\/wp-json\/wp\/v2\/media?parent=109028"}],"wp:term":[{"taxonomy":"product_brand","embeddable":true,"href":"https:\/\/thetenerifechannel.com\/es\/wp-json\/wp\/v2\/product_brand?post=109028"},{"taxonomy":"product_cat","embeddable":true,"href":"https:\/\/thetenerifechannel.com\/es\/wp-json\/wp\/v2\/product_cat?post=109028"},{"taxonomy":"product_tag","embeddable":true,"href":"https:\/\/thetenerifechannel.com\/es\/wp-json\/wp\/v2\/product_tag?post=109028"}],"curies":[{"name":"wp","href":"https:\/\/api.w.org\/{rel}","templated":true}]}}