{"id":109330,"date":"2026-02-10T13:06:13","date_gmt":"2026-02-10T13:06:13","guid":{"rendered":"https:\/\/thetenerifechannel.com\/?post_type=product&#038;p=109330"},"modified":"2026-02-19T11:32:40","modified_gmt":"2026-02-19T11:32:40","slug":"inmersion-de-introduccion-copy","status":"publish","type":"product","link":"https:\/\/thetenerifechannel.com\/es\/excursions\/inmersion-de-introduccion-copy\/","title":{"rendered":"Esn\u00f3rquel o Bautismo de Buceo (desde Las Galletas)"},"content":{"rendered":"<section class=\"l-section wpb_row height_huge\"><div class=\"l-section-h i-cf\"><div class=\"g-cols vc_row via_grid cols_1 laptops-cols_inherit tablets-cols_inherit mobiles-cols_1 valign_top type_default stacking_default\"><div class=\"wpb_column vc_column_container\"><div class=\"vc_column-inner\"><div class=\"wpb_text_column\"><div class=\"wpb_wrapper\"><p><strong>DESCUBRE EL SUBMARINISMO<\/strong><\/p>\n<p>\u00a1Descubre un incre\u00edble mundo submarino en Tenerife a trav\u00e9s de nuestras experiencias de buceo!<br data-start=\"500\" data-end=\"503\">Sum\u00e9rgete en las aguas cristalinas de Tenerife con una inolvidable aventura de buceo para principiantes. Explora la magia del fondo marino de forma segura, guiado por nuestros apasionados instructores. Abierto a todos, no se requiere experiencia previa.<br data-start=\"725\" data-end=\"728\">Dirigido por un instructor titulado, te embarcar\u00e1s en un viaje inolvidable en uno de nuestros 30 puntos de inmersi\u00f3n, \u00a1una experiencia \u00fanica entre peces tropicales e impresionantes paisajes volc\u00e1nicos!  <\/p>\n<p data-start=\"86\" data-end=\"131\"><strong data-start=\"86\" data-end=\"129\">La experiencia de buceo para principiantes incluye<\/strong><\/p>\n<ul data-start=\"132\" data-end=\"355\">\n<li data-start=\"132\" data-end=\"212\">\n<p data-start=\"134\" data-end=\"212\">Una explicaci\u00f3n sencilla y tranquilizadora del equipo y de las habilidades b\u00e1sicas de buceo<\/p>\n<\/li>\n<li data-start=\"213\" data-end=\"263\">\n<p data-start=\"215\" data-end=\"263\">Una inmersi\u00f3n gradual hasta 6 metros (20 pies) de profundidad<\/p>\n<\/li>\n<li data-start=\"264\" data-end=\"304\">\n<p data-start=\"266\" data-end=\"304\">Orientaci\u00f3n individual a tu propio ritmo<\/p>\n<\/li>\n<li data-start=\"305\" data-end=\"332\">\n<p data-start=\"307\" data-end=\"332\">Equipo completo proporcionado<\/p>\n<\/li>\n<li data-start=\"333\" data-end=\"355\">\n<p data-start=\"335\" data-end=\"355\">Seguro de actividad<\/p>\n<\/li>\n<\/ul>\n<p data-start=\"357\" data-end=\"474\"><strong data-start=\"357\" data-end=\"376\">Duraci\u00f3n total:<\/strong> aproximadamente 2,5 horas (sesi\u00f3n informativa y entrada en el agua e inmersi\u00f3n de unos 20 minutos)<\/p>\n<p>&nbsp;<\/p>\n<p><strong>SNORKELING<\/strong><\/p>\n<p>El snorkel es una forma sencilla y divertida de descubrir las maravillas que hay bajo las aguas de Tenerife sin necesidad de tener conocimientos de buceo. Es una actividad ideal para toda la familia. Todos, j\u00f3venes y mayores, pueden explorar el mundo marino con facilidad.  <\/p>\n<p><strong>Lo que ofrecemos:<\/strong><\/p>\n<ul>\n<li>Salida en barco<\/li>\n<li>Gu\u00edas especializados disponibles por un suplemento<\/li>\n<li>Observaci\u00f3n de peces tropicales, tortugas, rayas y otras especies marinas<\/li>\n<li>Equipo proporcionado: m\u00e1scara, tubo, aletas y traje de neopreno corto<\/li>\n<li>Supervisi\u00f3n en un entorno relajado y seguro<\/li>\n<li>Salidas en grupos reducidos para una experiencia m\u00e1s amistosa y personal<\/li>\n<\/ul>\n<p><strong>Duraci\u00f3n:<\/strong> 2 &#8211; 2,5 horas (sesi\u00f3n informativa y exploraci\u00f3n)<\/p>\n<p><strong>\u00bfQui\u00e9n puede apuntarse?<\/strong><br \/>\nTodo el mundo puede participar, tanto si eres principiante como si tienes experiencia. No necesitas ser un nadador perfecto, s\u00f3lo sentirte c\u00f3modo en el agua. A quienes lo deseen, les proporcionamos chalecos de flotaci\u00f3n para garantizar una experiencia segura y c\u00f3moda.  <\/p>\n<p>&nbsp;<\/p>\n<p><strong>NO<\/strong> <strong>INCLUIDO:<\/strong><\/p>\n<ul>\n<li>Transporte<\/li>\n<li>Fotos de la manada<\/li>\n<\/ul>\n<p><span>Edad m\u00ednima: 6 a\u00f1os (con autorizaci\u00f3n del tutor) (para la actividad DESCUBRE EL BUCEO)<\/span><\/p>\n<p><span>No tengas problemas respiratorios, card\u00edacos o de o\u00eddo.  <\/span><\/p>\n<p>No estar embarazada.<\/p>\n<p><span>No cojas un avi\u00f3n ni hagas ning\u00fan tipo de actividad en altura (parapente, paracaidismo, ir al Teide) en las pr\u00f3ximas 12 horas (para la actividad de submarinismo).<\/span><\/p>\n<\/div><\/div><\/div><\/div><\/div><\/div><\/section>\n","protected":false},"excerpt":{"rendered":"<p>\u00a1Sum\u00e9rgete en la aventura! \u00a1Experimenta el vibrante mundo submarino con nuestras excursiones de snorkel y submarinismo!<br \/>\nTanto si haces snorkel como submarinismo, experimenta tu primera inmersi\u00f3n bajo el agua en un entorno agradable, acogedor y 100% seguro. Tanto si vas solo, en pareja, en familia o con amigos, nosotros nos ocupamos de todo para que t\u00fa s\u00f3lo tengas que relajarte y disfrutar del momento. <\/p>\n","protected":false},"featured_media":109335,"template":"","meta":{"_acf_changed":false,"_joinchat":[]},"product_brand":[],"product_cat":[187],"product_tag":[],"class_list":{"0":"post-109330","1":"product","2":"type-product","3":"status-publish","4":"has-post-thumbnail","6":"product_cat-deportes-acuaticos-tenerife","8":"first","9":"instock","10":"virtual","11":"sold-individually","12":"purchasable","13":"product-type-booking"},"acf":[],"_links":{"self":[{"href":"https:\/\/thetenerifechannel.com\/es\/wp-json\/wp\/v2\/product\/109330","targetHints":{"allow":["GET"]}}],"collection":[{"href":"https:\/\/thetenerifechannel.com\/es\/wp-json\/wp\/v2\/product"}],"about":[{"href":"https:\/\/thetenerifechannel.com\/es\/wp-json\/wp\/v2\/types\/product"}],"wp:featuredmedia":[{"embeddable":true,"href":"https:\/\/thetenerifechannel.com\/es\/wp-json\/wp\/v2\/media\/109335"}],"wp:attachment":[{"href":"https:\/\/thetenerifechannel.com\/es\/wp-json\/wp\/v2\/media?parent=109330"}],"wp:term":[{"taxonomy":"product_brand","embeddable":true,"href":"https:\/\/thetenerifechannel.com\/es\/wp-json\/wp\/v2\/product_brand?post=109330"},{"taxonomy":"product_cat","embeddable":true,"href":"https:\/\/thetenerifechannel.com\/es\/wp-json\/wp\/v2\/product_cat?post=109330"},{"taxonomy":"product_tag","embeddable":true,"href":"https:\/\/thetenerifechannel.com\/es\/wp-json\/wp\/v2\/product_tag?post=109330"}],"curies":[{"name":"wp","href":"https:\/\/api.w.org\/{rel}","templated":true}]}}