{"id":110213,"date":"2026-02-14T14:44:06","date_gmt":"2026-02-14T14:44:06","guid":{"rendered":"https:\/\/thetenerifechannel.com\/?post_type=product&#038;p=110213"},"modified":"2026-04-17T11:14:14","modified_gmt":"2026-04-17T11:14:14","slug":"vuelta-a-la-isla-candelaria-la-orotava-garachico-masca-desde-el-sur-copy-2","status":"publish","type":"product","link":"https:\/\/thetenerifechannel.com\/es\/excursions\/vuelta-a-la-isla-candelaria-la-orotava-garachico-masca-desde-el-sur-copy-2\/","title":{"rendered":"Sabores y Vinos (del sur)"},"content":{"rendered":"<section class=\"l-section wpb_row height_huge\"><div class=\"l-section-h i-cf\"><div class=\"g-cols vc_row via_grid cols_1 laptops-cols_inherit tablets-cols_inherit mobiles-cols_1 valign_top type_default stacking_default\"><div class=\"wpb_column vc_column_container\"><div class=\"vc_column-inner\"><div class=\"wpb_text_column\"><div class=\"wpb_wrapper\"><div class=\"flex-shrink-0 flex flex-col relative items-end\">\n<div class=\"pt-0.5\">\n<div class=\"gizmo-shadow-stroke flex h-6 w-6 items-center justify-center overflow-hidden rounded-full\">\n<p data-pm-slice=\"1 1 &#091;&#093;\">Sabores y Vinos de Tenerife: Un Viaje para los Sentidos<\/p>\n<p>Descubre los aut\u00e9nticos sabores y renombrados vinos del sur de Tenerife en esta excursi\u00f3n de medio d\u00eda. Visita la Finca Las Margaritas para conocer el cultivo tradicional del pl\u00e1tano y degustar productos locales como el gofio, la miel de palma y las frutas tropicales. Disfruta de las impresionantes vistas de las monta\u00f1as de camino a la Bodega Lagar de Chasna, donde una cata de vinos se marida con la mejor gastronom\u00eda canaria. Regresa a tu alojamiento con tiempo para seguir disfrutando del d\u00eda.   <\/p>\n<\/div>\n<\/div>\n<\/div>\n<div class=\"relative flex w-full flex-col lg:w-&#091;calc(100%-115px)&#093; agent-turn\">\n<div class=\"flex-col gap-1 md:gap-3\">\n<div class=\"flex flex-grow flex-col max-w-full\">\n<div class=\"min-h-&#091;20px&#093; text-message flex flex-col items-start gap-3 whitespace-pre-wrap break-words &#091;.text-message+&amp;&#093;:mt-5 overflow-x-auto\" data-message-author-role=\"assistant\" data-message-id=\"1b594d4d-875f-4ede-8698-e67da448c8b8\">\n<p>Duraci\u00f3n: aproximadamente 4-5 horas.<\/p>\n<p><strong>Especifica cualquier intolerancia, alergia o preferencia diet\u00e9tica, como men\u00fa vegetariano\/vegano, al hacer la reserva.<\/strong><\/p>\n<p><strong>Incluido:<\/strong><\/p>\n<\/div>\n<\/div>\n<\/div>\n<\/div>\n<ul>\n<li>Autob\u00fas con aire acondicionado<\/li>\n<li>Gu\u00eda oficial<\/li>\n<li><span>Visita a una plantaci\u00f3n de pl\u00e1tanos, visita a una bodega, degustaci\u00f3n de productos y vinos canarios<\/span><\/li>\n<\/ul>\n<p><strong>No se incluye:<\/strong><\/p>\n<ul>\n<li>Almuerzo<\/li>\n<\/ul>\n<\/div><\/div><\/div><\/div><\/div><\/div><\/section>\n","protected":false},"excerpt":{"rendered":"<p data-pm-slice=\"1 1 []\">Experimenta los aut\u00e9nticos sabores y vinos del sur de Tenerife en un viaje panor\u00e1mico por la cultura local, la gastronom\u00eda y los impresionantes paisajes.<\/p>\n","protected":false},"featured_media":110247,"template":"","meta":{"_acf_changed":false,"_joinchat":[]},"product_brand":[],"product_cat":[272,184,212],"product_tag":[366,395,397],"class_list":{"0":"post-110213","1":"product","2":"type-product","3":"status-publish","4":"has-post-thumbnail","6":"product_cat-aventura-en-la-naturaleza","7":"product_cat-vuelta-a-la-isla-autobus-tenerife","8":"product_cat-sin-categorizar","9":"product_tag-a-grupo-parejas","10":"product_tag-a-vibe-explora","11":"product_tag-a-vibe-romance","12":"pa_depart-from-sur-de-la-isla","14":"first","15":"instock","16":"virtual","17":"sold-individually","18":"purchasable","19":"product-type-booking"},"acf":[],"_links":{"self":[{"href":"https:\/\/thetenerifechannel.com\/es\/wp-json\/wp\/v2\/product\/110213","targetHints":{"allow":["GET"]}}],"collection":[{"href":"https:\/\/thetenerifechannel.com\/es\/wp-json\/wp\/v2\/product"}],"about":[{"href":"https:\/\/thetenerifechannel.com\/es\/wp-json\/wp\/v2\/types\/product"}],"wp:featuredmedia":[{"embeddable":true,"href":"https:\/\/thetenerifechannel.com\/es\/wp-json\/wp\/v2\/media\/110247"}],"wp:attachment":[{"href":"https:\/\/thetenerifechannel.com\/es\/wp-json\/wp\/v2\/media?parent=110213"}],"wp:term":[{"taxonomy":"product_brand","embeddable":true,"href":"https:\/\/thetenerifechannel.com\/es\/wp-json\/wp\/v2\/product_brand?post=110213"},{"taxonomy":"product_cat","embeddable":true,"href":"https:\/\/thetenerifechannel.com\/es\/wp-json\/wp\/v2\/product_cat?post=110213"},{"taxonomy":"product_tag","embeddable":true,"href":"https:\/\/thetenerifechannel.com\/es\/wp-json\/wp\/v2\/product_tag?post=110213"}],"curies":[{"name":"wp","href":"https:\/\/api.w.org\/{rel}","templated":true}]}}