{"id":111569,"date":"2026-02-19T12:25:35","date_gmt":"2026-02-19T12:25:35","guid":{"rendered":"https:\/\/thetenerifechannel.com\/?post_type=product&#038;p=111569"},"modified":"2026-03-26T17:12:44","modified_gmt":"2026-03-26T17:12:44","slug":"opera-60-tour-en-lancha-rapida-lujo-de-3-horas-copy","status":"publish","type":"product","link":"https:\/\/thetenerifechannel.com\/es\/excursions\/opera-60-tour-en-lancha-rapida-lujo-de-3-horas-copy\/","title":{"rendered":"Cool Sailing Boat &#8211; Velero"},"content":{"rendered":"<section class=\"l-section wpb_row height_huge\"><div class=\"l-section-h i-cf\"><div class=\"g-cols vc_row via_grid cols_1 laptops-cols_inherit tablets-cols_inherit mobiles-cols_1 valign_top type_default stacking_default\"><div class=\"wpb_column vc_column_container\"><div class=\"vc_column-inner\"><div class=\"wpb_text_column\"><div class=\"wpb_wrapper\"><p data-pm-slice=\"1 1 &#091;&#093;\">Zarpa de Puerto Col\u00f3n, Costa Adeje, a bordo del barco Cool Sailing para una aventura inolvidable de 3 horas con un grupo reducido de hasta 11 invitados. Disfruta de bebidas y sabrosos bocadillos mientras te relajas en cubierta.<\/p>\n<p>Avista ballenas y delfines durante la parte principal de la excursi\u00f3n, y sum\u00e9rgete en aguas cristalinas para darte un refrescante ba\u00f1o con el equipo de snorkel que te proporcionamos. \u00a1Una mezcla perfecta de aventura, diversi\u00f3n y relajaci\u00f3n en la hermosa costa de Tenerife!<\/p>\n<p>&nbsp;<\/p>\n<p><strong>INCLUIDO:<\/strong><\/p>\n<ul>\n<li>Grupo reducido: hasta 11 pasajeros.<\/li>\n<li>Bocadillos y bebidas incluidas (agua, fanta lim\u00f3n y naranja, cola, vino blanco y cerveza).<\/li>\n<li>Parada para nadar.<\/li>\n<li>Equipo de snorkel.<\/li>\n<\/ul>\n<p><strong>NO INCLUIDO:<br \/>\n<\/strong><\/p>\n<ul>\n<li>Toallas<\/li>\n<li>Transporte<\/li>\n<\/ul>\n<\/div><\/div><\/div><\/div><\/div><\/div><\/section>\n","protected":false},"excerpt":{"rendered":"<p>\u00danete a un exclusivo crucero de 3 horas para s\u00f3lo 11 invitados: \u00a1avisa ballenas y delfines, date un refrescante ba\u00f1o y crea recuerdos inolvidables en alta mar!<\/p>\n","protected":false},"featured_media":111723,"template":"","meta":{"_acf_changed":false,"_joinchat":[]},"product_brand":[],"product_cat":[192,231],"product_tag":[264],"class_list":{"0":"post-111569","1":"product","2":"type-product","3":"status-publish","4":"has-post-thumbnail","6":"product_cat-avistamiento-de-ballenas-y-delfines-tenerife","7":"product_cat-charters-privados-tenerife","8":"product_tag-tarjetas-principales","9":"pa_depart-from-sur-de-la-isla","11":"first","12":"instock","13":"virtual","14":"sold-individually","15":"purchasable","16":"product-type-booking"},"acf":[],"_links":{"self":[{"href":"https:\/\/thetenerifechannel.com\/es\/wp-json\/wp\/v2\/product\/111569","targetHints":{"allow":["GET"]}}],"collection":[{"href":"https:\/\/thetenerifechannel.com\/es\/wp-json\/wp\/v2\/product"}],"about":[{"href":"https:\/\/thetenerifechannel.com\/es\/wp-json\/wp\/v2\/types\/product"}],"wp:featuredmedia":[{"embeddable":true,"href":"https:\/\/thetenerifechannel.com\/es\/wp-json\/wp\/v2\/media\/111723"}],"wp:attachment":[{"href":"https:\/\/thetenerifechannel.com\/es\/wp-json\/wp\/v2\/media?parent=111569"}],"wp:term":[{"taxonomy":"product_brand","embeddable":true,"href":"https:\/\/thetenerifechannel.com\/es\/wp-json\/wp\/v2\/product_brand?post=111569"},{"taxonomy":"product_cat","embeddable":true,"href":"https:\/\/thetenerifechannel.com\/es\/wp-json\/wp\/v2\/product_cat?post=111569"},{"taxonomy":"product_tag","embeddable":true,"href":"https:\/\/thetenerifechannel.com\/es\/wp-json\/wp\/v2\/product_tag?post=111569"}],"curies":[{"name":"wp","href":"https:\/\/api.w.org\/{rel}","templated":true}]}}