{"id":111606,"date":"2026-02-19T13:09:42","date_gmt":"2026-02-19T13:09:42","guid":{"rendered":"https:\/\/thetenerifechannel.com\/?post_type=product&#038;p=111606"},"modified":"2026-03-26T17:09:48","modified_gmt":"2026-03-26T17:09:48","slug":"velero-guay-copy","status":"publish","type":"product","link":"https:\/\/thetenerifechannel.com\/es\/excursions\/velero-guay-copy\/","title":{"rendered":"Barco White Dreams (barco a motor)"},"content":{"rendered":"<section class=\"l-section wpb_row height_huge\"><div class=\"l-section-h i-cf\"><div class=\"g-cols vc_row via_grid cols_1 laptops-cols_inherit tablets-cols_inherit mobiles-cols_1 valign_top type_default stacking_default\"><div class=\"wpb_column vc_column_container\"><div class=\"vc_column-inner\"><div class=\"wpb_text_column\"><div class=\"wpb_wrapper\"><p data-start=\"96\" data-end=\"348\">Sube a bordo de la lancha motora Sue\u00f1o Blanco en Puerto Col\u00f3n, Costa Adeje, para vivir una inolvidable aventura de 3 horas con un peque\u00f1o grupo de hasta 12 invitados. Rel\u00e1jate en cubierta con refrescantes bebidas y deliciosa comida mientras navegas por la impresionante costa de Tenerife.<\/p>\n<p data-start=\"350\" data-end=\"553\">Durante la parte principal del viaje, observa ballenas y delfines, y date un chapuz\u00f3n en aguas cristalinas con el equipo de snorkel que te proporcionamos. \u00a1La mezcla perfecta de emoci\u00f3n, diversi\u00f3n y relajaci\u00f3n en el mar!<\/p>\n<p>&nbsp;<\/p>\n<p><strong>INCLUIDO:<\/strong><\/p>\n<ul>\n<li>Grupo reducido: hasta 12 pasajeros.<\/li>\n<li>Bebidas <em>(agua, fanta lim\u00f3n y naranja, cola, cola zero, sprite, vino blanco, cerveza y cava)<\/em> y comida incluidas <em>(tapas &#8211; pizza, tortilla espa\u00f1ola, queso, jam\u00f3n serrano, lomo embuchado, salchich\u00f3n, chorizo; tambi\u00e9n fruta, bocadillos y pan)<\/em>.<\/li>\n<li>Parada para nadar.<\/li>\n<li>Equipo de snorkel.<\/li>\n<\/ul>\n<p><strong>NO INCLUIDO:<br \/>\n<\/strong><\/p>\n<ul>\n<li>Toallas<\/li>\n<li>Transporte<\/li>\n<\/ul>\n<\/div><\/div><\/div><\/div><\/div><\/div><\/section>\n","protected":false},"excerpt":{"rendered":"<p data-pm-slice=\"1 1 []\">\u00a1Emb\u00e1rcate en un inolvidable crucero de 3 horas para s\u00f3lo 12 invitados! Observa ballenas y delfines, sum\u00e9rgete en aguas cristalinas y crea recuerdos que durar\u00e1n toda la vida.<\/p>\n","protected":false},"featured_media":111765,"template":"","meta":{"_acf_changed":false,"_joinchat":[]},"product_brand":[],"product_cat":[192,231],"product_tag":[264],"class_list":{"0":"post-111606","1":"product","2":"type-product","3":"status-publish","4":"has-post-thumbnail","6":"product_cat-avistamiento-de-ballenas-y-delfines-tenerife","7":"product_cat-charters-privados-tenerife","8":"product_tag-tarjetas-principales","9":"pa_depart-from-sur-de-la-isla","11":"first","12":"instock","13":"virtual","14":"sold-individually","15":"purchasable","16":"product-type-booking"},"acf":[],"_links":{"self":[{"href":"https:\/\/thetenerifechannel.com\/es\/wp-json\/wp\/v2\/product\/111606","targetHints":{"allow":["GET"]}}],"collection":[{"href":"https:\/\/thetenerifechannel.com\/es\/wp-json\/wp\/v2\/product"}],"about":[{"href":"https:\/\/thetenerifechannel.com\/es\/wp-json\/wp\/v2\/types\/product"}],"wp:featuredmedia":[{"embeddable":true,"href":"https:\/\/thetenerifechannel.com\/es\/wp-json\/wp\/v2\/media\/111765"}],"wp:attachment":[{"href":"https:\/\/thetenerifechannel.com\/es\/wp-json\/wp\/v2\/media?parent=111606"}],"wp:term":[{"taxonomy":"product_brand","embeddable":true,"href":"https:\/\/thetenerifechannel.com\/es\/wp-json\/wp\/v2\/product_brand?post=111606"},{"taxonomy":"product_cat","embeddable":true,"href":"https:\/\/thetenerifechannel.com\/es\/wp-json\/wp\/v2\/product_cat?post=111606"},{"taxonomy":"product_tag","embeddable":true,"href":"https:\/\/thetenerifechannel.com\/es\/wp-json\/wp\/v2\/product_tag?post=111606"}],"curies":[{"name":"wp","href":"https:\/\/api.w.org\/{rel}","templated":true}]}}