{"id":115125,"date":"2026-03-11T11:41:28","date_gmt":"2026-03-11T11:41:28","guid":{"rendered":"https:\/\/thetenerifechannel.com\/?post_type=product&#038;p=115125"},"modified":"2026-04-09T05:22:04","modified_gmt":"2026-04-09T05:22:04","slug":"fiat-500-offshore-copy","status":"publish","type":"product","link":"https:\/\/thetenerifechannel.com\/es\/excursions\/fiat-500-offshore-copy\/","title":{"rendered":"Karts Oce\u00e1nicos"},"content":{"rendered":"<p data-start=\"145\" data-end=\"300\">Vive la aventura acu\u00e1tica definitiva en Tenerife!<br data-start=\"129\" data-end=\"132\">Toma el tim\u00f3n de tu propio Aqua Race Kart, una emocionante lancha motora para una sola persona con aceleraci\u00f3n por pedal de gas, un asiento tipo cubo de competici\u00f3n y un volante inspirado en la F\u00f3rmula 1.<br data-start=\"318\" data-end=\"321\" data-is-only-node=\"\">Elige 20, 30 \u00f3 40 minutos de emoci\u00f3n mientras te deslizas libremente sobre las olas con una estabilidad y un rendimiento inigualables.<\/p>\n<p data-start=\"145\" data-end=\"300\">\u00a1Reserva ahora y disfruta de la libertad, la adrenalina y la diversi\u00f3n de esta experiencia \u00fanica en karts oce\u00e1nicos!<\/p>\n<p data-start=\"145\" data-end=\"300\"><span class=\"x19la9d6 x1fc57z9 x6ikm8r x10wlt62 x19co3pv x11tp94h xfibh0p xiy17q3 x1xsqp64 x1lkfr7t xexx8yu xyri2b x18d9i69 x1c1uobl\"><span class=\"xrtxmta x1bhl96m\">\ud83d\udccd<\/span><\/span>Punto de encuentro: Amarilla Golf<\/p>\n<ul>\n<li>Una persona por kart,<\/li>\n<li>Conductor: m\u00ednimo 16 a\u00f1os,<\/li>\n<li>Peso m\u00e1ximo: 90 kg,<\/li>\n<li>Fotos incluidas en PLATA, Fotos y V\u00eddeos incluidos en ORO.<\/li>\n<\/ul>\n","protected":false},"excerpt":{"rendered":"<p>Toma el tim\u00f3n de tu propio Aqua Race Kart en Tenerife y disfruta de 20 a 40 minutos de pura adrenalina, libertad y diversi\u00f3n sobre las olas.<\/p>\n","protected":false},"featured_media":115154,"template":"","meta":{"_acf_changed":false,"_joinchat":[]},"product_brand":[],"product_cat":[187],"product_tag":[368,366,369,370,371,367],"class_list":{"0":"post-115125","1":"product","2":"type-product","3":"status-publish","4":"has-post-thumbnail","6":"product_cat-deportes-acuaticos-tenerife","7":"product_tag-a-grupo-amigos","8":"product_tag-a-grupo-parejas","9":"product_tag-a-grupo-solo","10":"product_tag-a-vibe-aventura","11":"product_tag-a-vibe-barcos-2","12":"product_tag-grupo-a-familias","14":"first","15":"instock","16":"sold-individually","17":"shipping-taxable","18":"purchasable","19":"product-type-booking"},"acf":[],"_links":{"self":[{"href":"https:\/\/thetenerifechannel.com\/es\/wp-json\/wp\/v2\/product\/115125","targetHints":{"allow":["GET"]}}],"collection":[{"href":"https:\/\/thetenerifechannel.com\/es\/wp-json\/wp\/v2\/product"}],"about":[{"href":"https:\/\/thetenerifechannel.com\/es\/wp-json\/wp\/v2\/types\/product"}],"wp:featuredmedia":[{"embeddable":true,"href":"https:\/\/thetenerifechannel.com\/es\/wp-json\/wp\/v2\/media\/115154"}],"wp:attachment":[{"href":"https:\/\/thetenerifechannel.com\/es\/wp-json\/wp\/v2\/media?parent=115125"}],"wp:term":[{"taxonomy":"product_brand","embeddable":true,"href":"https:\/\/thetenerifechannel.com\/es\/wp-json\/wp\/v2\/product_brand?post=115125"},{"taxonomy":"product_cat","embeddable":true,"href":"https:\/\/thetenerifechannel.com\/es\/wp-json\/wp\/v2\/product_cat?post=115125"},{"taxonomy":"product_tag","embeddable":true,"href":"https:\/\/thetenerifechannel.com\/es\/wp-json\/wp\/v2\/product_tag?post=115125"}],"curies":[{"name":"wp","href":"https:\/\/api.w.org\/{rel}","templated":true}]}}