{"id":121001,"date":"2026-04-09T10:15:28","date_gmt":"2026-04-09T10:15:28","guid":{"rendered":"https:\/\/thetenerifechannel.com\/?post_type=product&#038;p=121001"},"modified":"2026-04-10T09:36:42","modified_gmt":"2026-04-10T09:36:42","slug":"royal-delfin-crucero-de-2-horas-por-el-atlantico-copy-2","status":"publish","type":"product","link":"https:\/\/thetenerifechannel.com\/es\/excursions\/royal-delfin-crucero-de-2-horas-por-el-atlantico-copy-2\/","title":{"rendered":"Submarino Visi\u00f3n"},"content":{"rendered":"<section class=\"l-section wpb_row height_huge\"><div class=\"l-section-h i-cf\"><div class=\"g-cols vc_row via_grid cols_1 laptops-cols_inherit tablets-cols_inherit mobiles-cols_1 valign_top type_default stacking_default\"><div class=\"wpb_column vc_column_container\"><div class=\"vc_column-inner\"><div class=\"wpb_text_column\"><div class=\"wpb_wrapper\"><p>Disfruta de una experiencia marina tranquila y respetuosa de 2 horas en un catamar\u00e1n grande y estable con el submarino Vision, con licencia completa, en Los Cristianos. Con m\u00e1s de 40 a\u00f1os de experiencia, garantizamos un enfoque sin persecuciones, priorizando el bienestar de la vida marina y asegurando al mismo tiempo un viaje seguro y tranquilo. Esta excursi\u00f3n sale del puerto de Los Cristianos.  <\/p>\n<p data-start=\"76\" data-end=\"133\"><strong data-start=\"76\" data-end=\"131\">VISION SUBMARINE &#8211; Avistamiento \u00e9tico de ballenas y delfines<\/strong><\/p>\n<p data-start=\"135\" data-end=\"393\">Nuestras excursiones dan prioridad al bienestar de la vida marina por encima de todo. A diferencia de muchos operadores que afirman que &#8220;no persiguen&#8221; a los animales pero los estresan, nosotros respetamos de verdad a las ballenas y los delfines: nunca los perseguimos, encajonamos ni presionamos, y los observamos en sus propios t\u00e9rminos. <\/p>\n<p data-start=\"395\" data-end=\"686\">Con m\u00e1s de 40 a\u00f1os de experiencia, un gran catamar\u00e1n estable y el submarino Vision con licencia completa en Los Cristianos, ofrecemos una experiencia de vida salvaje tranquila y responsable de 2 horas. Colaboramos con organizaciones como la Fundaci\u00f3n Capit\u00e1n Paul Watson del Reino Unido para garantizar la conservaci\u00f3n por encima del beneficio. <\/p>\n<p data-start=\"688\" data-end=\"866\">El turismo responsable significa poner a los animales en primer lugar, aceptar los l\u00edmites, educar honestamente y actuar con coherencia. Para nosotros, la fauna salvaje no es un producto: es un privilegio ser testigo. <\/p>\n<p><strong style=\"letter-spacing: 0em;\">Incluido:<\/strong><\/p>\n<ul style=\"list-style-type: disc;\">\n<li>Billete electr\u00f3nico.<\/li>\n<li><span>Catamar\u00e1n submarino Vision, que ofrece estabilidad.<\/span><\/li>\n<li><span>Catamar\u00e1n muy estable con un sal\u00f3n interior para poder resguardarse completamente del sol o del viento.<\/span><\/li>\n<li>Gu\u00edas especializados a bordo.<\/li>\n<li><span>Una estricta pol\u00edtica de no persecuci\u00f3n Safari, anteponiendo siempre la vida marina.<\/span><\/li>\n<li><span>Permisos legales para la observaci\u00f3n de ballenas \u00faltimo equipo de seguridad a bordo<\/span><\/li>\n<\/ul>\n<p><strong>No se incluye:<\/strong><\/p>\n<ul>\n<li><span>Las excursiones de 2 horas respetando debidamente a las ballenas y delfines no tienen tiempo para parar a nadar por eso no lo ofrecemos, hay que darles tiempo para que decidan si quieren acercarse o no<\/span><\/li>\n<li><span>Bebidas y aperitivos<\/span><\/li>\n<\/ul>\n<\/div><\/div><\/div><\/div><\/div><\/div><\/section>\n","protected":false},"excerpt":{"rendered":"<p><span>Vision Submarine 100% Sin Pers<\/span>ecuci\u00f3n<span>, Excursiones<\/span>Respetuosas <span>Garantizadas.<br \/>\n<\/span>Observa ballenas y delfines de la forma correcta en Tenerife en una excursi\u00f3n de 2 horas: el safari original sin persecuci\u00f3n y respetuoso que da prioridad a la vida marina, en un submarino Vision grande y estable, con un verdadero compromiso con la protecci\u00f3n de la vida marina.<\/p>\n","protected":false},"featured_media":121012,"template":"","meta":{"_acf_changed":false,"_joinchat":[]},"product_brand":[],"product_cat":[192],"product_tag":[],"class_list":{"0":"post-121001","1":"product","2":"type-product","3":"status-publish","4":"has-post-thumbnail","6":"product_cat-avistamiento-de-ballenas-y-delfines-tenerife","7":"pa_depart-from-sur-de-la-isla","9":"first","10":"instock","11":"virtual","12":"sold-individually","13":"purchasable","14":"product-type-booking"},"acf":[],"_links":{"self":[{"href":"https:\/\/thetenerifechannel.com\/es\/wp-json\/wp\/v2\/product\/121001","targetHints":{"allow":["GET"]}}],"collection":[{"href":"https:\/\/thetenerifechannel.com\/es\/wp-json\/wp\/v2\/product"}],"about":[{"href":"https:\/\/thetenerifechannel.com\/es\/wp-json\/wp\/v2\/types\/product"}],"wp:featuredmedia":[{"embeddable":true,"href":"https:\/\/thetenerifechannel.com\/es\/wp-json\/wp\/v2\/media\/121012"}],"wp:attachment":[{"href":"https:\/\/thetenerifechannel.com\/es\/wp-json\/wp\/v2\/media?parent=121001"}],"wp:term":[{"taxonomy":"product_brand","embeddable":true,"href":"https:\/\/thetenerifechannel.com\/es\/wp-json\/wp\/v2\/product_brand?post=121001"},{"taxonomy":"product_cat","embeddable":true,"href":"https:\/\/thetenerifechannel.com\/es\/wp-json\/wp\/v2\/product_cat?post=121001"},{"taxonomy":"product_tag","embeddable":true,"href":"https:\/\/thetenerifechannel.com\/es\/wp-json\/wp\/v2\/product_tag?post=121001"}],"curies":[{"name":"wp","href":"https:\/\/api.w.org\/{rel}","templated":true}]}}